{"id":6701,"date":"2024-08-27T08:48:32","date_gmt":"2024-08-27T11:48:32","guid":{"rendered":"https:\/\/hotelilhabranca.com\/?page_id=6701"},"modified":"2025-08-06T10:53:39","modified_gmt":"2025-08-06T13:53:39","slug":"guia-de-viagem","status":"publish","type":"page","link":"https:\/\/hotelilhabranca.com\/es\/guia-de-viagem\/","title":{"rendered":"Gu\u00eda de viaje"},"content":{"rendered":"<style>.elementor-6701 .elementor-element.elementor-element-8a73e77{margin-top:30px;margin-bottom:0px;}.elementor-6701 .elementor-element.elementor-element-7b1d472:not(.elementor-motion-effects-element-type-background) > .elementor-widget-wrap, .elementor-6701 .elementor-element.elementor-element-7b1d472 > .elementor-widget-wrap > .elementor-motion-effects-container > .elementor-motion-effects-layer{background-color:var( --e-global-color-primary );}.elementor-6701 .elementor-element.elementor-element-7b1d472 > .elementor-element-populated, .elementor-6701 .elementor-element.elementor-element-7b1d472 > .elementor-element-populated > .elementor-background-overlay, .elementor-6701 .elementor-element.elementor-element-7b1d472 > .elementor-background-slideshow{border-radius:0px 0px 0px 0px;}.elementor-6701 .elementor-element.elementor-element-7b1d472 > .elementor-element-populated{transition:background 0.3s, border 0.3s, border-radius 0.3s, box-shadow 0.3s;}.elementor-6701 .elementor-element.elementor-element-7b1d472 > .elementor-element-populated > .elementor-background-overlay{transition:background 0.3s, border-radius 0.3s, opacity 0.3s;}.elementor-6701 .elementor-element.elementor-element-5b4eb75{text-align:center;}.elementor-6701 .elementor-element.elementor-element-5b4eb75 .elementor-heading-title{font-size:30px;font-weight:800;color:var( --e-global-color-accent );}.elementor-6701 .elementor-element.elementor-element-fbea8ef{margin-top:0px;margin-bottom:0px;padding:0px 0px 0px 0px;}.elementor-6701 .elementor-element.elementor-element-e5957b8 > .elementor-element-populated{margin:0px 0px 0px 0px;--e-column-margin-right:0px;--e-column-margin-left:0px;padding:0px 0px 0px 0px;}.elementor-6701 .elementor-element.elementor-element-ed3565c > .elementor-container{min-height:289px;}.elementor-6701 .elementor-element.elementor-element-ed3565c{margin-top:0px;margin-bottom:0px;padding:0px 0px 0px 0px;}.elementor-6701 .elementor-element.elementor-element-9a8be92:not(.elementor-motion-effects-element-type-background) > .elementor-widget-wrap, .elementor-6701 .elementor-element.elementor-element-9a8be92 > .elementor-widget-wrap > .elementor-motion-effects-container > .elementor-motion-effects-layer{background-image:url(\"https:\/\/hotelilhabranca.com\/wp-content\/uploads\/2023\/10\/Hotel-Ilha-Braca-Inn-Armacao-Dos-Buzios.webp\");background-position:bottom center;}.elementor-6701 .elementor-element.elementor-element-9a8be92 > .elementor-element-populated{transition:background 0.3s, border 0.3s, border-radius 0.3s, box-shadow 0.3s;margin:0px 0px 0px 0px;--e-column-margin-right:0px;--e-column-margin-left:0px;padding:0px 0px 0px 0px;}.elementor-6701 .elementor-element.elementor-element-9a8be92 > .elementor-element-populated > .elementor-background-overlay{transition:background 0.3s, border-radius 0.3s, opacity 0.3s;}.elementor-6701 .elementor-element.elementor-element-07cbb7f{--display:flex;--flex-direction:column;--container-widget-width:100%;--container-widget-height:initial;--container-widget-flex-grow:0;--container-widget-align-self:initial;--flex-wrap-mobile:wrap;}.elementor-6701 .elementor-element.elementor-element-27e808b{--grid-row-gap:35px;--grid-column-gap:30px;}.elementor-6701 .elementor-element.elementor-element-27e808b .elementor-posts-container .elementor-post__thumbnail{padding-bottom:calc( 0.66 * 100% );}.elementor-6701 .elementor-element.elementor-element-27e808b:after{content:\"0.66\";}.elementor-6701 .elementor-element.elementor-element-27e808b .elementor-post__thumbnail__link{width:100%;}.elementor-6701 .elementor-element.elementor-element-27e808b.elementor-posts--thumbnail-left .elementor-post__thumbnail__link{margin-right:20px;}.elementor-6701 .elementor-element.elementor-element-27e808b.elementor-posts--thumbnail-right .elementor-post__thumbnail__link{margin-left:20px;}.elementor-6701 .elementor-element.elementor-element-27e808b.elementor-posts--thumbnail-top .elementor-post__thumbnail__link{margin-bottom:20px;}.elementor-6701 .elementor-element.elementor-element-9cdf486{--spacer-size:50px;}:root{--page-title-display:none;}@media(max-width:767px){.elementor-6701 .elementor-element.elementor-element-5b4eb75 .elementor-heading-title{font-size:20px;}.elementor-6701 .elementor-element.elementor-element-27e808b .elementor-posts-container .elementor-post__thumbnail{padding-bottom:calc( 0.5 * 100% );}.elementor-6701 .elementor-element.elementor-element-27e808b:after{content:\"0.5\";}.elementor-6701 .elementor-element.elementor-element-27e808b .elementor-post__thumbnail__link{width:100%;}}<\/style>\t\t<div data-elementor-type=\"wp-page\" data-elementor-id=\"6701\" class=\"elementor elementor-6701\" data-elementor-post-type=\"page\">\n\t\t\t\t\t\t<section data-particle_enable=\"false\" data-particle-mobile-disabled=\"false\" class=\"elementor-section elementor-top-section elementor-element elementor-element-8a73e77 elementor-section-full_width elementor-section-height-default elementor-section-height-default\" data-id=\"8a73e77\" data-element_type=\"section\">\n\t\t\t\t\t\t<div class=\"elementor-container elementor-column-gap-default\">\n\t\t\t\t\t<div class=\"elementor-column elementor-col-100 elementor-top-column elementor-element elementor-element-7b1d472\" data-id=\"7b1d472\" data-element_type=\"column\" data-settings=\"{&quot;background_background&quot;:&quot;classic&quot;}\">\n\t\t\t<div class=\"elementor-widget-wrap elementor-element-populated\">\n\t\t\t\t\t\t<div class=\"elementor-element elementor-element-5b4eb75 elementor-widget elementor-widget-heading\" data-id=\"5b4eb75\" data-element_type=\"widget\" data-widget_type=\"heading.default\">\n\t\t\t\t<div class=\"elementor-widget-container\">\n\t\t\t\t\t<h2 class=\"elementor-heading-title elementor-size-default\">Gu\u00eda de viaje del hotel Ilha Branca<\/h2>\t\t\t\t<\/div>\n\t\t\t\t<\/div>\n\t\t\t\t\t<\/div>\n\t\t<\/div>\n\t\t\t\t\t<\/div>\n\t\t<\/section>\n\t\t\t\t<section data-particle_enable=\"false\" data-particle-mobile-disabled=\"false\" class=\"elementor-section elementor-top-section elementor-element elementor-element-fbea8ef elementor-section-boxed elementor-section-height-default elementor-section-height-default\" data-id=\"fbea8ef\" data-element_type=\"section\">\n\t\t\t\t\t\t<div class=\"elementor-container elementor-column-gap-default\">\n\t\t\t\t\t<div class=\"elementor-column elementor-col-100 elementor-top-column elementor-element elementor-element-e5957b8\" data-id=\"e5957b8\" data-element_type=\"column\">\n\t\t\t<div class=\"elementor-widget-wrap elementor-element-populated\">\n\t\t\t\t\t\t<section data-particle_enable=\"false\" data-particle-mobile-disabled=\"false\" class=\"elementor-section elementor-inner-section elementor-element elementor-element-ed3565c elementor-section-height-min-height elementor-section-boxed elementor-section-height-default\" data-id=\"ed3565c\" data-element_type=\"section\">\n\t\t\t\t\t\t<div class=\"elementor-container elementor-column-gap-default\">\n\t\t\t\t\t<div class=\"elementor-column elementor-col-100 elementor-inner-column elementor-element elementor-element-9a8be92\" data-id=\"9a8be92\" data-element_type=\"column\" data-settings=\"{&quot;background_background&quot;:&quot;classic&quot;}\">\n\t\t\t<div class=\"elementor-widget-wrap\">\n\t\t\t\t\t\t\t<\/div>\n\t\t<\/div>\n\t\t\t\t\t<\/div>\n\t\t<\/section>\n\t\t\t\t\t<\/div>\n\t\t<\/div>\n\t\t\t\t\t<\/div>\n\t\t<\/section>\n\t\t<div data-particle_enable=\"false\" data-particle-mobile-disabled=\"false\" class=\"elementor-element elementor-element-07cbb7f e-flex e-con-boxed e-con e-parent\" data-id=\"07cbb7f\" data-element_type=\"container\">\n\t\t\t\t\t<div class=\"e-con-inner\">\n\t\t\t\t<div class=\"elementor-element elementor-element-27e808b elementor-grid-3 elementor-grid-tablet-2 elementor-grid-mobile-1 elementor-posts--thumbnail-top elementor-widget elementor-widget-posts\" data-id=\"27e808b\" data-element_type=\"widget\" data-settings=\"{&quot;classic_columns&quot;:&quot;3&quot;,&quot;classic_columns_tablet&quot;:&quot;2&quot;,&quot;classic_columns_mobile&quot;:&quot;1&quot;,&quot;classic_row_gap&quot;:{&quot;unit&quot;:&quot;px&quot;,&quot;size&quot;:35,&quot;sizes&quot;:[]},&quot;classic_row_gap_tablet&quot;:{&quot;unit&quot;:&quot;px&quot;,&quot;size&quot;:&quot;&quot;,&quot;sizes&quot;:[]},&quot;classic_row_gap_mobile&quot;:{&quot;unit&quot;:&quot;px&quot;,&quot;size&quot;:&quot;&quot;,&quot;sizes&quot;:[]}}\" data-widget_type=\"posts.classic\">\n\t\t\t\t<div class=\"elementor-widget-container\">\n\t\t\t\t\t\t\t<div class=\"elementor-posts-container elementor-posts elementor-posts--skin-classic elementor-grid\" role=\"list\">\n\t\t\t\t<article class=\"elementor-post elementor-grid-item post-8133 post type-post status-publish format-standard has-post-thumbnail hentry category-uncategorized\" role=\"listitem\">\n\t\t\t\t<a class=\"elementor-post__thumbnail__link\" href=\"https:\/\/hotelilhabranca.com\/es\/elementor-8133\/\" tabindex=\"-1\" >\n\t\t\t<div class=\"elementor-post__thumbnail\"><img fetchpriority=\"high\" decoding=\"async\" width=\"300\" height=\"300\" src=\"https:\/\/hotelilhabranca.com\/wp-content\/uploads\/2024\/10\/Guia-de-1-300x300.jpg\" class=\"attachment-medium size-medium wp-image-8139\" alt=\"\" srcset=\"https:\/\/hotelilhabranca.com\/wp-content\/uploads\/2024\/10\/Guia-de-1-300x300.jpg 300w, https:\/\/hotelilhabranca.com\/wp-content\/uploads\/2024\/10\/Guia-de-1-1024x1024.jpg 1024w, https:\/\/hotelilhabranca.com\/wp-content\/uploads\/2024\/10\/Guia-de-1-150x150.jpg 150w, https:\/\/hotelilhabranca.com\/wp-content\/uploads\/2024\/10\/Guia-de-1-768x768.jpg 768w, https:\/\/hotelilhabranca.com\/wp-content\/uploads\/2024\/10\/Guia-de-1-12x12.jpg 12w, https:\/\/hotelilhabranca.com\/wp-content\/uploads\/2024\/10\/Guia-de-1.jpg 1080w\" sizes=\"(max-width: 300px) 100vw, 300px\" \/><\/div>\n\t\t<\/a>\n\t\t\t\t<div class=\"elementor-post__text\">\n\t\t\t\t<h3 class=\"elementor-post__title\">\n\t\t\t<a href=\"https:\/\/hotelilhabranca.com\/es\/elementor-8133\/\" >\n\t\t\t\tGu\u00eda de viaje: lugares cercanos\t\t\t<\/a>\n\t\t<\/h3>\n\t\t\n\t\t<a class=\"elementor-post__read-more\" href=\"https:\/\/hotelilhabranca.com\/es\/elementor-8133\/\" aria-label=\"M\u00e1s informaci\u00f3n sobre Guia de Viagem: Locais Pr\u00f3ximos\" tabindex=\"-1\" >\n\t\t\tLer mais \u00bb\t\t<\/a>\n\n\t\t\t\t<\/div>\n\t\t\t\t<\/article>\n\t\t\t\t<article class=\"elementor-post elementor-grid-item post-7470 post type-post status-publish format-standard has-post-thumbnail hentry category-uncategorized\" role=\"listitem\">\n\t\t\t\t<a class=\"elementor-post__thumbnail__link\" href=\"https:\/\/hotelilhabranca.com\/es\/guia-de-viagem-roteiro-noturno\/\" tabindex=\"-1\" >\n\t\t\t<div class=\"elementor-post__thumbnail\"><img decoding=\"async\" width=\"219\" height=\"300\" src=\"https:\/\/hotelilhabranca.com\/wp-content\/uploads\/2024\/09\/noite-bz-teste-219x300.webp\" class=\"attachment-medium size-medium wp-image-7969\" alt=\"\" srcset=\"https:\/\/hotelilhabranca.com\/wp-content\/uploads\/2024\/09\/noite-bz-teste-219x300.webp 219w, https:\/\/hotelilhabranca.com\/wp-content\/uploads\/2024\/09\/noite-bz-teste-9x12.webp 9w, https:\/\/hotelilhabranca.com\/wp-content\/uploads\/2024\/09\/noite-bz-teste.webp 749w\" sizes=\"(max-width: 219px) 100vw, 219px\" \/><\/div>\n\t\t<\/a>\n\t\t\t\t<div class=\"elementor-post__text\">\n\t\t\t\t<h3 class=\"elementor-post__title\">\n\t\t\t<a href=\"https:\/\/hotelilhabranca.com\/es\/guia-de-viagem-roteiro-noturno\/\" >\n\t\t\t\tGu\u00eda de viaje: Itinerario Nocturno\t\t\t<\/a>\n\t\t<\/h3>\n\t\t\n\t\t<a class=\"elementor-post__read-more\" href=\"https:\/\/hotelilhabranca.com\/es\/guia-de-viagem-roteiro-noturno\/\" aria-label=\"M\u00e1s informaci\u00f3n sobre Guia de viagem: Roteiro Noturno\" tabindex=\"-1\" >\n\t\t\tLer mais \u00bb\t\t<\/a>\n\n\t\t\t\t<\/div>\n\t\t\t\t<\/article>\n\t\t\t\t<article class=\"elementor-post elementor-grid-item post-7451 post type-post status-publish format-standard has-post-thumbnail hentry category-uncategorized\" role=\"listitem\">\n\t\t\t\t<a class=\"elementor-post__thumbnail__link\" href=\"https:\/\/hotelilhabranca.com\/es\/guia-de-viagem-roteiro-para-a-familia\/\" tabindex=\"-1\" >\n\t\t\t<div class=\"elementor-post__thumbnail\"><img decoding=\"async\" width=\"224\" height=\"300\" src=\"https:\/\/hotelilhabranca.com\/wp-content\/uploads\/2024\/09\/Guia-de-1-1-e1727789713735-224x300.jpg\" class=\"attachment-medium size-medium wp-image-7454\" alt=\"\" srcset=\"https:\/\/hotelilhabranca.com\/wp-content\/uploads\/2024\/09\/Guia-de-1-1-e1727789713735-224x300.jpg 224w, https:\/\/hotelilhabranca.com\/wp-content\/uploads\/2024\/09\/Guia-de-1-1-e1727789713735-763x1024.jpg 763w, https:\/\/hotelilhabranca.com\/wp-content\/uploads\/2024\/09\/Guia-de-1-1-e1727789713735-768x1030.jpg 768w, https:\/\/hotelilhabranca.com\/wp-content\/uploads\/2024\/09\/Guia-de-1-1-e1727789713735-9x12.jpg 9w, https:\/\/hotelilhabranca.com\/wp-content\/uploads\/2024\/09\/Guia-de-1-1-e1727789713735.jpg 790w\" sizes=\"(max-width: 224px) 100vw, 224px\" \/><\/div>\n\t\t<\/a>\n\t\t\t\t<div class=\"elementor-post__text\">\n\t\t\t\t<h3 class=\"elementor-post__title\">\n\t\t\t<a href=\"https:\/\/hotelilhabranca.com\/es\/guia-de-viagem-roteiro-para-a-familia\/\" >\n\t\t\t\tGu\u00eda de viaje: Itinerario para la familia\t\t\t<\/a>\n\t\t<\/h3>\n\t\t\n\t\t<a class=\"elementor-post__read-more\" href=\"https:\/\/hotelilhabranca.com\/es\/guia-de-viagem-roteiro-para-a-familia\/\" aria-label=\"M\u00e1s informaci\u00f3n sobre Guia de viagem: Roteiro para a familia\" tabindex=\"-1\" >\n\t\t\tLer mais \u00bb\t\t<\/a>\n\n\t\t\t\t<\/div>\n\t\t\t\t<\/article>\n\t\t\t\t<article class=\"elementor-post elementor-grid-item post-7423 post type-post status-publish format-standard has-post-thumbnail hentry category-uncategorized\" role=\"listitem\">\n\t\t\t\t<a class=\"elementor-post__thumbnail__link\" href=\"https:\/\/hotelilhabranca.com\/es\/guia-de-viagem-roteiro-para-casais\/\" tabindex=\"-1\" >\n\t\t\t<div class=\"elementor-post__thumbnail\"><img loading=\"lazy\" decoding=\"async\" width=\"222\" height=\"300\" src=\"https:\/\/hotelilhabranca.com\/wp-content\/uploads\/2024\/09\/Guia-de-5-e1727790729503-222x300.jpg\" class=\"attachment-medium size-medium wp-image-7426\" alt=\"\" srcset=\"https:\/\/hotelilhabranca.com\/wp-content\/uploads\/2024\/09\/Guia-de-5-e1727790729503-222x300.jpg 222w, https:\/\/hotelilhabranca.com\/wp-content\/uploads\/2024\/09\/Guia-de-5-e1727790729503-757x1024.jpg 757w, https:\/\/hotelilhabranca.com\/wp-content\/uploads\/2024\/09\/Guia-de-5-e1727790729503-768x1039.jpg 768w, https:\/\/hotelilhabranca.com\/wp-content\/uploads\/2024\/09\/Guia-de-5-e1727790729503-9x12.jpg 9w, https:\/\/hotelilhabranca.com\/wp-content\/uploads\/2024\/09\/Guia-de-5-e1727790729503.jpg 790w\" sizes=\"(max-width: 222px) 100vw, 222px\" \/><\/div>\n\t\t<\/a>\n\t\t\t\t<div class=\"elementor-post__text\">\n\t\t\t\t<h3 class=\"elementor-post__title\">\n\t\t\t<a href=\"https:\/\/hotelilhabranca.com\/es\/guia-de-viagem-roteiro-para-casais\/\" >\n\t\t\t\tGu\u00eda de viaje: un itinerario para parejas\t\t\t<\/a>\n\t\t<\/h3>\n\t\t\n\t\t<a class=\"elementor-post__read-more\" href=\"https:\/\/hotelilhabranca.com\/es\/guia-de-viagem-roteiro-para-casais\/\" aria-label=\"M\u00e1s informaci\u00f3n sobre Guia de viagem: Roteiro para casais\" tabindex=\"-1\" >\n\t\t\tLer mais \u00bb\t\t<\/a>\n\n\t\t\t\t<\/div>\n\t\t\t\t<\/article>\n\t\t\t\t<article class=\"elementor-post elementor-grid-item post-7384 post type-post status-publish format-standard has-post-thumbnail hentry category-uncategorized\" role=\"listitem\">\n\t\t\t\t<a class=\"elementor-post__thumbnail__link\" href=\"https:\/\/hotelilhabranca.com\/es\/guia-de-viagem-as-praias-que-irao-te-surpreender\/\" tabindex=\"-1\" >\n\t\t\t<div class=\"elementor-post__thumbnail\"><img loading=\"lazy\" decoding=\"async\" width=\"219\" height=\"300\" src=\"https:\/\/hotelilhabranca.com\/wp-content\/uploads\/2024\/09\/paia-nova-219x300.webp\" class=\"attachment-medium size-medium wp-image-7968\" alt=\"\" srcset=\"https:\/\/hotelilhabranca.com\/wp-content\/uploads\/2024\/09\/paia-nova-219x300.webp 219w, https:\/\/hotelilhabranca.com\/wp-content\/uploads\/2024\/09\/paia-nova-9x12.webp 9w, https:\/\/hotelilhabranca.com\/wp-content\/uploads\/2024\/09\/paia-nova.webp 749w\" sizes=\"(max-width: 219px) 100vw, 219px\" \/><\/div>\n\t\t<\/a>\n\t\t\t\t<div class=\"elementor-post__text\">\n\t\t\t\t<h3 class=\"elementor-post__title\">\n\t\t\t<a href=\"https:\/\/hotelilhabranca.com\/es\/guia-de-viagem-as-praias-que-irao-te-surpreender\/\" >\n\t\t\t\tGu\u00eda de Playas: Las playas que te sorprender\u00e1n\t\t\t<\/a>\n\t\t<\/h3>\n\t\t\n\t\t<a class=\"elementor-post__read-more\" href=\"https:\/\/hotelilhabranca.com\/es\/guia-de-viagem-as-praias-que-irao-te-surpreender\/\" aria-label=\"M\u00e1s informaci\u00f3n sobre Guia de viagem: as praias que ir\u00e3o te surpreender\" tabindex=\"-1\" >\n\t\t\tLer mais \u00bb\t\t<\/a>\n\n\t\t\t\t<\/div>\n\t\t\t\t<\/article>\n\t\t\t\t<article class=\"elementor-post elementor-grid-item post-7274 post type-post status-publish format-standard has-post-thumbnail hentry category-uncategorized\" role=\"listitem\">\n\t\t\t\t<a class=\"elementor-post__thumbnail__link\" href=\"https:\/\/hotelilhabranca.com\/es\/guia-de-praia-as-praias-mais-badaladas-de-buzios\/\" tabindex=\"-1\" >\n\t\t\t<div class=\"elementor-post__thumbnail\"><img loading=\"lazy\" decoding=\"async\" width=\"219\" height=\"300\" src=\"https:\/\/hotelilhabranca.com\/wp-content\/uploads\/2024\/09\/paia-geriba-219x300.webp\" class=\"attachment-medium size-medium wp-image-7967\" alt=\"\" srcset=\"https:\/\/hotelilhabranca.com\/wp-content\/uploads\/2024\/09\/paia-geriba-219x300.webp 219w, https:\/\/hotelilhabranca.com\/wp-content\/uploads\/2024\/09\/paia-geriba-9x12.webp 9w, https:\/\/hotelilhabranca.com\/wp-content\/uploads\/2024\/09\/paia-geriba.webp 749w\" sizes=\"(max-width: 219px) 100vw, 219px\" \/><\/div>\n\t\t<\/a>\n\t\t\t\t<div class=\"elementor-post__text\">\n\t\t\t\t<h3 class=\"elementor-post__title\">\n\t\t\t<a href=\"https:\/\/hotelilhabranca.com\/es\/guia-de-praia-as-praias-mais-badaladas-de-buzios\/\" >\n\t\t\t\tGu\u00eda de Playas: Las playas m\u00e1s populares de B\u00fazios\t\t\t<\/a>\n\t\t<\/h3>\n\t\t\n\t\t<a class=\"elementor-post__read-more\" href=\"https:\/\/hotelilhabranca.com\/es\/guia-de-praia-as-praias-mais-badaladas-de-buzios\/\" aria-label=\"M\u00e1s informaci\u00f3n sobre Guia de Praia: As praias mais badaladas de B\u00fazios\" tabindex=\"-1\" >\n\t\t\tLer mais \u00bb\t\t<\/a>\n\n\t\t\t\t<\/div>\n\t\t\t\t<\/article>\n\t\t\t\t<\/div>\n\t\t\n\t\t\t\t\t\t<\/div>\n\t\t\t\t<\/div>\n\t\t\t\t\t<\/div>\n\t\t\t\t<\/div>\n\t\t\t\t<section data-particle_enable=\"false\" data-particle-mobile-disabled=\"false\" class=\"elementor-section elementor-top-section elementor-element elementor-element-43b1ed8 elementor-section-boxed elementor-section-height-default elementor-section-height-default\" data-id=\"43b1ed8\" data-element_type=\"section\">\n\t\t\t\t\t\t<div class=\"elementor-container elementor-column-gap-default\">\n\t\t\t\t\t<div class=\"elementor-column elementor-col-100 elementor-top-column elementor-element elementor-element-4f28c13\" data-id=\"4f28c13\" data-element_type=\"column\">\n\t\t\t<div class=\"elementor-widget-wrap elementor-element-populated\">\n\t\t\t\t\t\t<div class=\"elementor-element elementor-element-9cdf486 elementor-widget elementor-widget-spacer\" data-id=\"9cdf486\" data-element_type=\"widget\" data-widget_type=\"spacer.default\">\n\t\t\t\t<div class=\"elementor-widget-container\">\n\t\t\t\t\t\t\t<div class=\"elementor-spacer\">\n\t\t\t<div class=\"elementor-spacer-inner\"><\/div>\n\t\t<\/div>\n\t\t\t\t\t\t<\/div>\n\t\t\t\t<\/div>\n\t\t\t\t\t<\/div>\n\t\t<\/div>\n\t\t\t\t\t<\/div>\n\t\t<\/section>\n\t\t\t\t<\/div>","protected":false},"excerpt":{"rendered":"<p>Gu\u00eda de viaje del hotel Ilha Branca<\/p>","protected":false},"author":2,"featured_media":0,"parent":0,"menu_order":0,"comment_status":"closed","ping_status":"closed","template":"","meta":{"_seopress_robots_primary_cat":"","_seopress_titles_title":"","_seopress_titles_desc":"","_seopress_robots_index":"","_joinchat":[],"footnotes":""},"folder":[],"class_list":["post-6701","page","type-page","status-publish","hentry"],"_links":{"self":[{"href":"https:\/\/hotelilhabranca.com\/es\/wp-json\/wp\/v2\/pages\/6701","targetHints":{"allow":["GET"]}}],"collection":[{"href":"https:\/\/hotelilhabranca.com\/es\/wp-json\/wp\/v2\/pages"}],"about":[{"href":"https:\/\/hotelilhabranca.com\/es\/wp-json\/wp\/v2\/types\/page"}],"author":[{"embeddable":true,"href":"https:\/\/hotelilhabranca.com\/es\/wp-json\/wp\/v2\/users\/2"}],"replies":[{"embeddable":true,"href":"https:\/\/hotelilhabranca.com\/es\/wp-json\/wp\/v2\/comments?post=6701"}],"version-history":[{"count":0,"href":"https:\/\/hotelilhabranca.com\/es\/wp-json\/wp\/v2\/pages\/6701\/revisions"}],"wp:attachment":[{"href":"https:\/\/hotelilhabranca.com\/es\/wp-json\/wp\/v2\/media?parent=6701"}],"wp:term":[{"taxonomy":"folder","embeddable":true,"href":"https:\/\/hotelilhabranca.com\/es\/wp-json\/wp\/v2\/folder?post=6701"}],"curies":[{"name":"wp","href":"https:\/\/api.w.org\/{rel}","templated":true}]}}