{"id":12934,"date":"2026-02-12T10:26:25","date_gmt":"2026-02-12T13:26:25","guid":{"rendered":"https:\/\/hotelilhabranca.com\/?page_id=12934"},"modified":"2026-02-12T10:29:51","modified_gmt":"2026-02-12T13:29:51","slug":"sunset-lounge-guest-house-copy","status":"publish","type":"page","link":"https:\/\/hotelilhabranca.com\/es\/sunset-lounge-guest-house-copy\/","title":{"rendered":"Caf\u00e9 da Manh\u00e3 &#8211; Ilha Branca Centro"},"content":{"rendered":"<style>.elementor-12934 .elementor-element.elementor-element-2ca09b16{--display:flex;--flex-direction:column;--container-widget-width:100%;--container-widget-height:initial;--container-widget-flex-grow:0;--container-widget-align-self:initial;--flex-wrap-mobile:wrap;--overlay-opacity:0.5;--margin-top:0px;--margin-bottom:0px;--margin-left:0px;--margin-right:0px;--padding-top:13rem;--padding-bottom:6rem;--padding-left:1rem;--padding-right:1rem;}.elementor-12934 .elementor-element.elementor-element-2ca09b16::before, .elementor-12934 .elementor-element.elementor-element-2ca09b16 > .elementor-background-video-container::before, .elementor-12934 .elementor-element.elementor-element-2ca09b16 > .e-con-inner > .elementor-background-video-container::before, .elementor-12934 .elementor-element.elementor-element-2ca09b16 > .elementor-background-slideshow::before, .elementor-12934 .elementor-element.elementor-element-2ca09b16 > .e-con-inner > .elementor-background-slideshow::before, .elementor-12934 .elementor-element.elementor-element-2ca09b16 > .elementor-motion-effects-container > .elementor-motion-effects-layer::before{background-color:var( --e-global-color-secondary );--background-overlay:'';}.elementor-12934 .elementor-element.elementor-element-2e67d8cc{--display:flex;}.elementor-12934 .elementor-element.elementor-element-2e67d8cc.e-con{--flex-grow:0;--flex-shrink:0;}.elementor-12934 .elementor-element.elementor-element-590de697{width:var( --container-widget-width, 111.157% );max-width:111.157%;--container-widget-width:111.157%;--container-widget-flex-grow:0;}.elementor-12934 .elementor-element.elementor-element-590de697.elementor-element{--flex-grow:0;--flex-shrink:0;}.elementor-12934 .elementor-element.elementor-element-590de697 .elementor-heading-title{font-size:33px;color:#FFFFFF;}.elementor-12934 .elementor-element.elementor-element-60100ea5 .elementor-icon-list-items:not(.elementor-inline-items) .elementor-icon-list-item:not(:last-child){padding-block-end:calc(20px\/2);}.elementor-12934 .elementor-element.elementor-element-60100ea5 .elementor-icon-list-items:not(.elementor-inline-items) .elementor-icon-list-item:not(:first-child){margin-block-start:calc(20px\/2);}.elementor-12934 .elementor-element.elementor-element-60100ea5 .elementor-icon-list-items.elementor-inline-items .elementor-icon-list-item{margin-inline:calc(20px\/2);}.elementor-12934 .elementor-element.elementor-element-60100ea5 .elementor-icon-list-items.elementor-inline-items{margin-inline:calc(-20px\/2);}.elementor-12934 .elementor-element.elementor-element-60100ea5 .elementor-icon-list-items.elementor-inline-items .elementor-icon-list-item:after{inset-inline-end:calc(-20px\/2);}.elementor-12934 .elementor-element.elementor-element-60100ea5 .elementor-icon-list-icon i{color:var( --e-global-color-primary );transition:color 0.3s;}.elementor-12934 .elementor-element.elementor-element-60100ea5 .elementor-icon-list-icon svg{fill:var( --e-global-color-primary );transition:fill 0.3s;}.elementor-12934 .elementor-element.elementor-element-60100ea5{--e-icon-list-icon-size:14px;--icon-vertical-offset:0px;}.elementor-12934 .elementor-element.elementor-element-60100ea5 .elementor-icon-list-icon{padding-inline-end:10px;}.elementor-12934 .elementor-element.elementor-element-60100ea5 .elementor-icon-list-text{color:var( --e-global-color-primary );transition:color 0.3s;}.elementor-12934 .elementor-element.elementor-element-60100ea5 .elementor-icon-list-item:hover .elementor-icon-list-text{color:var( --e-global-color-accent );}.elementor-12934 .elementor-element.elementor-element-8a7b8c0{--display:flex;--flex-direction:row;--container-widget-width:initial;--container-widget-height:100%;--container-widget-flex-grow:1;--container-widget-align-self:stretch;--flex-wrap-mobile:wrap;--gap:0px 0px;--row-gap:0px;--column-gap:0px;--margin-top:0px;--margin-bottom:0px;--margin-left:0px;--margin-right:0px;--padding-top:4em;--padding-bottom:6em;--padding-left:1em;--padding-right:1em;}.elementor-12934 .elementor-element.elementor-element-6bded08f{--display:flex;--min-height:510px;--margin-top:0px;--margin-bottom:0px;--margin-left:0px;--margin-right:0px;--padding-top:0px;--padding-bottom:0px;--padding-left:0px;--padding-right:0px;}.elementor-12934 .elementor-element.elementor-element-6bded08f .elementor-background-slideshow__slide__image{background-position:center center;}.elementor-12934 .elementor-element.elementor-element-6bded08f.e-con{--flex-grow:0;--flex-shrink:0;}.elementor-12934 .elementor-element.elementor-element-2a694206{--display:flex;--margin-top:0px;--margin-bottom:0px;--margin-left:0px;--margin-right:0px;--padding-top:0em;--padding-bottom:0em;--padding-left:4em;--padding-right:0em;}.elementor-12934 .elementor-element.elementor-element-68663382{--display:flex;--margin-top:0px;--margin-bottom:0px;--margin-left:0px;--margin-right:0px;--padding-top:0em;--padding-bottom:1em;--padding-left:0em;--padding-right:0em;}.elementor-12934 .elementor-element.elementor-element-622c6c8e .elementskit-accordion.accoedion-primary .elementskit-card .elementskit-card-header>.elementskit-btn-link[aria-expanded=\"true\"], .elementor-12934 .elementor-element.elementor-element-622c6c8e .elementskit-accordion .elementskit-card-header>.elementskit-btn-link[aria-expanded=true], .elementor-12934 .elementor-element.elementor-element-622c6c8e .elementskit-accordion.floating-style .elementskit-card .elementskit-btn-link[aria-expanded=\"true\"]{background-color:var( --e-global-color-secondary );}.elementor-12934 .elementor-element.elementor-element-622c6c8e .elementskit-accordion .elementskit-card .elementskit-card-header>.elementskit-btn-link[aria-expanded=\"true\"]{color:var( --e-global-color-primary );}.elementor-12934 .elementor-element.elementor-element-622c6c8e .elementskit-accordion.curve-shape .elementskit-card-header>.elementskit-btn-link[aria-expanded=true]{color:var( --e-global-color-primary );}.elementor-12934 .elementor-element.elementor-element-622c6c8e .elementskit-accordion .elementskit-card-header>.elementskit-btn-link{color:var( --e-global-color-secondary );}.elementor-12934 .elementor-element.elementor-element-622c6c8e .elementskit-accordion .elementskit-card-body{border-radius:0px 0px 0px 0px;padding:18px 32px 18px 32px;}:root{--page-title-display:none;}@media(min-width:768px){.elementor-12934 .elementor-element.elementor-element-2e67d8cc{--width:85.883%;}.elementor-12934 .elementor-element.elementor-element-6bded08f{--width:31.726%;}.elementor-12934 .elementor-element.elementor-element-2a694206{--content-width:1222px;}}@media(max-width:1024px) and (min-width:768px){.elementor-12934 .elementor-element.elementor-element-6bded08f{--width:100%;}}@media(max-width:1024px){.elementor-12934 .elementor-element.elementor-element-8a7b8c0{--flex-direction:column-reverse;--container-widget-width:100%;--container-widget-height:initial;--container-widget-flex-grow:0;--container-widget-align-self:initial;--flex-wrap-mobile:wrap;}.elementor-12934 .elementor-element.elementor-element-2a694206{--padding-top:0em;--padding-bottom:2em;--padding-left:0em;--padding-right:0em;}}<\/style>\t\t<div data-elementor-type=\"wp-page\" data-elementor-id=\"12934\" class=\"elementor elementor-12934\" data-elementor-post-type=\"page\">\n\t\t\t\t<div data-particle_enable=\"false\" data-particle-mobile-disabled=\"false\" class=\"elementor-element elementor-element-2ca09b16 e-flex e-con-boxed e-con e-parent\" data-id=\"2ca09b16\" data-element_type=\"container\" data-settings=\"{&quot;background_background&quot;:&quot;slideshow&quot;,&quot;background_slideshow_gallery&quot;:[{&quot;id&quot;:11006,&quot;url&quot;:&quot;https:\\\/\\\/hotelilhabranca.com\\\/wp-content\\\/uploads\\\/2025\\\/07\\\/IMG_4172.jpg&quot;},{&quot;id&quot;:11005,&quot;url&quot;:&quot;https:\\\/\\\/hotelilhabranca.com\\\/wp-content\\\/uploads\\\/2025\\\/07\\\/IMG_4157.jpg&quot;}],&quot;background_slideshow_slide_duration&quot;:3000,&quot;background_slideshow_loop&quot;:&quot;yes&quot;,&quot;background_slideshow_slide_transition&quot;:&quot;fade&quot;,&quot;background_slideshow_transition_duration&quot;:500}\">\n\t\t\t\t\t<div class=\"e-con-inner\">\n\t\t<div data-particle_enable=\"false\" data-particle-mobile-disabled=\"false\" class=\"elementor-element elementor-element-2e67d8cc e-con-full e-flex e-con e-child\" data-id=\"2e67d8cc\" data-element_type=\"container\">\n\t\t\t\t<div class=\"elementor-element elementor-element-590de697 elementor-widget__width-initial elementor-invisible elementor-widget elementor-widget-heading\" data-id=\"590de697\" data-element_type=\"widget\" data-settings=\"{&quot;_animation&quot;:&quot;fadeInUp&quot;}\" data-widget_type=\"heading.default\">\n\t\t\t\t<div class=\"elementor-widget-container\">\n\t\t\t\t\t<h2 class=\"elementor-heading-title elementor-size-default\">Nuestro desayuno buffet<\/h2>\t\t\t\t<\/div>\n\t\t\t\t<\/div>\n\t\t\t\t<div class=\"elementor-element elementor-element-60100ea5 elementor-icon-list--layout-inline elementor-list-item-link-full_width elementor-widget elementor-widget-icon-list\" data-id=\"60100ea5\" data-element_type=\"widget\" data-widget_type=\"icon-list.default\">\n\t\t\t\t<div class=\"elementor-widget-container\">\n\t\t\t\t\t\t\t<ul class=\"elementor-icon-list-items elementor-inline-items\">\n\t\t\t\t\t\t\t<li class=\"elementor-icon-list-item elementor-inline-item\">\n\t\t\t\t\t\t\t\t\t\t\t<a href=\"https:\/\/hotelilhabranca.com\/es\">\n\n\t\t\t\t\t\t\t\t\t\t\t<span class=\"elementor-icon-list-text\">P\u00e1gina de inicio<\/span>\n\t\t\t\t\t\t\t\t\t\t\t<\/a>\n\t\t\t\t\t\t\t\t\t<\/li>\n\t\t\t\t\t\t\t\t<li class=\"elementor-icon-list-item elementor-inline-item\">\n\t\t\t\t\t\t\t\t\t\t\t<a href=\"#\">\n\n\t\t\t\t\t\t\t\t\t\t\t\t<span class=\"elementor-icon-list-icon\">\n\t\t\t\t\t\t\t<i aria-hidden=\"true\" class=\"icon icon-right-arrow\"><\/i>\t\t\t\t\t\t<\/span>\n\t\t\t\t\t\t\t\t\t\t<span class=\"elementor-icon-list-text\">Nuestro desayuno buffet<\/span>\n\t\t\t\t\t\t\t\t\t\t\t<\/a>\n\t\t\t\t\t\t\t\t\t<\/li>\n\t\t\t\t\t\t<\/ul>\n\t\t\t\t\t\t<\/div>\n\t\t\t\t<\/div>\n\t\t\t\t<\/div>\n\t\t\t\t\t<\/div>\n\t\t\t\t<\/div>\n\t\t<div data-particle_enable=\"false\" data-particle-mobile-disabled=\"false\" class=\"elementor-element elementor-element-8a7b8c0 e-flex e-con-boxed e-con e-parent\" data-id=\"8a7b8c0\" data-element_type=\"container\">\n\t\t\t\t\t<div class=\"e-con-inner\">\n\t\t<div data-particle_enable=\"false\" data-particle-mobile-disabled=\"false\" class=\"elementor-element elementor-element-6bded08f e-con-full e-flex e-con e-child\" data-id=\"6bded08f\" data-element_type=\"container\" data-settings=\"{&quot;background_background&quot;:&quot;slideshow&quot;,&quot;background_slideshow_gallery&quot;:[{&quot;id&quot;:12729,&quot;url&quot;:&quot;https:\\\/\\\/hotelilhabranca.com\\\/wp-content\\\/uploads\\\/2026\\\/01\\\/unnamed-1.webp&quot;}],&quot;background_slideshow_slide_duration&quot;:3000,&quot;background_slideshow_loop&quot;:&quot;yes&quot;,&quot;background_slideshow_slide_transition&quot;:&quot;fade&quot;,&quot;background_slideshow_transition_duration&quot;:500}\">\n\t\t\t\t<\/div>\n\t\t<div data-particle_enable=\"false\" data-particle-mobile-disabled=\"false\" class=\"elementor-element elementor-element-2a694206 e-flex e-con-boxed e-con e-child\" data-id=\"2a694206\" data-element_type=\"container\">\n\t\t\t\t\t<div class=\"e-con-inner\">\n\t\t<div data-particle_enable=\"false\" data-particle-mobile-disabled=\"false\" class=\"elementor-element elementor-element-68663382 e-con-full e-flex e-con e-child\" data-id=\"68663382\" data-element_type=\"container\">\n\t\t\t\t<div class=\"elementor-element elementor-element-1a5f9607 elementor-widget elementor-widget-heading\" data-id=\"1a5f9607\" data-element_type=\"widget\" data-widget_type=\"heading.default\">\n\t\t\t\t<div class=\"elementor-widget-container\">\n\t\t\t\t\t<h2 class=\"elementor-heading-title elementor-size-default\">Nuestro desayuno buffet<\/h2>\t\t\t\t<\/div>\n\t\t\t\t<\/div>\n\t\t\t\t<div class=\"elementor-element elementor-element-5830e75c elementor-widget elementor-widget-text-editor\" data-id=\"5830e75c\" data-element_type=\"widget\" data-widget_type=\"text-editor.default\">\n\t\t\t\t<div class=\"elementor-widget-container\">\n\t\t\t\t\t\t\t\t\t<p data-path-to-node=\"4\">Sabor de vacaciones en cada detalle.<\/p>\t\t\t\t\t\t\t\t<\/div>\n\t\t\t\t<\/div>\n\t\t\t\t<div class=\"elementor-element elementor-element-622c6c8e elementor-invisible elementor-widget elementor-widget-elementskit-accordion\" data-id=\"622c6c8e\" data-element_type=\"widget\" data-settings=\"{&quot;_animation&quot;:&quot;fadeInLeft&quot;}\" data-widget_type=\"elementskit-accordion.default\">\n\t\t\t\t<div class=\"elementor-widget-container\">\n\t\t\t\t\t<div class=\"ekit-wid-con\" >\n        <div class=\"elementskit-accordion accoedion-primary\" id=\"accordion-69de968355f51\">\n\n            \n                <div class=\"elementskit-card active\">\n                    <div class=\"elementskit-card-header\" id=\"primaryHeading-0-622c6c8e\">\n                        <a href=\"#collapse-8bd03d269de968355f51\" class=\"ekit-accordion--toggler elementskit-btn-link collapsed\" data-ekit-toggle=\"collapse\" data-target=\"#Collapse-8bd03d269de968355f51\" aria-expanded=\"true\" aria-controls=\"Collapse-8bd03d269de968355f51\">\n                            \n                            <span class=\"ekit-accordion-title\">Sunset Lounge<\/span>\n\n                            \n                                <div class=\"ekit_accordion_icon_group\">\n                                    <div class=\"ekit_accordion_normal_icon\">\n                                        <!-- Normal Icon -->\n\t\t\t\t\t\t\t\t\t\t<i class=\"icon icon-down-arrow1\"><\/i>                                    <\/div>\n\n                                    <div class=\"ekit_accordion_active_icon\">\n                                        <!-- Active Icon -->\n\t\t\t\t\t\t\t\t\t\t<i class=\"icon icon-up-arrow\"><\/i>                                    <\/div>\n                                <\/div>\n\n                            \n                                                    <\/a>\n                    <\/div>\n\n                    <div id=\"Collapse-8bd03d269de968355f51\" class=\"show collapse\" aria-labelledby=\"primaryHeading-0-622c6c8e\" data-parent=\"#accordion-69de968355f51\">\n\n                        <div class=\"elementskit-card-body ekit-accordion--content\">\n                            <p>No hay nada como despertar con el aroma suave del caf\u00e9 fresco y el cari\u00f1o de un pastel reci\u00e9n horneado. En la Pousada Ilha Branca Centro, nuestro buffet matinal es una invitaci\u00f3n a desacelerar y saborear el inicio de su d\u00eda en un ambiente acogedor.<\/p><p>Preparamos una selecci\u00f3n especial para recargar sus energ\u00edas antes de explorar las bellezas de B\u00fazios: frutas de estaci\u00f3n seleccionadas, panes variados, fiambres, jugos naturales y delicias locales. Cada detalle est\u00e1 pensado para ofrecer una experiencia deliciosa y genuina, garantizando que su \u00fanica preocupaci\u00f3n sea decidir qu\u00e9 playa visitar primero.<\/p><ul><li><p>Horario: Diariamente, de 08:00h a 10:00h.<\/p><\/li><li><p>Destacado: Variedad y frescura en un ambiente con el encanto tradicional de B\u00fazios.<\/p><\/li><\/ul>                        <\/div>\n\n                    <\/div>\n\n                <\/div><!-- .elementskit-card END -->\n\n                                        <\/div>\n    <\/div>\t\t\t\t<\/div>\n\t\t\t\t<\/div>\n\t\t\t\t<\/div>\n\t\t\t\t\t<\/div>\n\t\t\t\t<\/div>\n\t\t\t\t\t<\/div>\n\t\t\t\t<\/div>\n\t\t\t\t<\/div>","protected":false},"excerpt":{"rendered":"<p>Caf\u00e9 da Manh\u00e3 Inicio Caf\u00e9 da Manh\u00e3 Caf\u00e9 da Manh\u00e3 Sabor de f\u00e9rias em cada detalhe Sunset Lounge N\u00e3o h\u00e1 nada como despertar com o aroma suave de caf\u00e9 fresco e o carinho de um bolo feito na hora. Na Pousada Ilha Branca Centro, o nosso buffet matinal \u00e9 um convite para desacelerar e saborear [&hellip;]<\/p>","protected":false},"author":2,"featured_media":0,"parent":0,"menu_order":0,"comment_status":"closed","ping_status":"closed","template":"elementor_header_footer","meta":{"_seopress_robots_primary_cat":"","_seopress_titles_title":"","_seopress_titles_desc":"","_seopress_robots_index":"","_joinchat":[],"footnotes":""},"folder":[],"class_list":["post-12934","page","type-page","status-publish","hentry"],"_links":{"self":[{"href":"https:\/\/hotelilhabranca.com\/es\/wp-json\/wp\/v2\/pages\/12934","targetHints":{"allow":["GET"]}}],"collection":[{"href":"https:\/\/hotelilhabranca.com\/es\/wp-json\/wp\/v2\/pages"}],"about":[{"href":"https:\/\/hotelilhabranca.com\/es\/wp-json\/wp\/v2\/types\/page"}],"author":[{"embeddable":true,"href":"https:\/\/hotelilhabranca.com\/es\/wp-json\/wp\/v2\/users\/2"}],"replies":[{"embeddable":true,"href":"https:\/\/hotelilhabranca.com\/es\/wp-json\/wp\/v2\/comments?post=12934"}],"version-history":[{"count":0,"href":"https:\/\/hotelilhabranca.com\/es\/wp-json\/wp\/v2\/pages\/12934\/revisions"}],"wp:attachment":[{"href":"https:\/\/hotelilhabranca.com\/es\/wp-json\/wp\/v2\/media?parent=12934"}],"wp:term":[{"taxonomy":"folder","embeddable":true,"href":"https:\/\/hotelilhabranca.com\/es\/wp-json\/wp\/v2\/folder?post=12934"}],"curies":[{"name":"wp","href":"https:\/\/api.w.org\/{rel}","templated":true}]}}