{"id":11244,"date":"2025-07-21T15:27:01","date_gmt":"2025-07-21T18:27:01","guid":{"rendered":"https:\/\/hotelilhabranca.com\/?page_id=11244"},"modified":"2025-07-21T15:35:09","modified_gmt":"2025-07-21T18:35:09","slug":"servicos-ilha-branca-guest-house","status":"publish","type":"page","link":"https:\/\/hotelilhabranca.com\/es\/servicos-ilha-branca-guest-house\/","title":{"rendered":"SERVI\u00c7OS ILHA BRANCA GUEST HOUSE"},"content":{"rendered":"<style>.elementor-11244 .elementor-element.elementor-element-1694243b{--display:flex;--flex-direction:column;--container-widget-width:100%;--container-widget-height:initial;--container-widget-flex-grow:0;--container-widget-align-self:initial;--flex-wrap-mobile:wrap;--overlay-opacity:0.5;--margin-top:0px;--margin-bottom:0px;--margin-left:0px;--margin-right:0px;--padding-top:13rem;--padding-bottom:6rem;--padding-left:1rem;--padding-right:1rem;}.elementor-11244 .elementor-element.elementor-element-1694243b::before, .elementor-11244 .elementor-element.elementor-element-1694243b > .elementor-background-video-container::before, .elementor-11244 .elementor-element.elementor-element-1694243b > .e-con-inner > .elementor-background-video-container::before, .elementor-11244 .elementor-element.elementor-element-1694243b > .elementor-background-slideshow::before, .elementor-11244 .elementor-element.elementor-element-1694243b > .e-con-inner > .elementor-background-slideshow::before, .elementor-11244 .elementor-element.elementor-element-1694243b > .elementor-motion-effects-container > .elementor-motion-effects-layer::before{background-color:var( --e-global-color-secondary );--background-overlay:'';}.elementor-11244 .elementor-element.elementor-element-1bca7224{--display:flex;}.elementor-11244 .elementor-element.elementor-element-1bca7224.e-con{--flex-grow:0;--flex-shrink:0;}.elementor-11244 .elementor-element.elementor-element-3a749342{width:var( --container-widget-width, 111.157% );max-width:111.157%;--container-widget-width:111.157%;--container-widget-flex-grow:0;}.elementor-11244 .elementor-element.elementor-element-3a749342.elementor-element{--flex-grow:0;--flex-shrink:0;}.elementor-11244 .elementor-element.elementor-element-3a749342 .elementor-heading-title{font-size:33px;color:#FFFFFF;}.elementor-11244 .elementor-element.elementor-element-17e2bfb6 .elementor-icon-list-items:not(.elementor-inline-items) .elementor-icon-list-item:not(:last-child){padding-block-end:calc(20px\/2);}.elementor-11244 .elementor-element.elementor-element-17e2bfb6 .elementor-icon-list-items:not(.elementor-inline-items) .elementor-icon-list-item:not(:first-child){margin-block-start:calc(20px\/2);}.elementor-11244 .elementor-element.elementor-element-17e2bfb6 .elementor-icon-list-items.elementor-inline-items .elementor-icon-list-item{margin-inline:calc(20px\/2);}.elementor-11244 .elementor-element.elementor-element-17e2bfb6 .elementor-icon-list-items.elementor-inline-items{margin-inline:calc(-20px\/2);}.elementor-11244 .elementor-element.elementor-element-17e2bfb6 .elementor-icon-list-items.elementor-inline-items .elementor-icon-list-item:after{inset-inline-end:calc(-20px\/2);}.elementor-11244 .elementor-element.elementor-element-17e2bfb6 .elementor-icon-list-icon i{color:var( --e-global-color-primary );transition:color 0.3s;}.elementor-11244 .elementor-element.elementor-element-17e2bfb6 .elementor-icon-list-icon svg{fill:var( --e-global-color-primary );transition:fill 0.3s;}.elementor-11244 .elementor-element.elementor-element-17e2bfb6{--e-icon-list-icon-size:14px;--icon-vertical-offset:0px;}.elementor-11244 .elementor-element.elementor-element-17e2bfb6 .elementor-icon-list-icon{padding-inline-end:10px;}.elementor-11244 .elementor-element.elementor-element-17e2bfb6 .elementor-icon-list-text{color:var( --e-global-color-primary );transition:color 0.3s;}.elementor-11244 .elementor-element.elementor-element-17e2bfb6 .elementor-icon-list-item:hover .elementor-icon-list-text{color:var( --e-global-color-accent );}.elementor-11244 .elementor-element.elementor-element-1a388d8{--display:flex;--flex-direction:row;--container-widget-width:initial;--container-widget-height:100%;--container-widget-flex-grow:1;--container-widget-align-self:stretch;--flex-wrap-mobile:wrap;--gap:0px 0px;--row-gap:0px;--column-gap:0px;--flex-wrap:wrap;}.elementor-11244 .elementor-element.elementor-element-bba61c7{--display:flex;--flex-direction:column;--container-widget-width:100%;--container-widget-height:initial;--container-widget-flex-grow:0;--container-widget-align-self:initial;--flex-wrap-mobile:wrap;}.elementor-11244 .elementor-element.elementor-element-1f1060b .elementor-cta .elementor-cta__bg, .elementor-11244 .elementor-element.elementor-element-1f1060b .elementor-cta .elementor-cta__bg-overlay{transition-duration:1500ms;}.elementor-11244 .elementor-element.elementor-element-1f1060b > .elementor-widget-container{margin:0px 0px 0px 0px;padding:0px 0px 0px 0px;}.elementor-11244 .elementor-element.elementor-element-1f1060b .elementor-cta__content{min-height:140px;text-align:left;padding:12px 0px 10px 14px;}.elementor-11244 .elementor-element.elementor-element-1f1060b .elementor-cta__bg-wrapper{min-width:0px;}.elementor-11244 .elementor-element.elementor-element-1f1060b .elementor-cta__title:not(:last-child){margin-bottom:4px;}.elementor-11244 .elementor-element.elementor-element-1f1060b .elementor-cta__description{font-size:13px;}.elementor-11244 .elementor-element.elementor-element-1f1060b .elementor-cta__description:not(:last-child){margin-bottom:8px;}.elementor-11244 .elementor-element.elementor-element-7a1e73a .elementor-cta .elementor-cta__bg, .elementor-11244 .elementor-element.elementor-element-7a1e73a .elementor-cta .elementor-cta__bg-overlay{transition-duration:1500ms;}.elementor-11244 .elementor-element.elementor-element-7a1e73a > .elementor-widget-container{margin:0px 0px 0px 0px;padding:0px 0px 0px 0px;}.elementor-11244 .elementor-element.elementor-element-7a1e73a .elementor-cta__content{min-height:140px;text-align:left;padding:12px 0px 10px 14px;}.elementor-11244 .elementor-element.elementor-element-7a1e73a .elementor-cta__bg-wrapper{min-width:0px;}.elementor-11244 .elementor-element.elementor-element-7a1e73a .elementor-cta__title:not(:last-child){margin-bottom:4px;}.elementor-11244 .elementor-element.elementor-element-7a1e73a .elementor-cta__description{font-size:13px;}.elementor-11244 .elementor-element.elementor-element-7a1e73a .elementor-cta__description:not(:last-child){margin-bottom:8px;}.elementor-11244 .elementor-element.elementor-element-0d5849f{--display:flex;--flex-direction:column;--container-widget-width:100%;--container-widget-height:initial;--container-widget-flex-grow:0;--container-widget-align-self:initial;--flex-wrap-mobile:wrap;}.elementor-11244 .elementor-element.elementor-element-780ba4a .elementor-cta .elementor-cta__bg, .elementor-11244 .elementor-element.elementor-element-780ba4a .elementor-cta .elementor-cta__bg-overlay{transition-duration:1500ms;}.elementor-11244 .elementor-element.elementor-element-780ba4a > .elementor-widget-container{margin:0px 0px 0px 0px;padding:0px 0px 0px 0px;}.elementor-11244 .elementor-element.elementor-element-780ba4a .elementor-cta__content{min-height:140px;text-align:left;padding:12px 0px 10px 14px;}.elementor-11244 .elementor-element.elementor-element-780ba4a .elementor-cta__bg-wrapper{min-width:0px;}.elementor-11244 .elementor-element.elementor-element-780ba4a .elementor-cta__title:not(:last-child){margin-bottom:4px;}.elementor-11244 .elementor-element.elementor-element-780ba4a .elementor-cta__description{font-size:13px;}.elementor-11244 .elementor-element.elementor-element-780ba4a .elementor-cta__description:not(:last-child){margin-bottom:8px;}.elementor-11244 .elementor-element.elementor-element-f8534d4 .elementor-cta .elementor-cta__bg, .elementor-11244 .elementor-element.elementor-element-f8534d4 .elementor-cta .elementor-cta__bg-overlay{transition-duration:1500ms;}.elementor-11244 .elementor-element.elementor-element-f8534d4 > .elementor-widget-container{margin:0px 0px 0px 0px;padding:0px 0px 0px 0px;}.elementor-11244 .elementor-element.elementor-element-f8534d4 .elementor-cta__content{min-height:140px;text-align:left;padding:12px 0px 10px 14px;}.elementor-11244 .elementor-element.elementor-element-f8534d4 .elementor-cta__bg-wrapper{min-width:0px;}.elementor-11244 .elementor-element.elementor-element-f8534d4 .elementor-cta__title:not(:last-child){margin-bottom:4px;}.elementor-11244 .elementor-element.elementor-element-f8534d4 .elementor-cta__description{font-size:13px;}.elementor-11244 .elementor-element.elementor-element-f8534d4 .elementor-cta__description:not(:last-child){margin-bottom:8px;}.elementor-11244 .elementor-element.elementor-element-0030f63{--display:flex;--flex-direction:column;--container-widget-width:100%;--container-widget-height:initial;--container-widget-flex-grow:0;--container-widget-align-self:initial;--flex-wrap-mobile:wrap;}.elementor-11244 .elementor-element.elementor-element-1a4ce1c .elementor-cta .elementor-cta__bg, .elementor-11244 .elementor-element.elementor-element-1a4ce1c .elementor-cta .elementor-cta__bg-overlay{transition-duration:1500ms;}.elementor-11244 .elementor-element.elementor-element-1a4ce1c > .elementor-widget-container{margin:0px 0px 0px 0px;padding:0px 0px 0px 0px;}.elementor-11244 .elementor-element.elementor-element-1a4ce1c .elementor-cta__content{min-height:140px;text-align:left;padding:12px 0px 10px 14px;}.elementor-11244 .elementor-element.elementor-element-1a4ce1c .elementor-cta__bg-wrapper{min-width:0px;}.elementor-11244 .elementor-element.elementor-element-1a4ce1c .elementor-cta__title:not(:last-child){margin-bottom:4px;}.elementor-11244 .elementor-element.elementor-element-1a4ce1c .elementor-cta__description{font-size:13px;}.elementor-11244 .elementor-element.elementor-element-1a4ce1c .elementor-cta__description:not(:last-child){margin-bottom:8px;}:root{--page-title-display:none;}@media(min-width:768px){.elementor-11244 .elementor-element.elementor-element-1bca7224{--width:85.883%;}.elementor-11244 .elementor-element.elementor-element-bba61c7{--width:33.3333%;}.elementor-11244 .elementor-element.elementor-element-0d5849f{--width:33.3333%;}.elementor-11244 .elementor-element.elementor-element-0030f63{--width:33.3333%;}}<\/style>\t\t<div data-elementor-type=\"wp-page\" data-elementor-id=\"11244\" class=\"elementor elementor-11244\" data-elementor-post-type=\"page\">\n\t\t\t\t<div data-particle_enable=\"false\" data-particle-mobile-disabled=\"false\" class=\"elementor-element elementor-element-1694243b e-flex e-con-boxed e-con e-parent\" data-id=\"1694243b\" data-element_type=\"container\" data-settings=\"{&quot;background_background&quot;:&quot;slideshow&quot;,&quot;background_slideshow_gallery&quot;:[{&quot;id&quot;:10979,&quot;url&quot;:&quot;https:\\\/\\\/hotelilhabranca.com\\\/wp-content\\\/uploads\\\/2025\\\/07\\\/IMG_4134.jpg&quot;},{&quot;id&quot;:11032,&quot;url&quot;:&quot;https:\\\/\\\/hotelilhabranca.com\\\/wp-content\\\/uploads\\\/2025\\\/07\\\/RaLLrpV9H7Oue5P3AEP5VMUa2enODoX04OiSuJKD.webp&quot;},{&quot;id&quot;:10978,&quot;url&quot;:&quot;https:\\\/\\\/hotelilhabranca.com\\\/wp-content\\\/uploads\\\/2025\\\/07\\\/IMG_4140.jpg&quot;}],&quot;background_slideshow_slide_duration&quot;:3000,&quot;background_slideshow_loop&quot;:&quot;yes&quot;,&quot;background_slideshow_slide_transition&quot;:&quot;fade&quot;,&quot;background_slideshow_transition_duration&quot;:500}\">\n\t\t\t\t\t<div class=\"e-con-inner\">\n\t\t<div data-particle_enable=\"false\" data-particle-mobile-disabled=\"false\" class=\"elementor-element elementor-element-1bca7224 e-con-full e-flex e-con e-child\" data-id=\"1bca7224\" data-element_type=\"container\">\n\t\t\t\t<div class=\"elementor-element elementor-element-3a749342 elementor-widget__width-initial elementor-invisible elementor-widget elementor-widget-heading\" data-id=\"3a749342\" data-element_type=\"widget\" data-settings=\"{&quot;_animation&quot;:&quot;fadeInUp&quot;}\" data-widget_type=\"heading.default\">\n\t\t\t\t<div class=\"elementor-widget-container\">\n\t\t\t\t\t<h2 class=\"elementor-heading-title elementor-size-default\">Servicios Hotel Ilha Branca Guest House<\/h2>\t\t\t\t<\/div>\n\t\t\t\t<\/div>\n\t\t\t\t<div class=\"elementor-element elementor-element-17e2bfb6 elementor-icon-list--layout-inline elementor-list-item-link-full_width elementor-widget elementor-widget-icon-list\" data-id=\"17e2bfb6\" data-element_type=\"widget\" data-widget_type=\"icon-list.default\">\n\t\t\t\t<div class=\"elementor-widget-container\">\n\t\t\t\t\t\t\t<ul class=\"elementor-icon-list-items elementor-inline-items\">\n\t\t\t\t\t\t\t<li class=\"elementor-icon-list-item elementor-inline-item\">\n\t\t\t\t\t\t\t\t\t\t\t<a href=\"https:\/\/hotelilhabranca.com\/es\">\n\n\t\t\t\t\t\t\t\t\t\t\t<span class=\"elementor-icon-list-text\">P\u00e1gina de inicio<\/span>\n\t\t\t\t\t\t\t\t\t\t\t<\/a>\n\t\t\t\t\t\t\t\t\t<\/li>\n\t\t\t\t\t\t\t\t<li class=\"elementor-icon-list-item elementor-inline-item\">\n\t\t\t\t\t\t\t\t\t\t\t<a href=\"#\">\n\n\t\t\t\t\t\t\t\t\t\t\t\t<span class=\"elementor-icon-list-icon\">\n\t\t\t\t\t\t\t<i aria-hidden=\"true\" class=\"icon icon-right-arrow\"><\/i>\t\t\t\t\t\t<\/span>\n\t\t\t\t\t\t\t\t\t\t<span class=\"elementor-icon-list-text\">Servicios Hotel Ilha Branca Guest House<\/span>\n\t\t\t\t\t\t\t\t\t\t\t<\/a>\n\t\t\t\t\t\t\t\t\t<\/li>\n\t\t\t\t\t\t<\/ul>\n\t\t\t\t\t\t<\/div>\n\t\t\t\t<\/div>\n\t\t\t\t<\/div>\n\t\t\t\t\t<\/div>\n\t\t\t\t<\/div>\n\t\t<div data-particle_enable=\"false\" data-particle-mobile-disabled=\"false\" class=\"elementor-element elementor-element-1a388d8 e-flex e-con-boxed e-con e-parent\" data-id=\"1a388d8\" data-element_type=\"container\">\n\t\t\t\t\t<div class=\"e-con-inner\">\n\t\t<div data-particle_enable=\"false\" data-particle-mobile-disabled=\"false\" class=\"elementor-element elementor-element-bba61c7 e-con-full e-flex e-con e-child\" data-id=\"bba61c7\" data-element_type=\"container\">\n\t\t\t\t<div class=\"elementor-element elementor-element-1f1060b elementor-cta--skin-classic elementor-animated-content elementor-bg-transform elementor-bg-transform-zoom-in elementor-widget elementor-widget-call-to-action\" data-id=\"1f1060b\" data-element_type=\"widget\" data-widget_type=\"call-to-action.default\">\n\t\t\t\t<div class=\"elementor-widget-container\">\n\t\t\t\t\t\t\t<div class=\"elementor-cta\">\n\t\t\t\t\t<div class=\"elementor-cta__bg-wrapper\">\n\t\t\t\t<div class=\"elementor-cta__bg elementor-bg\" style=\"background-image: url(https:\/\/hotelilhabranca.com\/wp-content\/uploads\/2025\/07\/IMG_4134-1024x768.jpg);\" role=\"img\" aria-label=\"Pool View\"><\/div>\n\t\t\t\t<div class=\"elementor-cta__bg-overlay\"><\/div>\n\t\t\t<\/div>\n\t\t\t\t\t\t\t<div class=\"elementor-cta__content\">\n\t\t\t\t\n\t\t\t\t\t\t\t\t\t<h2 class=\"elementor-cta__title elementor-cta__content-item elementor-content-item\">\n\t\t\t\t\t\tPiscina\t\t\t\t\t<\/h2>\n\t\t\t\t\n\t\t\t\t\t\t\t\t\t<div class=\"elementor-cta__description elementor-cta__content-item elementor-content-item\">\n\t\t\t\t\t\tRefr\u00e9squese en un ambiente tranquilo, con la atm\u00f3sfera luminosa y relajada de la Casa de Hu\u00e9spedes.\t\t\t\t\t<\/div>\n\t\t\t\t\n\t\t\t\t\t\t\t\t\t<div class=\"elementor-cta__button-wrapper elementor-cta__content-item elementor-content-item\">\n\t\t\t\t\t<a class=\"elementor-cta__button elementor-button elementor-size-\" href=\"https:\/\/hotelilhabranca.com\/es\/piscina-guest-house\/\">\n\t\t\t\t\t\tVer m\u00e1s\t\t\t\t\t<\/a>\n\t\t\t\t\t<\/div>\n\t\t\t\t\t\t\t<\/div>\n\t\t\t\t\t\t<\/div>\n\t\t\t\t\t\t<\/div>\n\t\t\t\t<\/div>\n\t\t\t\t<div class=\"elementor-element elementor-element-7a1e73a elementor-cta--skin-classic elementor-animated-content elementor-bg-transform elementor-bg-transform-zoom-in elementor-widget elementor-widget-call-to-action\" data-id=\"7a1e73a\" data-element_type=\"widget\" data-widget_type=\"call-to-action.default\">\n\t\t\t\t<div class=\"elementor-widget-container\">\n\t\t\t\t\t\t\t<div class=\"elementor-cta\">\n\t\t\t\t\t<div class=\"elementor-cta__bg-wrapper\">\n\t\t\t\t<div class=\"elementor-cta__bg elementor-bg\" style=\"background-image: url(https:\/\/hotelilhabranca.com\/wp-content\/uploads\/2023\/03\/WhatsApp-Image-2022-10-07-at-10.59.09-1024x737.png);\" role=\"img\" aria-label=\"WhatsApp Image 2022-10-07 at 10.59.09\"><\/div>\n\t\t\t\t<div class=\"elementor-cta__bg-overlay\"><\/div>\n\t\t\t<\/div>\n\t\t\t\t\t\t\t<div class=\"elementor-cta__content\">\n\t\t\t\t\n\t\t\t\t\t\t\t\t\t<h2 class=\"elementor-cta__title elementor-cta__content-item elementor-content-item\">\n\t\t\t\t\t\tTraslado privado\t\t\t\t\t<\/h2>\n\t\t\t\t\n\t\t\t\t\t\t\t\t\t<div class=\"elementor-cta__description elementor-cta__content-item elementor-content-item\">\n\t\t\t\t\t\tHaz que tu viaje sea a\u00fan m\u00e1s c\u00f3modo y sin preocupaciones.\t\t\t\t\t<\/div>\n\t\t\t\t\n\t\t\t\t\t\t\t\t\t<div class=\"elementor-cta__button-wrapper elementor-cta__content-item elementor-content-item\">\n\t\t\t\t\t<a class=\"elementor-cta__button elementor-button elementor-size-\" href=\"https:\/\/hotelilhabranca.com\/es\/servicio-de-transfer-privado-desde-el-aeropuerto-al-hotel-ilha-branca-en-armacao-dos-buzios\/\">\n\t\t\t\t\t\tVer m\u00e1s\t\t\t\t\t<\/a>\n\t\t\t\t\t<\/div>\n\t\t\t\t\t\t\t<\/div>\n\t\t\t\t\t\t<\/div>\n\t\t\t\t\t\t<\/div>\n\t\t\t\t<\/div>\n\t\t\t\t<\/div>\n\t\t<div data-particle_enable=\"false\" data-particle-mobile-disabled=\"false\" class=\"elementor-element elementor-element-0d5849f e-con-full e-flex e-con e-child\" data-id=\"0d5849f\" data-element_type=\"container\">\n\t\t\t\t<div class=\"elementor-element elementor-element-780ba4a elementor-cta--skin-classic elementor-animated-content elementor-bg-transform elementor-bg-transform-zoom-in elementor-widget elementor-widget-call-to-action\" data-id=\"780ba4a\" data-element_type=\"widget\" data-widget_type=\"call-to-action.default\">\n\t\t\t\t<div class=\"elementor-widget-container\">\n\t\t\t\t\t\t\t<div class=\"elementor-cta\">\n\t\t\t\t\t<div class=\"elementor-cta__bg-wrapper\">\n\t\t\t\t<div class=\"elementor-cta__bg elementor-bg\" style=\"background-image: url(https:\/\/hotelilhabranca.com\/wp-content\/uploads\/2025\/07\/IMG_4157-768x1024.jpg);\" role=\"img\" aria-label=\"Deck View\"><\/div>\n\t\t\t\t<div class=\"elementor-cta__bg-overlay\"><\/div>\n\t\t\t<\/div>\n\t\t\t\t\t\t\t<div class=\"elementor-cta__content\">\n\t\t\t\t\n\t\t\t\t\t\t\t\t\t<h2 class=\"elementor-cta__title elementor-cta__content-item elementor-content-item\">\n\t\t\t\t\t\tSunset Lounge\t\t\t\t\t<\/h2>\n\t\t\t\t\n\t\t\t\t\t\t\t\t\t<div class=\"elementor-cta__description elementor-cta__content-item elementor-content-item\">\n\t\t\t\t\t\tDisfrute del atardecer con una hermosa vista y el encanto r\u00fastico de nuestra posada.\t\t\t\t\t<\/div>\n\t\t\t\t\n\t\t\t\t\t\t\t\t\t<div class=\"elementor-cta__button-wrapper elementor-cta__content-item elementor-content-item\">\n\t\t\t\t\t<a class=\"elementor-cta__button elementor-button elementor-size-\" href=\"https:\/\/hotelilhabranca.com\/es\/sunset-lounge-guest-house\/\">\n\t\t\t\t\t\tVer m\u00e1s\t\t\t\t\t<\/a>\n\t\t\t\t\t<\/div>\n\t\t\t\t\t\t\t<\/div>\n\t\t\t\t\t\t<\/div>\n\t\t\t\t\t\t<\/div>\n\t\t\t\t<\/div>\n\t\t\t\t<div class=\"elementor-element elementor-element-f8534d4 elementor-cta--skin-classic elementor-animated-content elementor-bg-transform elementor-bg-transform-zoom-in elementor-widget elementor-widget-call-to-action\" data-id=\"f8534d4\" data-element_type=\"widget\" data-widget_type=\"call-to-action.default\">\n\t\t\t\t<div class=\"elementor-widget-container\">\n\t\t\t\t\t\t\t<div class=\"elementor-cta\">\n\t\t\t\t\t<div class=\"elementor-cta__bg-wrapper\">\n\t\t\t\t<div class=\"elementor-cta__bg elementor-bg\" style=\"background-image: url(https:\/\/hotelilhabranca.com\/wp-content\/uploads\/2024\/09\/IMG_7687-1024x768.jpeg);\" role=\"img\" aria-label=\"Estacionamiento\"><\/div>\n\t\t\t\t<div class=\"elementor-cta__bg-overlay\"><\/div>\n\t\t\t<\/div>\n\t\t\t\t\t\t\t<div class=\"elementor-cta__content\">\n\t\t\t\t\n\t\t\t\t\t\t\t\t\t<h2 class=\"elementor-cta__title elementor-cta__content-item elementor-content-item\">\n\t\t\t\t\t\tEstacionamiento\t\t\t\t\t<\/h2>\n\t\t\t\t\n\t\t\t\t\t\t\t\t\t<div class=\"elementor-cta__description elementor-cta__content-item elementor-content-item\">\n\t\t\t\t\t\tMayor comodidad desde el momento de tu llegada, con seguridad y f\u00e1cil acceso.\t\t\t\t\t<\/div>\n\t\t\t\t\n\t\t\t\t\t\t\t\t\t<div class=\"elementor-cta__button-wrapper elementor-cta__content-item elementor-content-item\">\n\t\t\t\t\t<a class=\"elementor-cta__button elementor-button elementor-size-\" href=\"https:\/\/hotelilhabranca.com\/es\/estacionamento-guest-house\/\">\n\t\t\t\t\t\tVer m\u00e1s\t\t\t\t\t<\/a>\n\t\t\t\t\t<\/div>\n\t\t\t\t\t\t\t<\/div>\n\t\t\t\t\t\t<\/div>\n\t\t\t\t\t\t<\/div>\n\t\t\t\t<\/div>\n\t\t\t\t<\/div>\n\t\t<div data-particle_enable=\"false\" data-particle-mobile-disabled=\"false\" class=\"elementor-element elementor-element-0030f63 e-con-full e-flex e-con e-child\" data-id=\"0030f63\" data-element_type=\"container\">\n\t\t\t\t<div class=\"elementor-element elementor-element-1a4ce1c elementor-cta--skin-classic elementor-animated-content elementor-bg-transform elementor-bg-transform-zoom-in elementor-widget elementor-widget-call-to-action\" data-id=\"1a4ce1c\" data-element_type=\"widget\" data-widget_type=\"call-to-action.default\">\n\t\t\t\t<div class=\"elementor-widget-container\">\n\t\t\t\t\t\t\t<div class=\"elementor-cta\">\n\t\t\t\t\t<div class=\"elementor-cta__bg-wrapper\">\n\t\t\t\t<div class=\"elementor-cta__bg elementor-bg\" style=\"background-image: url(https:\/\/hotelilhabranca.com\/wp-content\/uploads\/2025\/07\/RaLLrpV9H7Oue5P3AEP5VMUa2enODoX04OiSuJKD-1024x576.webp);\" role=\"img\" aria-label=\"Parrilla\"><\/div>\n\t\t\t\t<div class=\"elementor-cta__bg-overlay\"><\/div>\n\t\t\t<\/div>\n\t\t\t\t\t\t\t<div class=\"elementor-cta__content\">\n\t\t\t\t\n\t\t\t\t\t\t\t\t\t<h2 class=\"elementor-cta__title elementor-cta__content-item elementor-content-item\">\n\t\t\t\t\t\tParrilla\t\t\t\t\t<\/h2>\n\t\t\t\t\n\t\t\t\t\t\t\t\t\t<div class=\"elementor-cta__description elementor-cta__content-item elementor-content-item\">\n\t\t\t\t\t\tIdeal para reunir amigos o familiares en un ambiente relajado y bien equipado.\t\t\t\t\t<\/div>\n\t\t\t\t\n\t\t\t\t\t\t\t\t\t<div class=\"elementor-cta__button-wrapper elementor-cta__content-item elementor-content-item\">\n\t\t\t\t\t<a class=\"elementor-cta__button elementor-button elementor-size-\" href=\"https:\/\/hotelilhabranca.com\/es\/sunset-lounge\/\">\n\t\t\t\t\t\tVer m\u00e1s\t\t\t\t\t<\/a>\n\t\t\t\t\t<\/div>\n\t\t\t\t\t\t\t<\/div>\n\t\t\t\t\t\t<\/div>\n\t\t\t\t\t\t<\/div>\n\t\t\t\t<\/div>\n\t\t\t\t<\/div>\n\t\t\t\t\t<\/div>\n\t\t\t\t<\/div>\n\t\t\t\t<\/div>","protected":false},"excerpt":{"rendered":"<p>Servi\u00e7os Hotel Ilha Branca Guest House Inicio Servi\u00e7os Hotel Ilha Branca Guest House Piscinas Refresque-se em um ambiente tranquilo, com o clima leve e descontra\u00eddo da Guest House. Ver Mais Transfer Privado Torne sua viagem ainda mais confort\u00e1vel e sem preocupa\u00e7\u00f5es. Ver Mais Sunset Lounge Desfrute do p\u00f4r do sol com uma vista linda e [&hellip;]<\/p>","protected":false},"author":2,"featured_media":0,"parent":0,"menu_order":0,"comment_status":"closed","ping_status":"closed","template":"elementor_header_footer","meta":{"_seopress_robots_primary_cat":"","_seopress_titles_title":"","_seopress_titles_desc":"","_seopress_robots_index":"","_joinchat":[],"footnotes":""},"folder":[],"class_list":["post-11244","page","type-page","status-publish","hentry"],"_links":{"self":[{"href":"https:\/\/hotelilhabranca.com\/es\/wp-json\/wp\/v2\/pages\/11244","targetHints":{"allow":["GET"]}}],"collection":[{"href":"https:\/\/hotelilhabranca.com\/es\/wp-json\/wp\/v2\/pages"}],"about":[{"href":"https:\/\/hotelilhabranca.com\/es\/wp-json\/wp\/v2\/types\/page"}],"author":[{"embeddable":true,"href":"https:\/\/hotelilhabranca.com\/es\/wp-json\/wp\/v2\/users\/2"}],"replies":[{"embeddable":true,"href":"https:\/\/hotelilhabranca.com\/es\/wp-json\/wp\/v2\/comments?post=11244"}],"version-history":[{"count":0,"href":"https:\/\/hotelilhabranca.com\/es\/wp-json\/wp\/v2\/pages\/11244\/revisions"}],"wp:attachment":[{"href":"https:\/\/hotelilhabranca.com\/es\/wp-json\/wp\/v2\/media?parent=11244"}],"wp:term":[{"taxonomy":"folder","embeddable":true,"href":"https:\/\/hotelilhabranca.com\/es\/wp-json\/wp\/v2\/folder?post=11244"}],"curies":[{"name":"wp","href":"https:\/\/api.w.org\/{rel}","templated":true}]}}