{"id":11070,"date":"2025-07-16T14:44:29","date_gmt":"2025-07-16T17:44:29","guid":{"rendered":"https:\/\/hotelilhabranca.com\/?page_id=11070"},"modified":"2025-07-16T15:02:05","modified_gmt":"2025-07-16T18:02:05","slug":"restaurante","status":"publish","type":"page","link":"https:\/\/hotelilhabranca.com\/es\/restaurante\/","title":{"rendered":"Restaurante"},"content":{"rendered":"<style>.elementor-11070 .elementor-element.elementor-element-21903dad{--display:flex;--flex-direction:column;--container-widget-width:100%;--container-widget-height:initial;--container-widget-flex-grow:0;--container-widget-align-self:initial;--flex-wrap-mobile:wrap;--overlay-opacity:0.5;--margin-top:0px;--margin-bottom:0px;--margin-left:0px;--margin-right:0px;--padding-top:013rem;--padding-bottom:6rem;--padding-left:1rem;--padding-right:1rem;}.elementor-11070 .elementor-element.elementor-element-21903dad::before, .elementor-11070 .elementor-element.elementor-element-21903dad > .elementor-background-video-container::before, .elementor-11070 .elementor-element.elementor-element-21903dad > .e-con-inner > .elementor-background-video-container::before, .elementor-11070 .elementor-element.elementor-element-21903dad > .elementor-background-slideshow::before, .elementor-11070 .elementor-element.elementor-element-21903dad > .e-con-inner > .elementor-background-slideshow::before, .elementor-11070 .elementor-element.elementor-element-21903dad > .elementor-motion-effects-container > .elementor-motion-effects-layer::before{background-color:var( --e-global-color-secondary );--background-overlay:'';}.elementor-11070 .elementor-element.elementor-element-6f3494d{--display:flex;}.elementor-11070 .elementor-element.elementor-element-6f3494d.e-con{--flex-grow:0;--flex-shrink:0;}.elementor-11070 .elementor-element.elementor-element-6451594f{width:var( --container-widget-width, 111.157% );max-width:111.157%;--container-widget-width:111.157%;--container-widget-flex-grow:0;}.elementor-11070 .elementor-element.elementor-element-6451594f.elementor-element{--flex-grow:0;--flex-shrink:0;}.elementor-11070 .elementor-element.elementor-element-6451594f .elementor-heading-title{font-size:33px;color:#FFFFFF;}.elementor-11070 .elementor-element.elementor-element-121de35 .elementor-icon-list-items:not(.elementor-inline-items) .elementor-icon-list-item:not(:last-child){padding-block-end:calc(20px\/2);}.elementor-11070 .elementor-element.elementor-element-121de35 .elementor-icon-list-items:not(.elementor-inline-items) .elementor-icon-list-item:not(:first-child){margin-block-start:calc(20px\/2);}.elementor-11070 .elementor-element.elementor-element-121de35 .elementor-icon-list-items.elementor-inline-items .elementor-icon-list-item{margin-inline:calc(20px\/2);}.elementor-11070 .elementor-element.elementor-element-121de35 .elementor-icon-list-items.elementor-inline-items{margin-inline:calc(-20px\/2);}.elementor-11070 .elementor-element.elementor-element-121de35 .elementor-icon-list-items.elementor-inline-items .elementor-icon-list-item:after{inset-inline-end:calc(-20px\/2);}.elementor-11070 .elementor-element.elementor-element-121de35 .elementor-icon-list-icon i{color:var( --e-global-color-primary );transition:color 0.3s;}.elementor-11070 .elementor-element.elementor-element-121de35 .elementor-icon-list-icon svg{fill:var( --e-global-color-primary );transition:fill 0.3s;}.elementor-11070 .elementor-element.elementor-element-121de35{--e-icon-list-icon-size:14px;--icon-vertical-offset:0px;}.elementor-11070 .elementor-element.elementor-element-121de35 .elementor-icon-list-icon{padding-inline-end:10px;}.elementor-11070 .elementor-element.elementor-element-121de35 .elementor-icon-list-text{color:var( --e-global-color-primary );transition:color 0.3s;}.elementor-11070 .elementor-element.elementor-element-121de35 .elementor-icon-list-item:hover .elementor-icon-list-text{color:var( --e-global-color-accent );}.elementor-11070 .elementor-element.elementor-element-215cc153{--display:flex;--flex-direction:row;--container-widget-width:initial;--container-widget-height:100%;--container-widget-flex-grow:1;--container-widget-align-self:stretch;--flex-wrap-mobile:wrap;--gap:0px 0px;--row-gap:0px;--column-gap:0px;--margin-top:0px;--margin-bottom:0px;--margin-left:0px;--margin-right:0px;--padding-top:4em;--padding-bottom:6em;--padding-left:1em;--padding-right:1em;}.elementor-11070 .elementor-element.elementor-element-2d0b42d8{--display:flex;--margin-top:0px;--margin-bottom:0px;--margin-left:0px;--margin-right:0px;--padding-top:0px;--padding-bottom:0px;--padding-left:0px;--padding-right:0px;}.elementor-11070 .elementor-element.elementor-element-2d0b42d8.e-con{--flex-grow:0;--flex-shrink:0;}.elementor-11070 .elementor-element.elementor-element-3f7a3688{--display:flex;--min-height:510px;--gap:0px 0px;--row-gap:0px;--column-gap:0px;--margin-top:0px;--margin-bottom:0px;--margin-left:0px;--margin-right:0px;--padding-top:0em;--padding-bottom:0em;--padding-left:0em;--padding-right:0em;}.elementor-11070 .elementor-element.elementor-element-66b9e41c{--display:flex;--margin-top:0px;--margin-bottom:0px;--margin-left:0px;--margin-right:0px;--padding-top:0em;--padding-bottom:0em;--padding-left:4em;--padding-right:0em;}.elementor-11070 .elementor-element.elementor-element-1f81915b{--display:flex;--margin-top:0px;--margin-bottom:0px;--margin-left:0px;--margin-right:0px;--padding-top:0em;--padding-bottom:1em;--padding-left:0em;--padding-right:0em;}.elementor-11070 .elementor-element.elementor-element-40b01a6 .elementskit-accordion.accoedion-primary .elementskit-card .elementskit-card-header>.elementskit-btn-link[aria-expanded=\"true\"], .elementor-11070 .elementor-element.elementor-element-40b01a6 .elementskit-accordion .elementskit-card-header>.elementskit-btn-link[aria-expanded=true], .elementor-11070 .elementor-element.elementor-element-40b01a6 .elementskit-accordion.floating-style .elementskit-card .elementskit-btn-link[aria-expanded=\"true\"]{background-color:var( --e-global-color-secondary );}.elementor-11070 .elementor-element.elementor-element-40b01a6 .elementskit-accordion .elementskit-card .elementskit-card-header>.elementskit-btn-link[aria-expanded=\"true\"]{color:var( --e-global-color-primary );}.elementor-11070 .elementor-element.elementor-element-40b01a6 .elementskit-accordion.curve-shape .elementskit-card-header>.elementskit-btn-link[aria-expanded=true]{color:var( --e-global-color-primary );}.elementor-11070 .elementor-element.elementor-element-40b01a6 .elementskit-accordion .elementskit-card-header>.elementskit-btn-link{color:var( --e-global-color-secondary );}.elementor-11070 .elementor-element.elementor-element-40b01a6 .elementskit-accordion .elementskit-card-body{border-radius:0px 0px 0px 0px;padding:18px 32px 18px 32px;}:root{--page-title-display:none;}@media(min-width:768px){.elementor-11070 .elementor-element.elementor-element-6f3494d{--width:85.883%;}.elementor-11070 .elementor-element.elementor-element-2d0b42d8{--width:31.726%;}.elementor-11070 .elementor-element.elementor-element-3f7a3688{--content-width:1337px;}.elementor-11070 .elementor-element.elementor-element-66b9e41c{--content-width:1222px;}}@media(max-width:1024px) and (min-width:768px){.elementor-11070 .elementor-element.elementor-element-2d0b42d8{--width:100%;}}@media(max-width:1024px){.elementor-11070 .elementor-element.elementor-element-215cc153{--flex-direction:column-reverse;--container-widget-width:100%;--container-widget-height:initial;--container-widget-flex-grow:0;--container-widget-align-self:initial;--flex-wrap-mobile:wrap;}.elementor-11070 .elementor-element.elementor-element-66b9e41c{--padding-top:0em;--padding-bottom:2em;--padding-left:0em;--padding-right:0em;}}@media(max-width:767px){.elementor-11070 .elementor-element.elementor-element-376508cd > .elementor-container{max-width:290px;}}<\/style>\t\t<div data-elementor-type=\"wp-page\" data-elementor-id=\"11070\" class=\"elementor elementor-11070\" data-elementor-post-type=\"page\">\n\t\t\t\t\t\t<section data-particle_enable=\"false\" data-particle-mobile-disabled=\"false\" class=\"elementor-section elementor-top-section elementor-element elementor-element-376508cd elementor-section-boxed elementor-section-height-default elementor-section-height-default\" data-id=\"376508cd\" data-element_type=\"section\">\n\t\t\t\t\t\t<div class=\"elementor-container elementor-column-gap-default\">\n\t\t\t\t\t<div class=\"elementor-column elementor-col-100 elementor-top-column elementor-element elementor-element-5b805f8c\" data-id=\"5b805f8c\" data-element_type=\"column\">\n\t\t\t<div class=\"elementor-widget-wrap\">\n\t\t\t\t\t\t\t<\/div>\n\t\t<\/div>\n\t\t\t\t\t<\/div>\n\t\t<\/section>\n\t\t<div data-particle_enable=\"false\" data-particle-mobile-disabled=\"false\" class=\"elementor-element elementor-element-21903dad e-flex e-con-boxed e-con e-parent\" data-id=\"21903dad\" data-element_type=\"container\" data-settings=\"{&quot;background_background&quot;:&quot;slideshow&quot;,&quot;background_slideshow_gallery&quot;:[{&quot;id&quot;:11073,&quot;url&quot;:&quot;https:\\\/\\\/hotelilhabranca.com\\\/wp-content\\\/uploads\\\/2025\\\/07\\\/WhatsApp-Image-2025-07-16-at-10.17.41-1.jpeg&quot;},{&quot;id&quot;:11075,&quot;url&quot;:&quot;https:\\\/\\\/hotelilhabranca.com\\\/wp-content\\\/uploads\\\/2025\\\/07\\\/WhatsApp-Image-2025-07-15-at-15.19.25.jpeg&quot;},{&quot;id&quot;:11076,&quot;url&quot;:&quot;https:\\\/\\\/hotelilhabranca.com\\\/wp-content\\\/uploads\\\/2025\\\/07\\\/WhatsApp-Image-2025-07-15-at-15.19.24-2.jpeg&quot;},{&quot;id&quot;:11077,&quot;url&quot;:&quot;https:\\\/\\\/hotelilhabranca.com\\\/wp-content\\\/uploads\\\/2025\\\/07\\\/WhatsApp-Image-2025-07-15-at-15.19.24-1.jpeg&quot;}],&quot;background_slideshow_slide_duration&quot;:3000,&quot;background_slideshow_loop&quot;:&quot;yes&quot;,&quot;background_slideshow_slide_transition&quot;:&quot;fade&quot;,&quot;background_slideshow_transition_duration&quot;:500}\">\n\t\t\t\t\t<div class=\"e-con-inner\">\n\t\t<div data-particle_enable=\"false\" data-particle-mobile-disabled=\"false\" class=\"elementor-element elementor-element-6f3494d e-con-full e-flex e-con e-child\" data-id=\"6f3494d\" data-element_type=\"container\">\n\t\t\t\t<div class=\"elementor-element elementor-element-6451594f elementor-widget__width-initial elementor-invisible elementor-widget elementor-widget-heading\" data-id=\"6451594f\" data-element_type=\"widget\" data-settings=\"{&quot;_animation&quot;:&quot;fadeInUp&quot;}\" data-widget_type=\"heading.default\">\n\t\t\t\t<div class=\"elementor-widget-container\">\n\t\t\t\t\t<h2 class=\"elementor-heading-title elementor-size-default\">Restaurante<\/h2>\t\t\t\t<\/div>\n\t\t\t\t<\/div>\n\t\t\t\t<div class=\"elementor-element elementor-element-121de35 elementor-icon-list--layout-inline elementor-list-item-link-full_width elementor-widget elementor-widget-icon-list\" data-id=\"121de35\" data-element_type=\"widget\" data-widget_type=\"icon-list.default\">\n\t\t\t\t<div class=\"elementor-widget-container\">\n\t\t\t\t\t\t\t<ul class=\"elementor-icon-list-items elementor-inline-items\">\n\t\t\t\t\t\t\t<li class=\"elementor-icon-list-item elementor-inline-item\">\n\t\t\t\t\t\t\t\t\t\t\t<a href=\"https:\/\/hotelilhabranca.com\/es\">\n\n\t\t\t\t\t\t\t\t\t\t\t<span class=\"elementor-icon-list-text\">P\u00e1gina de inicio<\/span>\n\t\t\t\t\t\t\t\t\t\t\t<\/a>\n\t\t\t\t\t\t\t\t\t<\/li>\n\t\t\t\t\t\t\t\t<li class=\"elementor-icon-list-item elementor-inline-item\">\n\t\t\t\t\t\t\t\t\t\t\t<a href=\"#\">\n\n\t\t\t\t\t\t\t\t\t\t\t\t<span class=\"elementor-icon-list-icon\">\n\t\t\t\t\t\t\t<i aria-hidden=\"true\" class=\"icon icon-right-arrow\"><\/i>\t\t\t\t\t\t<\/span>\n\t\t\t\t\t\t\t\t\t\t<span class=\"elementor-icon-list-text\">Restaurante<\/span>\n\t\t\t\t\t\t\t\t\t\t\t<\/a>\n\t\t\t\t\t\t\t\t\t<\/li>\n\t\t\t\t\t\t<\/ul>\n\t\t\t\t\t\t<\/div>\n\t\t\t\t<\/div>\n\t\t\t\t<\/div>\n\t\t\t\t\t<\/div>\n\t\t\t\t<\/div>\n\t\t<div data-particle_enable=\"false\" data-particle-mobile-disabled=\"false\" class=\"elementor-element elementor-element-215cc153 e-flex e-con-boxed e-con e-parent\" data-id=\"215cc153\" data-element_type=\"container\">\n\t\t\t\t\t<div class=\"e-con-inner\">\n\t\t<div data-particle_enable=\"false\" data-particle-mobile-disabled=\"false\" class=\"elementor-element elementor-element-2d0b42d8 e-con-full e-flex e-con e-child\" data-id=\"2d0b42d8\" data-element_type=\"container\">\n\t\t<div data-particle_enable=\"false\" data-particle-mobile-disabled=\"false\" class=\"elementor-element elementor-element-3f7a3688 e-flex e-con-boxed elementor-invisible e-con e-child\" data-id=\"3f7a3688\" data-element_type=\"container\" data-settings=\"{&quot;background_background&quot;:&quot;slideshow&quot;,&quot;animation&quot;:&quot;fadeInLeft&quot;,&quot;background_slideshow_gallery&quot;:[{&quot;id&quot;:11073,&quot;url&quot;:&quot;https:\\\/\\\/hotelilhabranca.com\\\/wp-content\\\/uploads\\\/2025\\\/07\\\/WhatsApp-Image-2025-07-16-at-10.17.41-1.jpeg&quot;},{&quot;id&quot;:11075,&quot;url&quot;:&quot;https:\\\/\\\/hotelilhabranca.com\\\/wp-content\\\/uploads\\\/2025\\\/07\\\/WhatsApp-Image-2025-07-15-at-15.19.25.jpeg&quot;},{&quot;id&quot;:11076,&quot;url&quot;:&quot;https:\\\/\\\/hotelilhabranca.com\\\/wp-content\\\/uploads\\\/2025\\\/07\\\/WhatsApp-Image-2025-07-15-at-15.19.24-2.jpeg&quot;},{&quot;id&quot;:11078,&quot;url&quot;:&quot;https:\\\/\\\/hotelilhabranca.com\\\/wp-content\\\/uploads\\\/2025\\\/07\\\/WhatsApp-Image-2025-07-15-at-15.19.24-1-1.jpeg&quot;},{&quot;id&quot;:11079,&quot;url&quot;:&quot;https:\\\/\\\/hotelilhabranca.com\\\/wp-content\\\/uploads\\\/2025\\\/07\\\/WhatsApp-Image-2025-07-15-at-15.19.24.jpeg&quot;}],&quot;background_slideshow_loop&quot;:&quot;yes&quot;,&quot;background_slideshow_slide_duration&quot;:5000,&quot;background_slideshow_slide_transition&quot;:&quot;fade&quot;,&quot;background_slideshow_transition_duration&quot;:500}\">\n\t\t\t\t\t<div class=\"e-con-inner\">\n\t\t\t\t\t<\/div>\n\t\t\t\t<\/div>\n\t\t\t\t<\/div>\n\t\t<div data-particle_enable=\"false\" data-particle-mobile-disabled=\"false\" class=\"elementor-element elementor-element-66b9e41c e-flex e-con-boxed e-con e-child\" data-id=\"66b9e41c\" data-element_type=\"container\">\n\t\t\t\t\t<div class=\"e-con-inner\">\n\t\t<div data-particle_enable=\"false\" data-particle-mobile-disabled=\"false\" class=\"elementor-element elementor-element-1f81915b e-con-full e-flex e-con e-child\" data-id=\"1f81915b\" data-element_type=\"container\">\n\t\t\t\t<div class=\"elementor-element elementor-element-72f6dd89 elementor-widget elementor-widget-heading\" data-id=\"72f6dd89\" data-element_type=\"widget\" data-widget_type=\"heading.default\">\n\t\t\t\t<div class=\"elementor-widget-container\">\n\t\t\t\t\t<h2 class=\"elementor-heading-title elementor-size-default\">Restaurante Sanse<\/h2>\t\t\t\t<\/div>\n\t\t\t\t<\/div>\n\t\t\t\t<div class=\"elementor-element elementor-element-d9af356 elementor-widget elementor-widget-text-editor\" data-id=\"d9af356\" data-element_type=\"widget\" data-widget_type=\"text-editor.default\">\n\t\t\t\t<div class=\"elementor-widget-container\">\n\t\t\t\t\t\t\t\t\t<p>Descubra sabores \u00fanicos durante su estancia. En Ilha Branca, le ofrecemos experiencias gastron\u00f3micas excepcionales en un ambiente c\u00e1lido y acogedor.<\/p>\t\t\t\t\t\t\t\t<\/div>\n\t\t\t\t<\/div>\n\t\t\t\t<div class=\"elementor-element elementor-element-40b01a6 elementor-invisible elementor-widget elementor-widget-elementskit-accordion\" data-id=\"40b01a6\" data-element_type=\"widget\" data-settings=\"{&quot;_animation&quot;:&quot;fadeInLeft&quot;}\" data-widget_type=\"elementskit-accordion.default\">\n\t\t\t\t<div class=\"elementor-widget-container\">\n\t\t\t\t\t<div class=\"ekit-wid-con\" >\n        <div class=\"elementskit-accordion accoedion-primary\" id=\"accordion-69e3d5a134491\">\n\n            \n                <div class=\"elementskit-card active\">\n                    <div class=\"elementskit-card-header\" id=\"primaryHeading-0-40b01a6\">\n                        <a href=\"#collapse-8bd03d269e3d5a134491\" class=\"ekit-accordion--toggler elementskit-btn-link collapsed\" data-ekit-toggle=\"collapse\" data-target=\"#Collapse-8bd03d269e3d5a134491\" aria-expanded=\"true\" aria-controls=\"Collapse-8bd03d269e3d5a134491\">\n                            \n                            <span class=\"ekit-accordion-title\">Cocina afectiva<\/span>\n\n                            \n                                <div class=\"ekit_accordion_icon_group\">\n                                    <div class=\"ekit_accordion_normal_icon\">\n                                        <!-- Normal Icon -->\n\t\t\t\t\t\t\t\t\t\t<i class=\"icon icon-down-arrow1\"><\/i>                                    <\/div>\n\n                                    <div class=\"ekit_accordion_active_icon\">\n                                        <!-- Active Icon -->\n\t\t\t\t\t\t\t\t\t\t<i class=\"icon icon-up-arrow\"><\/i>                                    <\/div>\n                                <\/div>\n\n                            \n                                                    <\/a>\n                    <\/div>\n\n                    <div id=\"Collapse-8bd03d269e3d5a134491\" class=\"show collapse\" aria-labelledby=\"primaryHeading-0-40b01a6\" data-parent=\"#accordion-69e3d5a134491\">\n\n                        <div class=\"elementskit-card-body ekit-accordion--content\">\n                            <div class=\"elementor-toggle-item\"><div class=\"elementor-tab-content elementor-clearfix elementor-active\"><p>Ubicado a la entrada del hotel, el Restaurante Sanse le invita a disfrutar del sabor y la experiencia. Con un men\u00fa creativo que combina ingredientes frescos con toques contempor\u00e1neos, ofrece platos de autor, s\u00e1ndwiches artesanales, opciones vegetarianas y postres irresistibles.<\/p><p>El ambiente es relajado y acogedor, con un servicio atento y espacios al aire libre perfectos para cualquier momento del d\u00eda.<\/p><p>Durante su estancia, usted puede elegir entre <strong>reserva de media pensi\u00f3n<\/strong>, que incluye cena en el restaurante con men\u00fa especial incluido en el precio de la estancia, ideal para quienes desean comodidad y una experiencia a\u00fan m\u00e1s completa.<\/p><p>Sanse tambi\u00e9n admite mascotas y est\u00e1 abierto al p\u00fablico, brindando una experiencia gastron\u00f3mica memorable en B\u00fazios.<\/p><\/div><\/div>                        <\/div>\n\n                    <\/div>\n\n                <\/div><!-- .elementskit-card END -->\n\n                                        <\/div>\n    <\/div>\t\t\t\t<\/div>\n\t\t\t\t<\/div>\n\t\t\t\t<\/div>\n\t\t\t\t\t<\/div>\n\t\t\t\t<\/div>\n\t\t\t\t\t<\/div>\n\t\t\t\t<\/div>\n\t\t\t\t<\/div>","protected":false},"excerpt":{"rendered":"<p>Restaurante &nbsp; Inicio Restaurante Restaurante Sanse Descubra sabores especiais durante sua estadia. No Ilha Branca, oferecemos experi\u00eancias gastron\u00f4micas marcantes em um ambiente aconchegante e acolhedor. Cozinha Afetiva Localizado na entrada do hotel, o restaurante Sanse \u00e9 um convite ao sabor e \u00e0 experi\u00eancia. Com um card\u00e1pio criativo que combina ingredientes frescos e toques contempor\u00e2neos, oferece [&hellip;]<\/p>","protected":false},"author":2,"featured_media":0,"parent":0,"menu_order":0,"comment_status":"closed","ping_status":"closed","template":"elementor_header_footer","meta":{"_seopress_robots_primary_cat":"","_seopress_titles_title":"","_seopress_titles_desc":"","_seopress_robots_index":"","_joinchat":[],"footnotes":""},"folder":[],"class_list":["post-11070","page","type-page","status-publish","hentry"],"_links":{"self":[{"href":"https:\/\/hotelilhabranca.com\/es\/wp-json\/wp\/v2\/pages\/11070","targetHints":{"allow":["GET"]}}],"collection":[{"href":"https:\/\/hotelilhabranca.com\/es\/wp-json\/wp\/v2\/pages"}],"about":[{"href":"https:\/\/hotelilhabranca.com\/es\/wp-json\/wp\/v2\/types\/page"}],"author":[{"embeddable":true,"href":"https:\/\/hotelilhabranca.com\/es\/wp-json\/wp\/v2\/users\/2"}],"replies":[{"embeddable":true,"href":"https:\/\/hotelilhabranca.com\/es\/wp-json\/wp\/v2\/comments?post=11070"}],"version-history":[{"count":0,"href":"https:\/\/hotelilhabranca.com\/es\/wp-json\/wp\/v2\/pages\/11070\/revisions"}],"wp:attachment":[{"href":"https:\/\/hotelilhabranca.com\/es\/wp-json\/wp\/v2\/media?parent=11070"}],"wp:term":[{"taxonomy":"folder","embeddable":true,"href":"https:\/\/hotelilhabranca.com\/es\/wp-json\/wp\/v2\/folder?post=11070"}],"curies":[{"name":"wp","href":"https:\/\/api.w.org\/{rel}","templated":true}]}}