{"id":10666,"date":"2025-07-10T13:22:55","date_gmt":"2025-07-10T16:22:55","guid":{"rendered":"https:\/\/hotelilhabranca.com\/?page_id=10666"},"modified":"2025-07-10T18:51:17","modified_gmt":"2025-07-10T21:51:17","slug":"estacionamento-rotativo","status":"publish","type":"page","link":"https:\/\/hotelilhabranca.com\/es\/estacionamento-rotativo\/","title":{"rendered":"Estacionamiento para estancias breves"},"content":{"rendered":"<style>.elementor-10666 .elementor-element.elementor-element-a7b2f3d{--display:flex;--flex-direction:column;--container-widget-width:100%;--container-widget-height:initial;--container-widget-flex-grow:0;--container-widget-align-self:initial;--flex-wrap-mobile:wrap;--overlay-opacity:0.5;--margin-top:0px;--margin-bottom:0px;--margin-left:0px;--margin-right:0px;--padding-top:13rem;--padding-bottom:6rem;--padding-left:1rem;--padding-right:1rem;}.elementor-10666 .elementor-element.elementor-element-a7b2f3d::before, .elementor-10666 .elementor-element.elementor-element-a7b2f3d > .elementor-background-video-container::before, .elementor-10666 .elementor-element.elementor-element-a7b2f3d > .e-con-inner > .elementor-background-video-container::before, .elementor-10666 .elementor-element.elementor-element-a7b2f3d > .elementor-background-slideshow::before, .elementor-10666 .elementor-element.elementor-element-a7b2f3d > .e-con-inner > .elementor-background-slideshow::before, .elementor-10666 .elementor-element.elementor-element-a7b2f3d > .elementor-motion-effects-container > .elementor-motion-effects-layer::before{background-color:var( --e-global-color-secondary );--background-overlay:'';}.elementor-10666 .elementor-element.elementor-element-a7b2f3d .elementor-background-slideshow__slide__image{background-position:top center;}.elementor-10666 .elementor-element.elementor-element-28eb6699{--display:flex;}.elementor-10666 .elementor-element.elementor-element-28eb6699.e-con{--flex-grow:0;--flex-shrink:0;}.elementor-10666 .elementor-element.elementor-element-6d8a284f{width:var( --container-widget-width, 111.157% );max-width:111.157%;--container-widget-width:111.157%;--container-widget-flex-grow:0;}.elementor-10666 .elementor-element.elementor-element-6d8a284f.elementor-element{--flex-grow:0;--flex-shrink:0;}.elementor-10666 .elementor-element.elementor-element-6d8a284f .elementor-heading-title{font-size:33px;color:#FFFFFF;}.elementor-10666 .elementor-element.elementor-element-23733c86 .elementor-icon-list-items:not(.elementor-inline-items) .elementor-icon-list-item:not(:last-child){padding-block-end:calc(20px\/2);}.elementor-10666 .elementor-element.elementor-element-23733c86 .elementor-icon-list-items:not(.elementor-inline-items) .elementor-icon-list-item:not(:first-child){margin-block-start:calc(20px\/2);}.elementor-10666 .elementor-element.elementor-element-23733c86 .elementor-icon-list-items.elementor-inline-items .elementor-icon-list-item{margin-inline:calc(20px\/2);}.elementor-10666 .elementor-element.elementor-element-23733c86 .elementor-icon-list-items.elementor-inline-items{margin-inline:calc(-20px\/2);}.elementor-10666 .elementor-element.elementor-element-23733c86 .elementor-icon-list-items.elementor-inline-items .elementor-icon-list-item:after{inset-inline-end:calc(-20px\/2);}.elementor-10666 .elementor-element.elementor-element-23733c86 .elementor-icon-list-icon i{color:var( --e-global-color-primary );transition:color 0.3s;}.elementor-10666 .elementor-element.elementor-element-23733c86 .elementor-icon-list-icon svg{fill:var( --e-global-color-primary );transition:fill 0.3s;}.elementor-10666 .elementor-element.elementor-element-23733c86{--e-icon-list-icon-size:14px;--icon-vertical-offset:0px;}.elementor-10666 .elementor-element.elementor-element-23733c86 .elementor-icon-list-icon{padding-inline-end:10px;}.elementor-10666 .elementor-element.elementor-element-23733c86 .elementor-icon-list-text{color:var( --e-global-color-primary );transition:color 0.3s;}.elementor-10666 .elementor-element.elementor-element-23733c86 .elementor-icon-list-item:hover .elementor-icon-list-text{color:var( --e-global-color-accent );}.elementor-10666 .elementor-element.elementor-element-43a6dff4{--display:flex;--flex-direction:row;--container-widget-width:initial;--container-widget-height:100%;--container-widget-flex-grow:1;--container-widget-align-self:stretch;--flex-wrap-mobile:wrap;--gap:0px 0px;--row-gap:0px;--column-gap:0px;--margin-top:0px;--margin-bottom:0px;--margin-left:0px;--margin-right:0px;--padding-top:4em;--padding-bottom:6em;--padding-left:1em;--padding-right:1em;}.elementor-10666 .elementor-element.elementor-element-370b7f0e{--display:flex;--margin-top:0px;--margin-bottom:0px;--margin-left:0px;--margin-right:0px;--padding-top:0px;--padding-bottom:0px;--padding-left:0px;--padding-right:0px;}.elementor-10666 .elementor-element.elementor-element-370b7f0e.e-con{--flex-grow:0;--flex-shrink:0;}.elementor-10666 .elementor-element.elementor-element-4e201f15{--display:flex;--min-height:524px;--gap:0px 0px;--row-gap:0px;--column-gap:0px;--margin-top:0px;--margin-bottom:0px;--margin-left:0px;--margin-right:0px;--padding-top:0em;--padding-bottom:0em;--padding-left:0em;--padding-right:0em;}.elementor-10666 .elementor-element.elementor-element-4e201f15:not(.elementor-motion-effects-element-type-background), .elementor-10666 .elementor-element.elementor-element-4e201f15 > .elementor-motion-effects-container > .elementor-motion-effects-layer{background-image:url(\"https:\/\/hotelilhabranca.com\/wp-content\/uploads\/2025\/07\/1234.jpg\");background-repeat:no-repeat;background-size:cover;}.elementor-10666 .elementor-element.elementor-element-703cb4d8{--display:flex;--margin-top:0px;--margin-bottom:0px;--margin-left:0px;--margin-right:0px;--padding-top:0em;--padding-bottom:0em;--padding-left:4em;--padding-right:0em;}.elementor-10666 .elementor-element.elementor-element-17a1a019{--display:flex;--margin-top:0px;--margin-bottom:0px;--margin-left:0px;--margin-right:0px;--padding-top:0em;--padding-bottom:1em;--padding-left:0em;--padding-right:0em;}.elementor-10666 .elementor-element.elementor-element-7aca16fd .elementskit-accordion.accoedion-primary .elementskit-card .elementskit-card-header>.elementskit-btn-link[aria-expanded=\"true\"], .elementor-10666 .elementor-element.elementor-element-7aca16fd .elementskit-accordion .elementskit-card-header>.elementskit-btn-link[aria-expanded=true], .elementor-10666 .elementor-element.elementor-element-7aca16fd .elementskit-accordion.floating-style .elementskit-card .elementskit-btn-link[aria-expanded=\"true\"]{background-color:var( --e-global-color-secondary );}.elementor-10666 .elementor-element.elementor-element-7aca16fd .elementskit-accordion .elementskit-card .elementskit-card-header>.elementskit-btn-link[aria-expanded=\"true\"]{color:var( --e-global-color-primary );}.elementor-10666 .elementor-element.elementor-element-7aca16fd .elementskit-accordion.curve-shape .elementskit-card-header>.elementskit-btn-link[aria-expanded=true]{color:var( --e-global-color-primary );}.elementor-10666 .elementor-element.elementor-element-7aca16fd .elementskit-accordion .elementskit-card-header>.elementskit-btn-link{color:var( --e-global-color-secondary );}.elementor-10666 .elementor-element.elementor-element-7aca16fd .elementskit-accordion .elementskit-card-body{border-radius:0px 0px 0px 0px;padding:18px 32px 18px 32px;}:root{--page-title-display:none;}@media(min-width:768px){.elementor-10666 .elementor-element.elementor-element-28eb6699{--width:85.883%;}.elementor-10666 .elementor-element.elementor-element-370b7f0e{--width:31.726%;}.elementor-10666 .elementor-element.elementor-element-4e201f15{--content-width:1337px;}.elementor-10666 .elementor-element.elementor-element-703cb4d8{--content-width:1222px;}}@media(max-width:1024px) and (min-width:768px){.elementor-10666 .elementor-element.elementor-element-370b7f0e{--width:100%;}}@media(max-width:1024px){.elementor-10666 .elementor-element.elementor-element-43a6dff4{--flex-direction:column-reverse;--container-widget-width:100%;--container-widget-height:initial;--container-widget-flex-grow:0;--container-widget-align-self:initial;--flex-wrap-mobile:wrap;}.elementor-10666 .elementor-element.elementor-element-703cb4d8{--padding-top:0em;--padding-bottom:2em;--padding-left:0em;--padding-right:0em;}}<\/style>\t\t<div data-elementor-type=\"wp-page\" data-elementor-id=\"10666\" class=\"elementor elementor-10666\" data-elementor-post-type=\"page\">\n\t\t\t\t<div data-particle_enable=\"false\" data-particle-mobile-disabled=\"false\" class=\"elementor-element elementor-element-a7b2f3d e-flex e-con-boxed e-con e-parent\" data-id=\"a7b2f3d\" data-element_type=\"container\" data-settings=\"{&quot;background_background&quot;:&quot;slideshow&quot;,&quot;background_slideshow_gallery&quot;:[{&quot;id&quot;:9284,&quot;url&quot;:&quot;https:\\\/\\\/hotelilhabranca.com\\\/wp-content\\\/uploads\\\/2025\\\/04\\\/WhatsApp-Image-2025-03-05-at-10.34.27-e1744643795642.jpeg&quot;}],&quot;background_slideshow_slide_duration&quot;:3000,&quot;background_slideshow_loop&quot;:&quot;yes&quot;,&quot;background_slideshow_slide_transition&quot;:&quot;fade&quot;,&quot;background_slideshow_transition_duration&quot;:500}\">\n\t\t\t\t\t<div class=\"e-con-inner\">\n\t\t<div data-particle_enable=\"false\" data-particle-mobile-disabled=\"false\" class=\"elementor-element elementor-element-28eb6699 e-con-full e-flex e-con e-child\" data-id=\"28eb6699\" data-element_type=\"container\">\n\t\t\t\t<div class=\"elementor-element elementor-element-6d8a284f elementor-widget__width-initial elementor-invisible elementor-widget elementor-widget-heading\" data-id=\"6d8a284f\" data-element_type=\"widget\" data-settings=\"{&quot;_animation&quot;:&quot;fadeInUp&quot;}\" data-widget_type=\"heading.default\">\n\t\t\t\t<div class=\"elementor-widget-container\">\n\t\t\t\t\t<h2 class=\"elementor-heading-title elementor-size-default\">Estacionamiento para estancias breves<\/h2>\t\t\t\t<\/div>\n\t\t\t\t<\/div>\n\t\t\t\t<div class=\"elementor-element elementor-element-23733c86 elementor-icon-list--layout-inline elementor-list-item-link-full_width elementor-widget elementor-widget-icon-list\" data-id=\"23733c86\" data-element_type=\"widget\" data-widget_type=\"icon-list.default\">\n\t\t\t\t<div class=\"elementor-widget-container\">\n\t\t\t\t\t\t\t<ul class=\"elementor-icon-list-items elementor-inline-items\">\n\t\t\t\t\t\t\t<li class=\"elementor-icon-list-item elementor-inline-item\">\n\t\t\t\t\t\t\t\t\t\t\t<a href=\"https:\/\/hotelilhabranca.com\/es\">\n\n\t\t\t\t\t\t\t\t\t\t\t<span class=\"elementor-icon-list-text\">P\u00e1gina de inicio<\/span>\n\t\t\t\t\t\t\t\t\t\t\t<\/a>\n\t\t\t\t\t\t\t\t\t<\/li>\n\t\t\t\t\t\t\t\t<li class=\"elementor-icon-list-item elementor-inline-item\">\n\t\t\t\t\t\t\t\t\t\t\t<a href=\"#\">\n\n\t\t\t\t\t\t\t\t\t\t\t\t<span class=\"elementor-icon-list-icon\">\n\t\t\t\t\t\t\t<i aria-hidden=\"true\" class=\"icon icon-right-arrow\"><\/i>\t\t\t\t\t\t<\/span>\n\t\t\t\t\t\t\t\t\t\t<span class=\"elementor-icon-list-text\">Aparcamiento<\/span>\n\t\t\t\t\t\t\t\t\t\t\t<\/a>\n\t\t\t\t\t\t\t\t\t<\/li>\n\t\t\t\t\t\t<\/ul>\n\t\t\t\t\t\t<\/div>\n\t\t\t\t<\/div>\n\t\t\t\t<\/div>\n\t\t\t\t\t<\/div>\n\t\t\t\t<\/div>\n\t\t<div data-particle_enable=\"false\" data-particle-mobile-disabled=\"false\" class=\"elementor-element elementor-element-43a6dff4 e-flex e-con-boxed e-con e-parent\" data-id=\"43a6dff4\" data-element_type=\"container\">\n\t\t\t\t\t<div class=\"e-con-inner\">\n\t\t<div data-particle_enable=\"false\" data-particle-mobile-disabled=\"false\" class=\"elementor-element elementor-element-370b7f0e e-con-full e-flex e-con e-child\" data-id=\"370b7f0e\" data-element_type=\"container\">\n\t\t<div data-particle_enable=\"false\" data-particle-mobile-disabled=\"false\" class=\"elementor-element elementor-element-4e201f15 e-flex e-con-boxed elementor-invisible e-con e-child\" data-id=\"4e201f15\" data-element_type=\"container\" data-settings=\"{&quot;background_background&quot;:&quot;classic&quot;,&quot;animation&quot;:&quot;fadeInLeft&quot;}\">\n\t\t\t\t\t<div class=\"e-con-inner\">\n\t\t\t\t\t<\/div>\n\t\t\t\t<\/div>\n\t\t\t\t<\/div>\n\t\t<div data-particle_enable=\"false\" data-particle-mobile-disabled=\"false\" class=\"elementor-element elementor-element-703cb4d8 e-flex e-con-boxed e-con e-child\" data-id=\"703cb4d8\" data-element_type=\"container\">\n\t\t\t\t\t<div class=\"e-con-inner\">\n\t\t<div data-particle_enable=\"false\" data-particle-mobile-disabled=\"false\" class=\"elementor-element elementor-element-17a1a019 e-con-full e-flex e-con e-child\" data-id=\"17a1a019\" data-element_type=\"container\">\n\t\t\t\t<div class=\"elementor-element elementor-element-4e67570d elementor-widget elementor-widget-heading\" data-id=\"4e67570d\" data-element_type=\"widget\" data-widget_type=\"heading.default\">\n\t\t\t\t<div class=\"elementor-widget-container\">\n\t\t\t\t\t<h2 class=\"elementor-heading-title elementor-size-default\">Aparcamiento<\/h2>\t\t\t\t<\/div>\n\t\t\t\t<\/div>\n\t\t\t\t<div class=\"elementor-element elementor-element-3b11f349 elementor-widget elementor-widget-text-editor\" data-id=\"3b11f349\" data-element_type=\"widget\" data-widget_type=\"text-editor.default\">\n\t\t\t\t<div class=\"elementor-widget-container\">\n\t\t\t\t\t\t\t\t\t<p>Hay estacionamiento rotativo disponible frente al hotel. \u00a1Pr\u00e1ctico y conveniente para su llegada!<\/p>\t\t\t\t\t\t\t\t<\/div>\n\t\t\t\t<\/div>\n\t\t\t\t<div class=\"elementor-element elementor-element-7aca16fd elementor-invisible elementor-widget elementor-widget-elementskit-accordion\" data-id=\"7aca16fd\" data-element_type=\"widget\" data-settings=\"{&quot;_animation&quot;:&quot;fadeInLeft&quot;}\" data-widget_type=\"elementskit-accordion.default\">\n\t\t\t\t<div class=\"elementor-widget-container\">\n\t\t\t\t\t<div class=\"ekit-wid-con\" >\n        <div class=\"elementskit-accordion accoedion-primary\" id=\"accordion-69e3d31bc81bc\">\n\n            \n                <div class=\"elementskit-card active\">\n                    <div class=\"elementskit-card-header\" id=\"primaryHeading-0-7aca16fd\">\n                        <a href=\"#collapse-8bd03d269e3d31bc81bc\" class=\"ekit-accordion--toggler elementskit-btn-link collapsed\" data-ekit-toggle=\"collapse\" data-target=\"#Collapse-8bd03d269e3d31bc81bc\" aria-expanded=\"true\" aria-controls=\"Collapse-8bd03d269e3d31bc81bc\">\n                            \n                            <span class=\"ekit-accordion-title\">Estacionamiento para estancias breves<\/span>\n\n                            \n                                <div class=\"ekit_accordion_icon_group\">\n                                    <div class=\"ekit_accordion_normal_icon\">\n                                        <!-- Normal Icon -->\n\t\t\t\t\t\t\t\t\t\t<i class=\"icon icon-down-arrow1\"><\/i>                                    <\/div>\n\n                                    <div class=\"ekit_accordion_active_icon\">\n                                        <!-- Active Icon -->\n\t\t\t\t\t\t\t\t\t\t<i class=\"icon icon-up-arrow\"><\/i>                                    <\/div>\n                                <\/div>\n\n                            \n                                                    <\/a>\n                    <\/div>\n\n                    <div id=\"Collapse-8bd03d269e3d31bc81bc\" class=\"show collapse\" aria-labelledby=\"primaryHeading-0-7aca16fd\" data-parent=\"#accordion-69e3d31bc81bc\">\n\n                        <div class=\"elementskit-card-body ekit-accordion--content\">\n                            <div class=\"elementor-toggle-item\"><div class=\"elementor-tab-content elementor-clearfix elementor-active\"><p>El Hotel Ilha Branca Inn ofrece <strong>plazas de aparcamiento rotativas frente al hotel<\/strong>, sujeto a <strong>disponibilidad a la llegada<\/strong>No es necesario reservar con antelaci\u00f3n. \u00a1Disfrute de la comodidad de aparcar cerca de la entrada y disfrute de su estancia con mayor comodidad!<\/p><\/div><\/div>                        <\/div>\n\n                    <\/div>\n\n                <\/div><!-- .elementskit-card END -->\n\n                                        <\/div>\n    <\/div>\t\t\t\t<\/div>\n\t\t\t\t<\/div>\n\t\t\t\t<\/div>\n\t\t\t\t\t<\/div>\n\t\t\t\t<\/div>\n\t\t\t\t\t<\/div>\n\t\t\t\t<\/div>\n\t\t\t\t<\/div>","protected":false},"excerpt":{"rendered":"<p>Estacionamento Rotativo Inicio Estacionamento Rotativo\u200b Estacionamento Rotativo\u200b Estacionamento rotativo dispon\u00edvel em frente ao hotel. Praticidade e comodidade para sua chegada! Estacionamento Rotativo O Hotel Ilha Branca Inn oferece vagas rotativas em frente ao hotel, sujeitas \u00e0 disponibilidade no momento da chegada. N\u00e3o \u00e9 necess\u00e1rio reservar com anteced\u00eancia. Aproveite a praticidade de parar pr\u00f3ximo \u00e0 entrada [&hellip;]<\/p>","protected":false},"author":2,"featured_media":0,"parent":0,"menu_order":0,"comment_status":"closed","ping_status":"closed","template":"elementor_header_footer","meta":{"_seopress_robots_primary_cat":"","_seopress_titles_title":"","_seopress_titles_desc":"","_seopress_robots_index":"","_joinchat":[],"footnotes":""},"folder":[],"class_list":["post-10666","page","type-page","status-publish","hentry"],"_links":{"self":[{"href":"https:\/\/hotelilhabranca.com\/es\/wp-json\/wp\/v2\/pages\/10666","targetHints":{"allow":["GET"]}}],"collection":[{"href":"https:\/\/hotelilhabranca.com\/es\/wp-json\/wp\/v2\/pages"}],"about":[{"href":"https:\/\/hotelilhabranca.com\/es\/wp-json\/wp\/v2\/types\/page"}],"author":[{"embeddable":true,"href":"https:\/\/hotelilhabranca.com\/es\/wp-json\/wp\/v2\/users\/2"}],"replies":[{"embeddable":true,"href":"https:\/\/hotelilhabranca.com\/es\/wp-json\/wp\/v2\/comments?post=10666"}],"version-history":[{"count":0,"href":"https:\/\/hotelilhabranca.com\/es\/wp-json\/wp\/v2\/pages\/10666\/revisions"}],"wp:attachment":[{"href":"https:\/\/hotelilhabranca.com\/es\/wp-json\/wp\/v2\/media?parent=10666"}],"wp:term":[{"taxonomy":"folder","embeddable":true,"href":"https:\/\/hotelilhabranca.com\/es\/wp-json\/wp\/v2\/folder?post=10666"}],"curies":[{"name":"wp","href":"https:\/\/api.w.org\/{rel}","templated":true}]}}