{"id":10637,"date":"2025-07-10T13:09:56","date_gmt":"2025-07-10T16:09:56","guid":{"rendered":"https:\/\/hotelilhabranca.com\/?page_id=10637"},"modified":"2025-08-06T13:14:18","modified_gmt":"2025-08-06T16:14:18","slug":"lojas-e-conveniencias","status":"publish","type":"page","link":"https:\/\/hotelilhabranca.com\/es\/lojas-e-conveniencias\/","title":{"rendered":"Tiendas y oficinas de cambio"},"content":{"rendered":"<style>.elementor-10637 .elementor-element.elementor-element-4bc2733e{--display:flex;--flex-direction:column;--container-widget-width:100%;--container-widget-height:initial;--container-widget-flex-grow:0;--container-widget-align-self:initial;--flex-wrap-mobile:wrap;--overlay-opacity:0.5;--margin-top:0px;--margin-bottom:0px;--margin-left:0px;--margin-right:0px;--padding-top:13rem;--padding-bottom:6rem;--padding-left:1rem;--padding-right:1rem;}.elementor-10637 .elementor-element.elementor-element-4bc2733e::before, .elementor-10637 .elementor-element.elementor-element-4bc2733e > .elementor-background-video-container::before, .elementor-10637 .elementor-element.elementor-element-4bc2733e > .e-con-inner > .elementor-background-video-container::before, .elementor-10637 .elementor-element.elementor-element-4bc2733e > .elementor-background-slideshow::before, .elementor-10637 .elementor-element.elementor-element-4bc2733e > .e-con-inner > .elementor-background-slideshow::before, .elementor-10637 .elementor-element.elementor-element-4bc2733e > .elementor-motion-effects-container > .elementor-motion-effects-layer::before{background-color:var( --e-global-color-secondary );--background-overlay:'';}.elementor-10637 .elementor-element.elementor-element-352d65e8{--display:flex;}.elementor-10637 .elementor-element.elementor-element-352d65e8.e-con{--flex-grow:0;--flex-shrink:0;}.elementor-10637 .elementor-element.elementor-element-3027cc48{width:var( --container-widget-width, 111.157% );max-width:111.157%;--container-widget-width:111.157%;--container-widget-flex-grow:0;}.elementor-10637 .elementor-element.elementor-element-3027cc48.elementor-element{--flex-grow:0;--flex-shrink:0;}.elementor-10637 .elementor-element.elementor-element-3027cc48 .elementor-heading-title{font-size:33px;color:#FFFFFF;}.elementor-10637 .elementor-element.elementor-element-640e124a .elementor-icon-list-items:not(.elementor-inline-items) .elementor-icon-list-item:not(:last-child){padding-block-end:calc(20px\/2);}.elementor-10637 .elementor-element.elementor-element-640e124a .elementor-icon-list-items:not(.elementor-inline-items) .elementor-icon-list-item:not(:first-child){margin-block-start:calc(20px\/2);}.elementor-10637 .elementor-element.elementor-element-640e124a .elementor-icon-list-items.elementor-inline-items .elementor-icon-list-item{margin-inline:calc(20px\/2);}.elementor-10637 .elementor-element.elementor-element-640e124a .elementor-icon-list-items.elementor-inline-items{margin-inline:calc(-20px\/2);}.elementor-10637 .elementor-element.elementor-element-640e124a .elementor-icon-list-items.elementor-inline-items .elementor-icon-list-item:after{inset-inline-end:calc(-20px\/2);}.elementor-10637 .elementor-element.elementor-element-640e124a .elementor-icon-list-icon i{color:var( --e-global-color-primary );transition:color 0.3s;}.elementor-10637 .elementor-element.elementor-element-640e124a .elementor-icon-list-icon svg{fill:var( --e-global-color-primary );transition:fill 0.3s;}.elementor-10637 .elementor-element.elementor-element-640e124a{--e-icon-list-icon-size:14px;--icon-vertical-offset:0px;}.elementor-10637 .elementor-element.elementor-element-640e124a .elementor-icon-list-icon{padding-inline-end:10px;}.elementor-10637 .elementor-element.elementor-element-640e124a .elementor-icon-list-text{color:var( --e-global-color-primary );transition:color 0.3s;}.elementor-10637 .elementor-element.elementor-element-640e124a .elementor-icon-list-item:hover .elementor-icon-list-text{color:var( --e-global-color-accent );}.elementor-10637 .elementor-element.elementor-element-722d8d29{--display:flex;--flex-direction:row;--container-widget-width:initial;--container-widget-height:100%;--container-widget-flex-grow:1;--container-widget-align-self:stretch;--flex-wrap-mobile:wrap;--gap:0px 0px;--row-gap:0px;--column-gap:0px;--margin-top:0px;--margin-bottom:0px;--margin-left:0px;--margin-right:0px;--padding-top:4em;--padding-bottom:6em;--padding-left:1em;--padding-right:1em;}.elementor-10637 .elementor-element.elementor-element-2809d24c{--display:flex;--margin-top:0px;--margin-bottom:0px;--margin-left:0px;--margin-right:0px;--padding-top:0px;--padding-bottom:0px;--padding-left:0px;--padding-right:0px;}.elementor-10637 .elementor-element.elementor-element-2809d24c.e-con{--flex-grow:0;--flex-shrink:0;}.elementor-10637 .elementor-element.elementor-element-3d1906f1{--display:flex;--min-height:0px;--gap:0px 0px;--row-gap:0px;--column-gap:0px;--margin-top:0px;--margin-bottom:0px;--margin-left:0px;--margin-right:0px;--padding-top:0em;--padding-bottom:0em;--padding-left:0em;--padding-right:0em;}.elementor-10637 .elementor-element.elementor-element-6f4ad2a4{--display:flex;--margin-top:0px;--margin-bottom:0px;--margin-left:0px;--margin-right:0px;--padding-top:0em;--padding-bottom:0em;--padding-left:4em;--padding-right:0em;}.elementor-10637 .elementor-element.elementor-element-436a4a56{--display:flex;--margin-top:0px;--margin-bottom:0px;--margin-left:0px;--margin-right:0px;--padding-top:0em;--padding-bottom:1em;--padding-left:0em;--padding-right:0em;}.elementor-10637 .elementor-element.elementor-element-ea74a90 .elementskit-accordion.accoedion-primary .elementskit-card .elementskit-card-header>.elementskit-btn-link[aria-expanded=\"true\"], .elementor-10637 .elementor-element.elementor-element-ea74a90 .elementskit-accordion .elementskit-card-header>.elementskit-btn-link[aria-expanded=true], .elementor-10637 .elementor-element.elementor-element-ea74a90 .elementskit-accordion.floating-style .elementskit-card .elementskit-btn-link[aria-expanded=\"true\"]{background-color:var( --e-global-color-secondary );}.elementor-10637 .elementor-element.elementor-element-ea74a90 .elementskit-accordion .elementskit-card .elementskit-card-header>.elementskit-btn-link[aria-expanded=\"true\"]{color:var( --e-global-color-primary );}.elementor-10637 .elementor-element.elementor-element-ea74a90 .elementskit-accordion.curve-shape .elementskit-card-header>.elementskit-btn-link[aria-expanded=true]{color:var( --e-global-color-primary );}.elementor-10637 .elementor-element.elementor-element-ea74a90 .elementskit-accordion .elementskit-card-header>.elementskit-btn-link{color:var( --e-global-color-secondary );}.elementor-10637 .elementor-element.elementor-element-ea74a90 .elementskit-accordion .elementskit-card-body{border-radius:0px 0px 0px 0px;padding:18px 32px 18px 32px;}:root{--page-title-display:none;}@media(min-width:768px){.elementor-10637 .elementor-element.elementor-element-352d65e8{--width:85.883%;}.elementor-10637 .elementor-element.elementor-element-2809d24c{--width:31.726%;}.elementor-10637 .elementor-element.elementor-element-3d1906f1{--content-width:1337px;}.elementor-10637 .elementor-element.elementor-element-6f4ad2a4{--content-width:1222px;}}@media(max-width:1024px) and (min-width:768px){.elementor-10637 .elementor-element.elementor-element-2809d24c{--width:100%;}}@media(max-width:1024px){.elementor-10637 .elementor-element.elementor-element-722d8d29{--flex-direction:column-reverse;--container-widget-width:100%;--container-widget-height:initial;--container-widget-flex-grow:0;--container-widget-align-self:initial;--flex-wrap-mobile:wrap;}.elementor-10637 .elementor-element.elementor-element-6f4ad2a4{--padding-top:0em;--padding-bottom:2em;--padding-left:0em;--padding-right:0em;}}<\/style>\t\t<div data-elementor-type=\"wp-page\" data-elementor-id=\"10637\" class=\"elementor elementor-10637\" data-elementor-post-type=\"page\">\n\t\t\t\t<div data-particle_enable=\"false\" data-particle-mobile-disabled=\"false\" class=\"elementor-element elementor-element-4bc2733e e-flex e-con-boxed e-con e-parent\" data-id=\"4bc2733e\" data-element_type=\"container\" data-settings=\"{&quot;background_background&quot;:&quot;slideshow&quot;,&quot;background_slideshow_gallery&quot;:[{&quot;id&quot;:10644,&quot;url&quot;:&quot;https:\\\/\\\/hotelilhabranca.com\\\/wp-content\\\/uploads\\\/2025\\\/07\\\/IMG_20250710_125542224.jpg&quot;},{&quot;id&quot;:10642,&quot;url&quot;:&quot;https:\\\/\\\/hotelilhabranca.com\\\/wp-content\\\/uploads\\\/2025\\\/07\\\/IMG_20250710_130123239.jpg&quot;},{&quot;id&quot;:10645,&quot;url&quot;:&quot;https:\\\/\\\/hotelilhabranca.com\\\/wp-content\\\/uploads\\\/2025\\\/07\\\/IMG_20250710_125653392.jpg&quot;},{&quot;id&quot;:10647,&quot;url&quot;:&quot;https:\\\/\\\/hotelilhabranca.com\\\/wp-content\\\/uploads\\\/2025\\\/07\\\/IMG_20250710_130019223_HDR.jpg&quot;},{&quot;id&quot;:10651,&quot;url&quot;:&quot;https:\\\/\\\/hotelilhabranca.com\\\/wp-content\\\/uploads\\\/2025\\\/07\\\/IMG_20250710_125621934.jpg&quot;}],&quot;background_slideshow_slide_duration&quot;:3000,&quot;background_slideshow_loop&quot;:&quot;yes&quot;,&quot;background_slideshow_slide_transition&quot;:&quot;fade&quot;,&quot;background_slideshow_transition_duration&quot;:500}\">\n\t\t\t\t\t<div class=\"e-con-inner\">\n\t\t<div data-particle_enable=\"false\" data-particle-mobile-disabled=\"false\" class=\"elementor-element elementor-element-352d65e8 e-con-full e-flex e-con e-child\" data-id=\"352d65e8\" data-element_type=\"container\">\n\t\t\t\t<div class=\"elementor-element elementor-element-3027cc48 elementor-widget__width-initial elementor-invisible elementor-widget elementor-widget-heading\" data-id=\"3027cc48\" data-element_type=\"widget\" data-settings=\"{&quot;_animation&quot;:&quot;fadeInUp&quot;}\" data-widget_type=\"heading.default\">\n\t\t\t\t<div class=\"elementor-widget-container\">\n\t\t\t\t\t<h2 class=\"elementor-heading-title elementor-size-default\">Tiendas y oficinas de cambio<\/h2>\t\t\t\t<\/div>\n\t\t\t\t<\/div>\n\t\t\t\t<div class=\"elementor-element elementor-element-640e124a elementor-icon-list--layout-inline elementor-list-item-link-full_width elementor-widget elementor-widget-icon-list\" data-id=\"640e124a\" data-element_type=\"widget\" data-widget_type=\"icon-list.default\">\n\t\t\t\t<div class=\"elementor-widget-container\">\n\t\t\t\t\t\t\t<ul class=\"elementor-icon-list-items elementor-inline-items\">\n\t\t\t\t\t\t\t<li class=\"elementor-icon-list-item elementor-inline-item\">\n\t\t\t\t\t\t\t\t\t\t\t<a href=\"https:\/\/hotelilhabranca.com\/es\">\n\n\t\t\t\t\t\t\t\t\t\t\t<span class=\"elementor-icon-list-text\">P\u00e1gina de inicio<\/span>\n\t\t\t\t\t\t\t\t\t\t\t<\/a>\n\t\t\t\t\t\t\t\t\t<\/li>\n\t\t\t\t\t\t\t\t<li class=\"elementor-icon-list-item elementor-inline-item\">\n\t\t\t\t\t\t\t\t\t\t\t<a href=\"#\">\n\n\t\t\t\t\t\t\t\t\t\t\t\t<span class=\"elementor-icon-list-icon\">\n\t\t\t\t\t\t\t<i aria-hidden=\"true\" class=\"icon icon-right-arrow\"><\/i>\t\t\t\t\t\t<\/span>\n\t\t\t\t\t\t\t\t\t\t<span class=\"elementor-icon-list-text\">Tiendas y oficinas de cambio<\/span>\n\t\t\t\t\t\t\t\t\t\t\t<\/a>\n\t\t\t\t\t\t\t\t\t<\/li>\n\t\t\t\t\t\t<\/ul>\n\t\t\t\t\t\t<\/div>\n\t\t\t\t<\/div>\n\t\t\t\t<\/div>\n\t\t\t\t\t<\/div>\n\t\t\t\t<\/div>\n\t\t<div data-particle_enable=\"false\" data-particle-mobile-disabled=\"false\" class=\"elementor-element elementor-element-722d8d29 e-flex e-con-boxed e-con e-parent\" data-id=\"722d8d29\" data-element_type=\"container\">\n\t\t\t\t\t<div class=\"e-con-inner\">\n\t\t<div data-particle_enable=\"false\" data-particle-mobile-disabled=\"false\" class=\"elementor-element elementor-element-2809d24c e-con-full e-flex e-con e-child\" data-id=\"2809d24c\" data-element_type=\"container\" data-settings=\"{&quot;background_background&quot;:&quot;slideshow&quot;,&quot;background_slideshow_gallery&quot;:[{&quot;id&quot;:10653,&quot;url&quot;:&quot;https:\\\/\\\/hotelilhabranca.com\\\/wp-content\\\/uploads\\\/2025\\\/07\\\/IMG_20250710_125545839.jpg&quot;},{&quot;id&quot;:10642,&quot;url&quot;:&quot;https:\\\/\\\/hotelilhabranca.com\\\/wp-content\\\/uploads\\\/2025\\\/07\\\/IMG_20250710_130123239.jpg&quot;},{&quot;id&quot;:10645,&quot;url&quot;:&quot;https:\\\/\\\/hotelilhabranca.com\\\/wp-content\\\/uploads\\\/2025\\\/07\\\/IMG_20250710_125653392.jpg&quot;},{&quot;id&quot;:10650,&quot;url&quot;:&quot;https:\\\/\\\/hotelilhabranca.com\\\/wp-content\\\/uploads\\\/2025\\\/07\\\/IMG_20250710_130028161.jpg&quot;}],&quot;background_slideshow_loop&quot;:&quot;yes&quot;,&quot;background_slideshow_slide_duration&quot;:5000,&quot;background_slideshow_slide_transition&quot;:&quot;fade&quot;,&quot;background_slideshow_transition_duration&quot;:500}\">\n\t\t<div data-particle_enable=\"false\" data-particle-mobile-disabled=\"false\" class=\"elementor-element elementor-element-3d1906f1 e-flex e-con-boxed elementor-invisible e-con e-child\" data-id=\"3d1906f1\" data-element_type=\"container\" data-settings=\"{&quot;background_background&quot;:&quot;classic&quot;,&quot;animation&quot;:&quot;fadeInLeft&quot;}\">\n\t\t\t\t\t<div class=\"e-con-inner\">\n\t\t\t\t\t<\/div>\n\t\t\t\t<\/div>\n\t\t\t\t<\/div>\n\t\t<div data-particle_enable=\"false\" data-particle-mobile-disabled=\"false\" class=\"elementor-element elementor-element-6f4ad2a4 e-flex e-con-boxed e-con e-child\" data-id=\"6f4ad2a4\" data-element_type=\"container\">\n\t\t\t\t\t<div class=\"e-con-inner\">\n\t\t<div data-particle_enable=\"false\" data-particle-mobile-disabled=\"false\" class=\"elementor-element elementor-element-436a4a56 e-con-full e-flex e-con e-child\" data-id=\"436a4a56\" data-element_type=\"container\">\n\t\t\t\t<div class=\"elementor-element elementor-element-5ea6da80 elementor-widget elementor-widget-heading\" data-id=\"5ea6da80\" data-element_type=\"widget\" data-widget_type=\"heading.default\">\n\t\t\t\t<div class=\"elementor-widget-container\">\n\t\t\t\t\t<h2 class=\"elementor-heading-title elementor-size-default\">Tiendas y oficinas de cambio<\/h2>\t\t\t\t<\/div>\n\t\t\t\t<\/div>\n\t\t\t\t<div class=\"elementor-element elementor-element-26e6fc26 elementor-widget elementor-widget-text-editor\" data-id=\"26e6fc26\" data-element_type=\"widget\" data-widget_type=\"text-editor.default\">\n\t\t\t\t<div class=\"elementor-widget-container\">\n\t\t\t\t\t\t\t\t\t<p>\u00a1Todo lo que necesitas en un solo lugar! En el Hotel Ilha Branca Inn, encontrar\u00e1s tiendas dise\u00f1adas para facilitar tu estancia, ya sea que busques cambiar moneda, comprar art\u00edculos esenciales, refrescarte con un helado o encontrar ese bikini nuevo para disfrutar de la playa con estilo. \u00a1Comodidad, practicidad y buen gusto a tu alcance!<\/p>\t\t\t\t\t\t\t\t<\/div>\n\t\t\t\t<\/div>\n\t\t\t\t<div class=\"elementor-element elementor-element-ea74a90 elementor-invisible elementor-widget elementor-widget-elementskit-accordion\" data-id=\"ea74a90\" data-element_type=\"widget\" data-settings=\"{&quot;_animation&quot;:&quot;fadeInLeft&quot;}\" data-widget_type=\"elementskit-accordion.default\">\n\t\t\t\t<div class=\"elementor-widget-container\">\n\t\t\t\t\t<div class=\"ekit-wid-con\" >\n        <div class=\"elementskit-accordion accoedion-primary\" id=\"accordion-69e3d5826ad7b\">\n\n            \n                <div class=\"elementskit-card active\">\n                    <div class=\"elementskit-card-header\" id=\"primaryHeading-0-ea74a90\">\n                        <a href=\"#collapse-8bd03d269e3d5826ad7b\" class=\"ekit-accordion--toggler elementskit-btn-link collapsed\" data-ekit-toggle=\"collapse\" data-target=\"#Collapse-8bd03d269e3d5826ad7b\" aria-expanded=\"true\" aria-controls=\"Collapse-8bd03d269e3d5826ad7b\">\n                            \n                            <span class=\"ekit-accordion-title\">Malizia \u2013 Cambio de divisas<\/span>\n\n                            \n                                <div class=\"ekit_accordion_icon_group\">\n                                    <div class=\"ekit_accordion_normal_icon\">\n                                        <!-- Normal Icon -->\n\t\t\t\t\t\t\t\t\t\t<i class=\"icon icon-down-arrow1\"><\/i>                                    <\/div>\n\n                                    <div class=\"ekit_accordion_active_icon\">\n                                        <!-- Active Icon -->\n\t\t\t\t\t\t\t\t\t\t<i class=\"icon icon-up-arrow\"><\/i>                                    <\/div>\n                                <\/div>\n\n                            \n                                                    <\/a>\n                    <\/div>\n\n                    <div id=\"Collapse-8bd03d269e3d5826ad7b\" class=\"show collapse\" aria-labelledby=\"primaryHeading-0-ea74a90\" data-parent=\"#accordion-69e3d5826ad7b\">\n\n                        <div class=\"elementskit-card-body ekit-accordion--content\">\n                            <div class=\"elementor-toggle-item\"><div class=\"elementor-tab-content elementor-clearfix elementor-active\"><p>\u00bfNecesita cambiar su moneda de forma segura y r\u00e1pida? <strong>Malizia<\/strong> Ofrece servicio de cambio de divisas, conveniente para hu\u00e9spedes nacionales e internacionales.<\/p><\/div><\/div>                        <\/div>\n\n                    <\/div>\n\n                <\/div><!-- .elementskit-card END -->\n\n                \n                <div class=\"elementskit-card\">\n                    <div class=\"elementskit-card-header\" id=\"primaryHeading-1-ea74a90\">\n                        <a href=\"#collapse-1475d8469e3d5826ad7b\" class=\"ekit-accordion--toggler elementskit-btn-link collapsed\" data-ekit-toggle=\"collapse\" data-target=\"#Collapse-1475d8469e3d5826ad7b\" aria-expanded=\"false\" aria-controls=\"Collapse-1475d8469e3d5826ad7b\">\n                            \n                            <span class=\"ekit-accordion-title\">Conveniencia \u2013 Minimercado<\/span>\n\n                            \n                                <div class=\"ekit_accordion_icon_group\">\n                                    <div class=\"ekit_accordion_normal_icon\">\n                                        <!-- Normal Icon -->\n\t\t\t\t\t\t\t\t\t\t<i class=\"icon icon-down-arrow1\"><\/i>                                    <\/div>\n\n                                    <div class=\"ekit_accordion_active_icon\">\n                                        <!-- Active Icon -->\n\t\t\t\t\t\t\t\t\t\t<i class=\"icon icon-up-arrow\"><\/i>                                    <\/div>\n                                <\/div>\n\n                            \n                                                    <\/a>\n                    <\/div>\n\n                    <div id=\"Collapse-1475d8469e3d5826ad7b\" class=\"collapse\" aria-labelledby=\"primaryHeading-1-ea74a90\" data-parent=\"#accordion-69e3d5826ad7b\">\n\n                        <div class=\"elementskit-card-body ekit-accordion--content\">\n                            <p>Forgot something or are you hungry at an untimely hour? Our store <strong>tienda de conveniencia<\/strong> est\u00e1 equipado con art\u00edculos esenciales, bocadillos, bebidas y m\u00e1s, todo a solo unos pasos de su habitaci\u00f3n.<\/p>                        <\/div>\n\n                    <\/div>\n\n                <\/div><!-- .elementskit-card END -->\n\n                \n                <div class=\"elementskit-card\">\n                    <div class=\"elementskit-card-header\" id=\"primaryHeading-2-ea74a90\">\n                        <a href=\"#collapse-cb0110a69e3d5826ad7b\" class=\"ekit-accordion--toggler elementskit-btn-link collapsed\" data-ekit-toggle=\"collapse\" data-target=\"#Collapse-cb0110a69e3d5826ad7b\" aria-expanded=\"false\" aria-controls=\"Collapse-cb0110a69e3d5826ad7b\">\n                            \n                            <span class=\"ekit-accordion-title\">Helader\u00eda Buento<\/span>\n\n                            \n                                <div class=\"ekit_accordion_icon_group\">\n                                    <div class=\"ekit_accordion_normal_icon\">\n                                        <!-- Normal Icon -->\n\t\t\t\t\t\t\t\t\t\t<i class=\"icon icon-down-arrow1\"><\/i>                                    <\/div>\n\n                                    <div class=\"ekit_accordion_active_icon\">\n                                        <!-- Active Icon -->\n\t\t\t\t\t\t\t\t\t\t<i class=\"icon icon-up-arrow\"><\/i>                                    <\/div>\n                                <\/div>\n\n                            \n                                                    <\/a>\n                    <\/div>\n\n                    <div id=\"Collapse-cb0110a69e3d5826ad7b\" class=\"collapse\" aria-labelledby=\"primaryHeading-2-ea74a90\" data-parent=\"#accordion-69e3d5826ad7b\">\n\n                        <div class=\"elementskit-card-body ekit-accordion--content\">\n                            <p>T\u00f3mate un refrescante descanso de tu d\u00eda con los incre\u00edbles sabores de <strong>Helader\u00eda Buento<\/strong>. Ideal para los d\u00edas calurosos en B\u00fazios, con opciones que deleitan a grandes y peque\u00f1os.<\/p>                        <\/div>\n\n                    <\/div>\n\n                <\/div><!-- .elementskit-card END -->\n\n                \n                <div class=\"elementskit-card\">\n                    <div class=\"elementskit-card-header\" id=\"primaryHeading-3-ea74a90\">\n                        <a href=\"#collapse-2c96a8369e3d5826ad7b\" class=\"ekit-accordion--toggler elementskit-btn-link collapsed\" data-ekit-toggle=\"collapse\" data-target=\"#Collapse-2c96a8369e3d5826ad7b\" aria-expanded=\"false\" aria-controls=\"Collapse-2c96a8369e3d5826ad7b\">\n                            \n                            <span class=\"ekit-accordion-title\">Tienda de bikinis<\/span>\n\n                            \n                                <div class=\"ekit_accordion_icon_group\">\n                                    <div class=\"ekit_accordion_normal_icon\">\n                                        <!-- Normal Icon -->\n\t\t\t\t\t\t\t\t\t\t<i class=\"icon icon-down-arrow1\"><\/i>                                    <\/div>\n\n                                    <div class=\"ekit_accordion_active_icon\">\n                                        <!-- Active Icon -->\n\t\t\t\t\t\t\t\t\t\t<i class=\"icon icon-up-arrow\"><\/i>                                    <\/div>\n                                <\/div>\n\n                            \n                                                    <\/a>\n                    <\/div>\n\n                    <div id=\"Collapse-2c96a8369e3d5826ad7b\" class=\"collapse\" aria-labelledby=\"primaryHeading-3-ea74a90\" data-parent=\"#accordion-69e3d5826ad7b\">\n\n                        <div class=\"elementskit-card-body ekit-accordion--content\">\n                            <p>\u00bfLista para arrasar en la playa? Encuentra bikinis y trajes de ba\u00f1o con estilo en nuestra tienda especializada. Comodidad y moda para que disfrutes del sol con estilo.<\/p>                        <\/div>\n\n                    <\/div>\n\n                <\/div><!-- .elementskit-card END -->\n\n                \n                <div class=\"elementskit-card\">\n                    <div class=\"elementskit-card-header\" id=\"primaryHeading-4-ea74a90\">\n                        <a href=\"#collapse-7bc034469e3d5826ad7b\" class=\"ekit-accordion--toggler elementskit-btn-link collapsed\" data-ekit-toggle=\"collapse\" data-target=\"#Collapse-7bc034469e3d5826ad7b\" aria-expanded=\"false\" aria-controls=\"Collapse-7bc034469e3d5826ad7b\">\n                            \n                            <span class=\"ekit-accordion-title\">Cafeter\u00eda<\/span>\n\n                            \n                                <div class=\"ekit_accordion_icon_group\">\n                                    <div class=\"ekit_accordion_normal_icon\">\n                                        <!-- Normal Icon -->\n\t\t\t\t\t\t\t\t\t\t<i class=\"icon icon-down-arrow1\"><\/i>                                    <\/div>\n\n                                    <div class=\"ekit_accordion_active_icon\">\n                                        <!-- Active Icon -->\n\t\t\t\t\t\t\t\t\t\t<i class=\"icon icon-up-arrow\"><\/i>                                    <\/div>\n                                <\/div>\n\n                            \n                                                    <\/a>\n                    <\/div>\n\n                    <div id=\"Collapse-7bc034469e3d5826ad7b\" class=\"collapse\" aria-labelledby=\"primaryHeading-4-ea74a90\" data-parent=\"#accordion-69e3d5826ad7b\">\n\n                        <div class=\"elementskit-card-body ekit-accordion--content\">\n                            <p>\u00a1Perfecto para un refrigerio r\u00e1pido y sabroso! La <strong>cafeter\u00eda<\/strong> Ofrece bocadillos, snacks y bebidas para ayudarte a reponer energ\u00eda en cualquier momento del d\u00eda.<\/p>                        <\/div>\n\n                    <\/div>\n\n                <\/div><!-- .elementskit-card END -->\n\n                                        <\/div>\n    <\/div>\t\t\t\t<\/div>\n\t\t\t\t<\/div>\n\t\t\t\t<\/div>\n\t\t\t\t\t<\/div>\n\t\t\t\t<\/div>\n\t\t\t\t\t<\/div>\n\t\t\t\t<\/div>\n\t\t\t\t<\/div>","protected":false},"excerpt":{"rendered":"<p>Lojas e Casa de C\u00e2mbio Inicio Lojas e Casa de C\u00e2mbio Lojas e Casa de C\u00e2mbio Tudo o que voc\u00ea precisa em um s\u00f3 lugar! No Hotel Ilha Branca Inn, voc\u00ea encontra lojas pensadas para facilitar a sua estadia, seja para trocar moeda, comprar itens essenciais, se refrescar com um sorvete ou garantir aquele biqu\u00edni [&hellip;]<\/p>","protected":false},"author":2,"featured_media":0,"parent":0,"menu_order":0,"comment_status":"closed","ping_status":"closed","template":"elementor_header_footer","meta":{"_seopress_robots_primary_cat":"","_seopress_titles_title":"","_seopress_titles_desc":"","_seopress_robots_index":"","_joinchat":[],"footnotes":""},"folder":[],"class_list":["post-10637","page","type-page","status-publish","hentry"],"_links":{"self":[{"href":"https:\/\/hotelilhabranca.com\/es\/wp-json\/wp\/v2\/pages\/10637","targetHints":{"allow":["GET"]}}],"collection":[{"href":"https:\/\/hotelilhabranca.com\/es\/wp-json\/wp\/v2\/pages"}],"about":[{"href":"https:\/\/hotelilhabranca.com\/es\/wp-json\/wp\/v2\/types\/page"}],"author":[{"embeddable":true,"href":"https:\/\/hotelilhabranca.com\/es\/wp-json\/wp\/v2\/users\/2"}],"replies":[{"embeddable":true,"href":"https:\/\/hotelilhabranca.com\/es\/wp-json\/wp\/v2\/comments?post=10637"}],"version-history":[{"count":0,"href":"https:\/\/hotelilhabranca.com\/es\/wp-json\/wp\/v2\/pages\/10637\/revisions"}],"wp:attachment":[{"href":"https:\/\/hotelilhabranca.com\/es\/wp-json\/wp\/v2\/media?parent=10637"}],"wp:term":[{"taxonomy":"folder","embeddable":true,"href":"https:\/\/hotelilhabranca.com\/es\/wp-json\/wp\/v2\/folder?post=10637"}],"curies":[{"name":"wp","href":"https:\/\/api.w.org\/{rel}","templated":true}]}}