{"id":748,"date":"2021-12-10T19:34:54","date_gmt":"2021-12-10T19:34:54","guid":{"rendered":"http:\/\/hotelilhabranca.com\/?page_id=748"},"modified":"2022-01-14T12:00:17","modified_gmt":"2022-01-14T15:00:17","slug":"quarto-inn","status":"publish","type":"page","link":"https:\/\/hotelilhabranca.com\/en\/quarto-inn\/","title":{"rendered":"QUARTO INN"},"content":{"rendered":"","protected":false},"excerpt":{"rendered":"","protected":false},"author":2,"featured_media":0,"parent":0,"menu_order":0,"comment_status":"closed","ping_status":"closed","template":"","meta":{"_seopress_robots_primary_cat":"","_seopress_titles_title":"Quartos do Hotel","_seopress_titles_desc":"Reserve seu quarto no Hotel Ilha Branca Inn. localizado a 50m da Praia de Jo\u00e3o Fernandes, para curtir as f\u00e9rias em B\u00fazios com conforto e divers\u00e3o.","_seopress_robots_index":"","_joinchat":[],"footnotes":""},"folder":[],"class_list":["post-748","page","type-page","status-publish","hentry"],"_links":{"self":[{"href":"https:\/\/hotelilhabranca.com\/en\/wp-json\/wp\/v2\/pages\/748","targetHints":{"allow":["GET"]}}],"collection":[{"href":"https:\/\/hotelilhabranca.com\/en\/wp-json\/wp\/v2\/pages"}],"about":[{"href":"https:\/\/hotelilhabranca.com\/en\/wp-json\/wp\/v2\/types\/page"}],"author":[{"embeddable":true,"href":"https:\/\/hotelilhabranca.com\/en\/wp-json\/wp\/v2\/users\/2"}],"replies":[{"embeddable":true,"href":"https:\/\/hotelilhabranca.com\/en\/wp-json\/wp\/v2\/comments?post=748"}],"version-history":[{"count":0,"href":"https:\/\/hotelilhabranca.com\/en\/wp-json\/wp\/v2\/pages\/748\/revisions"}],"wp:attachment":[{"href":"https:\/\/hotelilhabranca.com\/en\/wp-json\/wp\/v2\/media?parent=748"}],"wp:term":[{"taxonomy":"folder","embeddable":true,"href":"https:\/\/hotelilhabranca.com\/en\/wp-json\/wp\/v2\/folder?post=748"}],"curies":[{"name":"wp","href":"https:\/\/api.w.org\/{rel}","templated":true}]}}