{"id":4013,"date":"2023-02-27T16:12:25","date_gmt":"2023-02-27T19:12:25","guid":{"rendered":"http:\/\/hotelilhabranca.com\/?page_id=4013"},"modified":"2025-11-06T14:13:17","modified_gmt":"2025-11-06T17:13:17","slug":"spa","status":"publish","type":"page","link":"https:\/\/hotelilhabranca.com\/en\/spa\/","title":{"rendered":"Spa"},"content":{"rendered":"<style>.elementor-4013 .elementor-element.elementor-element-2bea68e7{--display:flex;--flex-direction:column;--container-widget-width:100%;--container-widget-height:initial;--container-widget-flex-grow:0;--container-widget-align-self:initial;--flex-wrap-mobile:wrap;--overlay-opacity:0.5;--margin-top:0px;--margin-bottom:0px;--margin-left:0px;--margin-right:0px;--padding-top:13rem;--padding-bottom:6rem;--padding-left:1rem;--padding-right:1rem;}.elementor-4013 .elementor-element.elementor-element-2bea68e7::before, .elementor-4013 .elementor-element.elementor-element-2bea68e7 > .elementor-background-video-container::before, .elementor-4013 .elementor-element.elementor-element-2bea68e7 > .e-con-inner > .elementor-background-video-container::before, .elementor-4013 .elementor-element.elementor-element-2bea68e7 > .elementor-background-slideshow::before, .elementor-4013 .elementor-element.elementor-element-2bea68e7 > .e-con-inner > .elementor-background-slideshow::before, .elementor-4013 .elementor-element.elementor-element-2bea68e7 > .elementor-motion-effects-container > .elementor-motion-effects-layer::before{background-color:var( --e-global-color-secondary );--background-overlay:'';}.elementor-4013 .elementor-element.elementor-element-4edfe7f2{--display:flex;}.elementor-4013 .elementor-element.elementor-element-4edfe7f2.e-con{--flex-grow:0;--flex-shrink:0;}.elementor-4013 .elementor-element.elementor-element-5e1f9e8e{width:var( --container-widget-width, 111.157% );max-width:111.157%;--container-widget-width:111.157%;--container-widget-flex-grow:0;}.elementor-4013 .elementor-element.elementor-element-5e1f9e8e.elementor-element{--flex-grow:0;--flex-shrink:0;}.elementor-4013 .elementor-element.elementor-element-5e1f9e8e .elementor-heading-title{font-size:33px;color:#FFFFFF;}.elementor-4013 .elementor-element.elementor-element-618f77a8 .elementor-icon-list-items:not(.elementor-inline-items) .elementor-icon-list-item:not(:last-child){padding-block-end:calc(20px\/2);}.elementor-4013 .elementor-element.elementor-element-618f77a8 .elementor-icon-list-items:not(.elementor-inline-items) .elementor-icon-list-item:not(:first-child){margin-block-start:calc(20px\/2);}.elementor-4013 .elementor-element.elementor-element-618f77a8 .elementor-icon-list-items.elementor-inline-items .elementor-icon-list-item{margin-inline:calc(20px\/2);}.elementor-4013 .elementor-element.elementor-element-618f77a8 .elementor-icon-list-items.elementor-inline-items{margin-inline:calc(-20px\/2);}.elementor-4013 .elementor-element.elementor-element-618f77a8 .elementor-icon-list-items.elementor-inline-items .elementor-icon-list-item:after{inset-inline-end:calc(-20px\/2);}.elementor-4013 .elementor-element.elementor-element-618f77a8 .elementor-icon-list-icon i{color:var( --e-global-color-primary );transition:color 0.3s;}.elementor-4013 .elementor-element.elementor-element-618f77a8 .elementor-icon-list-icon svg{fill:var( --e-global-color-primary );transition:fill 0.3s;}.elementor-4013 .elementor-element.elementor-element-618f77a8{--e-icon-list-icon-size:14px;--icon-vertical-offset:0px;}.elementor-4013 .elementor-element.elementor-element-618f77a8 .elementor-icon-list-icon{padding-inline-end:10px;}.elementor-4013 .elementor-element.elementor-element-618f77a8 .elementor-icon-list-text{color:var( --e-global-color-primary );transition:color 0.3s;}.elementor-4013 .elementor-element.elementor-element-618f77a8 .elementor-icon-list-item:hover .elementor-icon-list-text{color:var( --e-global-color-accent );}.elementor-4013 .elementor-element.elementor-element-5fd804de{--display:flex;--flex-direction:row;--container-widget-width:initial;--container-widget-height:100%;--container-widget-flex-grow:1;--container-widget-align-self:stretch;--flex-wrap-mobile:wrap;--gap:0px 0px;--row-gap:0px;--column-gap:0px;--margin-top:0px;--margin-bottom:0px;--margin-left:0px;--margin-right:0px;--padding-top:6em;--padding-bottom:6em;--padding-left:1em;--padding-right:1em;}.elementor-4013 .elementor-element.elementor-element-4ced5b6b{--display:flex;--margin-top:0px;--margin-bottom:0px;--margin-left:0px;--margin-right:0px;--padding-top:0px;--padding-bottom:0px;--padding-left:0px;--padding-right:0px;}.elementor-4013 .elementor-element.elementor-element-4ced5b6b.e-con{--flex-grow:0;--flex-shrink:0;}.elementor-4013 .elementor-element.elementor-element-90b49ea{--display:flex;--min-height:515px;}.elementor-4013 .elementor-element.elementor-element-90b49ea .elementor-background-slideshow__slide__image{background-size:cover;}.elementor-4013 .elementor-element.elementor-element-5c23403e{--display:flex;--margin-top:0px;--margin-bottom:0px;--margin-left:0px;--margin-right:0px;--padding-top:0em;--padding-bottom:0em;--padding-left:4em;--padding-right:0em;}.elementor-4013 .elementor-element.elementor-element-2fa254c8{--display:flex;--margin-top:0px;--margin-bottom:0px;--margin-left:0px;--margin-right:0px;--padding-top:0em;--padding-bottom:1em;--padding-left:0em;--padding-right:0em;}.elementor-4013 .elementor-element.elementor-element-7ecbb3e4 .elementskit-accordion.accoedion-primary .elementskit-card .elementskit-card-header>.elementskit-btn-link[aria-expanded=\"true\"], .elementor-4013 .elementor-element.elementor-element-7ecbb3e4 .elementskit-accordion .elementskit-card-header>.elementskit-btn-link[aria-expanded=true], .elementor-4013 .elementor-element.elementor-element-7ecbb3e4 .elementskit-accordion.floating-style .elementskit-card .elementskit-btn-link[aria-expanded=\"true\"]{background-color:var( --e-global-color-secondary );}.elementor-4013 .elementor-element.elementor-element-7ecbb3e4 .elementskit-accordion .elementskit-card .elementskit-card-header>.elementskit-btn-link[aria-expanded=\"true\"]{color:var( --e-global-color-primary );}.elementor-4013 .elementor-element.elementor-element-7ecbb3e4 .elementskit-accordion.curve-shape .elementskit-card-header>.elementskit-btn-link[aria-expanded=true]{color:var( --e-global-color-primary );}.elementor-4013 .elementor-element.elementor-element-7ecbb3e4 .elementskit-accordion .elementskit-card-header>.elementskit-btn-link{color:var( --e-global-color-secondary );}.elementor-4013 .elementor-element.elementor-element-7ecbb3e4 .elementskit-accordion .elementskit-card-body{border-radius:0px 0px 0px 0px;padding:18px 32px 18px 32px;}:root{--page-title-display:none;}@media(min-width:768px){.elementor-4013 .elementor-element.elementor-element-4edfe7f2{--width:85.883%;}.elementor-4013 .elementor-element.elementor-element-4ced5b6b{--width:36.412%;}.elementor-4013 .elementor-element.elementor-element-5c23403e{--width:70%;}}@media(max-width:1024px) and (min-width:768px){.elementor-4013 .elementor-element.elementor-element-4ced5b6b{--width:100%;}.elementor-4013 .elementor-element.elementor-element-5c23403e{--width:100%;}}@media(max-width:1024px){.elementor-4013 .elementor-element.elementor-element-5fd804de{--flex-direction:column-reverse;--container-widget-width:100%;--container-widget-height:initial;--container-widget-flex-grow:0;--container-widget-align-self:initial;--flex-wrap-mobile:wrap;}.elementor-4013 .elementor-element.elementor-element-5c23403e{--padding-top:0em;--padding-bottom:2em;--padding-left:0em;--padding-right:0em;}}<\/style>\t\t<div data-elementor-type=\"wp-page\" data-elementor-id=\"4013\" class=\"elementor elementor-4013\" data-elementor-post-type=\"page\">\n\t\t\t\t<div data-particle_enable=\"false\" data-particle-mobile-disabled=\"false\" class=\"elementor-element elementor-element-2bea68e7 e-flex e-con-boxed e-con e-parent\" data-id=\"2bea68e7\" data-element_type=\"container\" data-settings=\"{&quot;background_background&quot;:&quot;video&quot;,&quot;background_video_link&quot;:&quot;https:\\\/\\\/youtu.be\\\/WSIBr4xrrlQ&quot;,&quot;background_video_start&quot;:10,&quot;background_video_end&quot;:40,&quot;background_play_on_mobile&quot;:&quot;yes&quot;,&quot;background_privacy_mode&quot;:&quot;yes&quot;}\">\n\t\t\t\t\t<div class=\"e-con-inner\">\n\t\t<div class=\"elementor-background-video-container\" aria-hidden=\"true\">\n\t\t\t\t\t\t\t<div class=\"elementor-background-video-embed\"><\/div>\n\t\t\t\t\t\t<\/div><div data-particle_enable=\"false\" data-particle-mobile-disabled=\"false\" class=\"elementor-element elementor-element-4edfe7f2 e-con-full e-flex e-con e-child\" data-id=\"4edfe7f2\" data-element_type=\"container\">\n\t\t\t\t<div class=\"elementor-element elementor-element-5e1f9e8e elementor-widget__width-initial elementor-invisible elementor-widget elementor-widget-heading\" data-id=\"5e1f9e8e\" data-element_type=\"widget\" data-settings=\"{&quot;_animation&quot;:&quot;fadeInUp&quot;}\" data-widget_type=\"heading.default\">\n\t\t\t\t<div class=\"elementor-widget-container\">\n\t\t\t\t\t<h2 class=\"elementor-heading-title elementor-size-default\">Ilha Branca SPA<\/h2>\t\t\t\t<\/div>\n\t\t\t\t<\/div>\n\t\t\t\t<div class=\"elementor-element elementor-element-618f77a8 elementor-icon-list--layout-inline elementor-list-item-link-full_width elementor-widget elementor-widget-icon-list\" data-id=\"618f77a8\" data-element_type=\"widget\" data-widget_type=\"icon-list.default\">\n\t\t\t\t<div class=\"elementor-widget-container\">\n\t\t\t\t\t\t\t<ul class=\"elementor-icon-list-items elementor-inline-items\">\n\t\t\t\t\t\t\t<li class=\"elementor-icon-list-item elementor-inline-item\">\n\t\t\t\t\t\t\t\t\t\t\t<a href=\"#\">\n\n\t\t\t\t\t\t\t\t\t\t\t<span class=\"elementor-icon-list-text\">Home page<\/span>\n\t\t\t\t\t\t\t\t\t\t\t<\/a>\n\t\t\t\t\t\t\t\t\t<\/li>\n\t\t\t\t\t\t\t\t<li class=\"elementor-icon-list-item elementor-inline-item\">\n\t\t\t\t\t\t\t\t\t\t\t<a href=\"#\">\n\n\t\t\t\t\t\t\t\t\t\t\t\t<span class=\"elementor-icon-list-icon\">\n\t\t\t\t\t\t\t<i aria-hidden=\"true\" class=\"icon icon-right-arrow\"><\/i>\t\t\t\t\t\t<\/span>\n\t\t\t\t\t\t\t\t\t\t<span class=\"elementor-icon-list-text\">Ilha Branca SPA<\/span>\n\t\t\t\t\t\t\t\t\t\t\t<\/a>\n\t\t\t\t\t\t\t\t\t<\/li>\n\t\t\t\t\t\t<\/ul>\n\t\t\t\t\t\t<\/div>\n\t\t\t\t<\/div>\n\t\t\t\t<\/div>\n\t\t\t\t\t<\/div>\n\t\t\t\t<\/div>\n\t\t<div data-particle_enable=\"false\" data-particle-mobile-disabled=\"false\" class=\"elementor-element elementor-element-5fd804de e-flex e-con-boxed e-con e-parent\" data-id=\"5fd804de\" data-element_type=\"container\">\n\t\t\t\t\t<div class=\"e-con-inner\">\n\t\t<div data-particle_enable=\"false\" data-particle-mobile-disabled=\"false\" class=\"elementor-element elementor-element-4ced5b6b e-con-full e-flex e-con e-child\" data-id=\"4ced5b6b\" data-element_type=\"container\">\n\t\t<div data-particle_enable=\"false\" data-particle-mobile-disabled=\"false\" class=\"elementor-element elementor-element-90b49ea e-con-full e-flex e-con e-child\" data-id=\"90b49ea\" data-element_type=\"container\" data-settings=\"{&quot;background_background&quot;:&quot;slideshow&quot;,&quot;background_slideshow_gallery&quot;:[{&quot;id&quot;:2524,&quot;url&quot;:&quot;https:\\\/\\\/hotelilhabranca.com\\\/wp-content\\\/uploads\\\/2022\\\/08\\\/Camada-8.png&quot;},{&quot;id&quot;:2523,&quot;url&quot;:&quot;https:\\\/\\\/hotelilhabranca.com\\\/wp-content\\\/uploads\\\/2022\\\/08\\\/Camada-7.png&quot;},{&quot;id&quot;:364,&quot;url&quot;:&quot;https:\\\/\\\/hotelilhabranca.com\\\/wp-content\\\/uploads\\\/2021\\\/11\\\/IMG_7854-compressed-scaled.jpg&quot;},{&quot;id&quot;:338,&quot;url&quot;:&quot;https:\\\/\\\/hotelilhabranca.com\\\/wp-content\\\/uploads\\\/2021\\\/11\\\/IMG_7792-compressed-1-scaled.jpg&quot;}],&quot;background_slideshow_slide_duration&quot;:3000,&quot;background_slideshow_loop&quot;:&quot;yes&quot;,&quot;background_slideshow_slide_transition&quot;:&quot;fade&quot;,&quot;background_slideshow_transition_duration&quot;:500}\">\n\t\t\t\t<\/div>\n\t\t\t\t<\/div>\n\t\t<div data-particle_enable=\"false\" data-particle-mobile-disabled=\"false\" class=\"elementor-element elementor-element-5c23403e e-con-full e-flex e-con e-child\" data-id=\"5c23403e\" data-element_type=\"container\">\n\t\t<div data-particle_enable=\"false\" data-particle-mobile-disabled=\"false\" class=\"elementor-element elementor-element-2fa254c8 e-con-full e-flex e-con e-child\" data-id=\"2fa254c8\" data-element_type=\"container\">\n\t\t\t\t<div class=\"elementor-element elementor-element-51452523 elementor-widget elementor-widget-heading\" data-id=\"51452523\" data-element_type=\"widget\" data-widget_type=\"heading.default\">\n\t\t\t\t<div class=\"elementor-widget-container\">\n\t\t\t\t\t<h2 class=\"elementor-heading-title elementor-size-default\">ILHA BRANCA SPA\n<\/h2>\t\t\t\t<\/div>\n\t\t\t\t<\/div>\n\t\t\t\t<div class=\"elementor-element elementor-element-35e78e90 elementor-widget elementor-widget-text-editor\" data-id=\"35e78e90\" data-element_type=\"widget\" data-widget_type=\"text-editor.default\">\n\t\t\t\t<div class=\"elementor-widget-container\">\n\t\t\t\t\t\t\t\t\t<p>Welcome to Ilha Branca Spa, your private oasis of tranquility at the Hotel Ilha Branca Inn. Amidst the vibrant energy and sunny days of B\u00fazios, we have created a refuge designed exclusively to balance your body and mind. We understand that the perfect trip calls for a pause for self-care, whether to relax after a day at the beach or for a moment of pure disconnection. We offer a curated selection of treatments and massages that promote deep relaxation and complete renewal.<\/p><p>Here, a good massage is a health tool that goes far beyond simple rest. Our treatments are designed by specialized therapists to relieve muscle tension, reactivate circulation, strengthen the immune system, and dissolve accumulated stress. Allow yourself this pause and feel your body revitalized, with recharged energies to enjoy the best of B\u00fazios.<\/p>\t\t\t\t\t\t\t\t<\/div>\n\t\t\t\t<\/div>\n\t\t\t\t<div class=\"elementor-element elementor-element-7ecbb3e4 elementor-invisible elementor-widget elementor-widget-elementskit-accordion\" data-id=\"7ecbb3e4\" data-element_type=\"widget\" data-settings=\"{&quot;_animation&quot;:&quot;fadeInLeft&quot;}\" data-widget_type=\"elementskit-accordion.default\">\n\t\t\t\t<div class=\"elementor-widget-container\">\n\t\t\t\t\t<div class=\"ekit-wid-con\" >\n        <div class=\"elementskit-accordion accoedion-primary\" id=\"accordion-69e3d3b45ff2d\">\n\n            \n                <div class=\"elementskit-card active\">\n                    <div class=\"elementskit-card-header\" id=\"primaryHeading-0-7ecbb3e4\">\n                        <a href=\"#collapse-8bd03d269e3d3b45ff2d\" class=\"ekit-accordion--toggler elementskit-btn-link collapsed\" data-ekit-toggle=\"collapse\" data-target=\"#Collapse-8bd03d269e3d3b45ff2d\" aria-expanded=\"true\" aria-controls=\"Collapse-8bd03d269e3d3b45ff2d\">\n                            \n                            <span class=\"ekit-accordion-title\">Bamboo therapy<\/span>\n\n                            \n                                <div class=\"ekit_accordion_icon_group\">\n                                    <div class=\"ekit_accordion_normal_icon\">\n                                        <!-- Normal Icon -->\n\t\t\t\t\t\t\t\t\t\t<i class=\"icon icon-down-arrow1\"><\/i>                                    <\/div>\n\n                                    <div class=\"ekit_accordion_active_icon\">\n                                        <!-- Active Icon -->\n\t\t\t\t\t\t\t\t\t\t<i class=\"icon icon-up-arrow\"><\/i>                                    <\/div>\n                                <\/div>\n\n                            \n                                                    <\/a>\n                    <\/div>\n\n                    <div id=\"Collapse-8bd03d269e3d3b45ff2d\" class=\"show collapse\" aria-labelledby=\"primaryHeading-0-7ecbb3e4\" data-parent=\"#accordion-69e3d3b45ff2d\">\n\n                        <div class=\"elementskit-card-body ekit-accordion--content\">\n                            <div class=\"elementor-toggle-item\"><div class=\"elementor-tab-content elementor-clearfix elementor-active\"><p>Bamboo massage that helps with relaxation, improves blood circulation, increases oxygenation and cellular nutrition, relieves stress, detoxifies and drains.<\/p><p>Duration: 50 minutes<\/p><\/div><\/div>                        <\/div>\n\n                    <\/div>\n\n                <\/div><!-- .elementskit-card END -->\n\n                \n                <div class=\"elementskit-card\">\n                    <div class=\"elementskit-card-header\" id=\"primaryHeading-1-7ecbb3e4\">\n                        <a href=\"#collapse-1475d8469e3d3b45ff2d\" class=\"ekit-accordion--toggler elementskit-btn-link collapsed\" data-ekit-toggle=\"collapse\" data-target=\"#Collapse-1475d8469e3d3b45ff2d\" aria-expanded=\"false\" aria-controls=\"Collapse-1475d8469e3d3b45ff2d\">\n                            \n                            <span class=\"ekit-accordion-title\">Relax Couple<\/span>\n\n                            \n                                <div class=\"ekit_accordion_icon_group\">\n                                    <div class=\"ekit_accordion_normal_icon\">\n                                        <!-- Normal Icon -->\n\t\t\t\t\t\t\t\t\t\t<i class=\"icon icon-down-arrow1\"><\/i>                                    <\/div>\n\n                                    <div class=\"ekit_accordion_active_icon\">\n                                        <!-- Active Icon -->\n\t\t\t\t\t\t\t\t\t\t<i class=\"icon icon-up-arrow\"><\/i>                                    <\/div>\n                                <\/div>\n\n                            \n                                                    <\/a>\n                    <\/div>\n\n                    <div id=\"Collapse-1475d8469e3d3b45ff2d\" class=\"collapse\" aria-labelledby=\"primaryHeading-1-7ecbb3e4\" data-parent=\"#accordion-69e3d3b45ff2d\">\n\n                        <div class=\"elementskit-card-body ekit-accordion--content\">\n                            <p>Description: Body and facial exfoliation, hand and foot spa, facial mask, integrated massage, and foot reflexology. Promotes the removal of dead cells, nourishes the skin, relieves physical and emotional pain, and balances body and mind, finishing with a personalized tasting.<\/p><p>Price: On request<\/p>                        <\/div>\n\n                    <\/div>\n\n                <\/div><!-- .elementskit-card END -->\n\n                \n                <div class=\"elementskit-card\">\n                    <div class=\"elementskit-card-header\" id=\"primaryHeading-2-7ecbb3e4\">\n                        <a href=\"#collapse-cb0110a69e3d3b45ff2d\" class=\"ekit-accordion--toggler elementskit-btn-link collapsed\" data-ekit-toggle=\"collapse\" data-target=\"#Collapse-cb0110a69e3d3b45ff2d\" aria-expanded=\"false\" aria-controls=\"Collapse-cb0110a69e3d3b45ff2d\">\n                            \n                            <span class=\"ekit-accordion-title\">Lymphatic Drainage<\/span>\n\n                            \n                                <div class=\"ekit_accordion_icon_group\">\n                                    <div class=\"ekit_accordion_normal_icon\">\n                                        <!-- Normal Icon -->\n\t\t\t\t\t\t\t\t\t\t<i class=\"icon icon-down-arrow1\"><\/i>                                    <\/div>\n\n                                    <div class=\"ekit_accordion_active_icon\">\n                                        <!-- Active Icon -->\n\t\t\t\t\t\t\t\t\t\t<i class=\"icon icon-up-arrow\"><\/i>                                    <\/div>\n                                <\/div>\n\n                            \n                                                    <\/a>\n                    <\/div>\n\n                    <div id=\"Collapse-cb0110a69e3d3b45ff2d\" class=\"collapse\" aria-labelledby=\"primaryHeading-2-7ecbb3e4\" data-parent=\"#accordion-69e3d3b45ff2d\">\n\n                        <div class=\"elementskit-card-body ekit-accordion--content\">\n                            <p>Description: Massage technique with gentle movements that work the lymphatic system, indicated to reduce fluid retention in the body.<\/p><p>Duration: 1h20min<\/p>                        <\/div>\n\n                    <\/div>\n\n                <\/div><!-- .elementskit-card END -->\n\n                \n                <div class=\"elementskit-card\">\n                    <div class=\"elementskit-card-header\" id=\"primaryHeading-3-7ecbb3e4\">\n                        <a href=\"#collapse-2f932f369e3d3b45ff2d\" class=\"ekit-accordion--toggler elementskit-btn-link collapsed\" data-ekit-toggle=\"collapse\" data-target=\"#Collapse-2f932f369e3d3b45ff2d\" aria-expanded=\"false\" aria-controls=\"Collapse-2f932f369e3d3b45ff2d\">\n                            \n                            <span class=\"ekit-accordion-title\">Day Detox<\/span>\n\n                            \n                                <div class=\"ekit_accordion_icon_group\">\n                                    <div class=\"ekit_accordion_normal_icon\">\n                                        <!-- Normal Icon -->\n\t\t\t\t\t\t\t\t\t\t<i class=\"icon icon-down-arrow1\"><\/i>                                    <\/div>\n\n                                    <div class=\"ekit_accordion_active_icon\">\n                                        <!-- Active Icon -->\n\t\t\t\t\t\t\t\t\t\t<i class=\"icon icon-up-arrow\"><\/i>                                    <\/div>\n                                <\/div>\n\n                            \n                                                    <\/a>\n                    <\/div>\n\n                    <div id=\"Collapse-2f932f369e3d3b45ff2d\" class=\"collapse\" aria-labelledby=\"primaryHeading-3-7ecbb3e4\" data-parent=\"#accordion-69e3d3b45ff2d\">\n\n                        <div class=\"elementskit-card-body ekit-accordion--content\">\n                            <p>Description: Lymphatic drainage, shaping massage, nutraceuticals and clay therapy, with tea tasting.<\/p><p>Duration: Approximately 1h30min<\/p>                        <\/div>\n\n                    <\/div>\n\n                <\/div><!-- .elementskit-card END -->\n\n                                        <\/div>\n    <\/div>\t\t\t\t<\/div>\n\t\t\t\t<\/div>\n\t\t\t\t<\/div>\n\t\t\t\t<\/div>\n\t\t\t\t\t<\/div>\n\t\t\t\t<\/div>\n\t\t\t\t<\/div>","protected":false},"excerpt":{"rendered":"<p>Ilha Branca SPA Inicio Ilha Branca SPA ILHA BRANCA SPA Bem-vindo ao Ilha Branca Spa, o seu o\u00e1sis particular de tranquilidade no Hotel Ilha Branca Inn. Em meio \u00e0 energia vibrante e aos dias ensolarados de B\u00fazios, criamos um ref\u00fagio pensado exclusivamente para equilibrar seu corpo e mente. Entendemos que a viagem perfeita pede uma [&hellip;]<\/p>","protected":false},"author":2,"featured_media":0,"parent":0,"menu_order":0,"comment_status":"closed","ping_status":"closed","template":"elementor_header_footer","meta":{"_seopress_robots_primary_cat":"","_seopress_titles_title":"","_seopress_titles_desc":"","_seopress_robots_index":"","_joinchat":[],"footnotes":""},"folder":[],"class_list":["post-4013","page","type-page","status-publish","hentry"],"_links":{"self":[{"href":"https:\/\/hotelilhabranca.com\/en\/wp-json\/wp\/v2\/pages\/4013","targetHints":{"allow":["GET"]}}],"collection":[{"href":"https:\/\/hotelilhabranca.com\/en\/wp-json\/wp\/v2\/pages"}],"about":[{"href":"https:\/\/hotelilhabranca.com\/en\/wp-json\/wp\/v2\/types\/page"}],"author":[{"embeddable":true,"href":"https:\/\/hotelilhabranca.com\/en\/wp-json\/wp\/v2\/users\/2"}],"replies":[{"embeddable":true,"href":"https:\/\/hotelilhabranca.com\/en\/wp-json\/wp\/v2\/comments?post=4013"}],"version-history":[{"count":0,"href":"https:\/\/hotelilhabranca.com\/en\/wp-json\/wp\/v2\/pages\/4013\/revisions"}],"wp:attachment":[{"href":"https:\/\/hotelilhabranca.com\/en\/wp-json\/wp\/v2\/media?parent=4013"}],"wp:term":[{"taxonomy":"folder","embeddable":true,"href":"https:\/\/hotelilhabranca.com\/en\/wp-json\/wp\/v2\/folder?post=4013"}],"curies":[{"name":"wp","href":"https:\/\/api.w.org\/{rel}","templated":true}]}}