{"id":10581,"date":"2025-07-10T10:42:27","date_gmt":"2025-07-10T13:42:27","guid":{"rendered":"https:\/\/hotelilhabranca.com\/?page_id=10581"},"modified":"2026-02-12T10:41:06","modified_gmt":"2026-02-12T13:41:06","slug":"servicos","status":"publish","type":"page","link":"https:\/\/hotelilhabranca.com\/en\/servicos\/","title":{"rendered":"SERVI\u00c7OS ILHA BRANCA CENTRO"},"content":{"rendered":"<style>.elementor-10581 .elementor-element.elementor-element-1694243b{--display:flex;--flex-direction:column;--container-widget-width:100%;--container-widget-height:initial;--container-widget-flex-grow:0;--container-widget-align-self:initial;--flex-wrap-mobile:wrap;--overlay-opacity:0.5;--margin-top:0px;--margin-bottom:0px;--margin-left:0px;--margin-right:0px;--padding-top:13rem;--padding-bottom:6rem;--padding-left:1rem;--padding-right:1rem;}.elementor-10581 .elementor-element.elementor-element-1694243b::before, .elementor-10581 .elementor-element.elementor-element-1694243b > .elementor-background-video-container::before, .elementor-10581 .elementor-element.elementor-element-1694243b > .e-con-inner > .elementor-background-video-container::before, .elementor-10581 .elementor-element.elementor-element-1694243b > .elementor-background-slideshow::before, .elementor-10581 .elementor-element.elementor-element-1694243b > .e-con-inner > .elementor-background-slideshow::before, .elementor-10581 .elementor-element.elementor-element-1694243b > .elementor-motion-effects-container > .elementor-motion-effects-layer::before{background-color:var( --e-global-color-secondary );--background-overlay:'';}.elementor-10581 .elementor-element.elementor-element-1bca7224{--display:flex;}.elementor-10581 .elementor-element.elementor-element-1bca7224.e-con{--flex-grow:0;--flex-shrink:0;}.elementor-10581 .elementor-element.elementor-element-3a749342{width:var( --container-widget-width, 111.157% );max-width:111.157%;--container-widget-width:111.157%;--container-widget-flex-grow:0;}.elementor-10581 .elementor-element.elementor-element-3a749342.elementor-element{--flex-grow:0;--flex-shrink:0;}.elementor-10581 .elementor-element.elementor-element-3a749342 .elementor-heading-title{font-size:33px;color:#FFFFFF;}.elementor-10581 .elementor-element.elementor-element-17e2bfb6 .elementor-icon-list-items:not(.elementor-inline-items) .elementor-icon-list-item:not(:last-child){padding-block-end:calc(20px\/2);}.elementor-10581 .elementor-element.elementor-element-17e2bfb6 .elementor-icon-list-items:not(.elementor-inline-items) .elementor-icon-list-item:not(:first-child){margin-block-start:calc(20px\/2);}.elementor-10581 .elementor-element.elementor-element-17e2bfb6 .elementor-icon-list-items.elementor-inline-items .elementor-icon-list-item{margin-inline:calc(20px\/2);}.elementor-10581 .elementor-element.elementor-element-17e2bfb6 .elementor-icon-list-items.elementor-inline-items{margin-inline:calc(-20px\/2);}.elementor-10581 .elementor-element.elementor-element-17e2bfb6 .elementor-icon-list-items.elementor-inline-items .elementor-icon-list-item:after{inset-inline-end:calc(-20px\/2);}.elementor-10581 .elementor-element.elementor-element-17e2bfb6 .elementor-icon-list-icon i{color:var( --e-global-color-primary );transition:color 0.3s;}.elementor-10581 .elementor-element.elementor-element-17e2bfb6 .elementor-icon-list-icon svg{fill:var( --e-global-color-primary );transition:fill 0.3s;}.elementor-10581 .elementor-element.elementor-element-17e2bfb6{--e-icon-list-icon-size:14px;--icon-vertical-offset:0px;}.elementor-10581 .elementor-element.elementor-element-17e2bfb6 .elementor-icon-list-icon{padding-inline-end:10px;}.elementor-10581 .elementor-element.elementor-element-17e2bfb6 .elementor-icon-list-text{color:var( --e-global-color-primary );transition:color 0.3s;}.elementor-10581 .elementor-element.elementor-element-17e2bfb6 .elementor-icon-list-item:hover .elementor-icon-list-text{color:var( --e-global-color-accent );}.elementor-10581 .elementor-element.elementor-element-1a388d8{--display:flex;--flex-direction:row;--container-widget-width:initial;--container-widget-height:100%;--container-widget-flex-grow:1;--container-widget-align-self:stretch;--flex-wrap-mobile:wrap;--gap:0px 0px;--row-gap:0px;--column-gap:0px;--flex-wrap:wrap;}.elementor-10581 .elementor-element.elementor-element-bba61c7{--display:flex;--flex-direction:column;--container-widget-width:100%;--container-widget-height:initial;--container-widget-flex-grow:0;--container-widget-align-self:initial;--flex-wrap-mobile:wrap;}.elementor-10581 .elementor-element.elementor-element-1f1060b .elementor-cta .elementor-cta__bg, .elementor-10581 .elementor-element.elementor-element-1f1060b .elementor-cta .elementor-cta__bg-overlay{transition-duration:1500ms;}.elementor-10581 .elementor-element.elementor-element-1f1060b > .elementor-widget-container{margin:0px 0px 0px 0px;padding:0px 0px 0px 0px;}.elementor-10581 .elementor-element.elementor-element-1f1060b .elementor-cta__content{min-height:140px;text-align:left;padding:12px 0px 10px 14px;}.elementor-10581 .elementor-element.elementor-element-1f1060b .elementor-cta__bg-wrapper{min-width:0px;}.elementor-10581 .elementor-element.elementor-element-1f1060b .elementor-cta__title:not(:last-child){margin-bottom:4px;}.elementor-10581 .elementor-element.elementor-element-1f1060b .elementor-cta__description{font-size:13px;}.elementor-10581 .elementor-element.elementor-element-1f1060b .elementor-cta__description:not(:last-child){margin-bottom:8px;}.elementor-10581 .elementor-element.elementor-element-0d5849f{--display:flex;--flex-direction:column;--container-widget-width:100%;--container-widget-height:initial;--container-widget-flex-grow:0;--container-widget-align-self:initial;--flex-wrap-mobile:wrap;}.elementor-10581 .elementor-element.elementor-element-780ba4a .elementor-cta .elementor-cta__bg, .elementor-10581 .elementor-element.elementor-element-780ba4a .elementor-cta .elementor-cta__bg-overlay{transition-duration:1500ms;}.elementor-10581 .elementor-element.elementor-element-780ba4a > .elementor-widget-container{margin:0px 0px 0px 0px;padding:0px 0px 0px 0px;}.elementor-10581 .elementor-element.elementor-element-780ba4a .elementor-cta__content{min-height:140px;text-align:left;padding:12px 0px 10px 14px;}.elementor-10581 .elementor-element.elementor-element-780ba4a .elementor-cta__bg-wrapper{min-width:0px;}.elementor-10581 .elementor-element.elementor-element-780ba4a .elementor-cta__title:not(:last-child){margin-bottom:4px;}.elementor-10581 .elementor-element.elementor-element-780ba4a .elementor-cta__description{font-size:13px;}.elementor-10581 .elementor-element.elementor-element-780ba4a .elementor-cta__description:not(:last-child){margin-bottom:8px;}.elementor-10581 .elementor-element.elementor-element-0030f63{--display:flex;--flex-direction:column;--container-widget-width:100%;--container-widget-height:initial;--container-widget-flex-grow:0;--container-widget-align-self:initial;--flex-wrap-mobile:wrap;}.elementor-10581 .elementor-element.elementor-element-7a1e73a .elementor-cta .elementor-cta__bg, .elementor-10581 .elementor-element.elementor-element-7a1e73a .elementor-cta .elementor-cta__bg-overlay{transition-duration:1500ms;}.elementor-10581 .elementor-element.elementor-element-7a1e73a > .elementor-widget-container{margin:0px 0px 0px 0px;padding:0px 0px 0px 0px;}.elementor-10581 .elementor-element.elementor-element-7a1e73a .elementor-cta__content{min-height:140px;text-align:left;padding:12px 0px 10px 14px;}.elementor-10581 .elementor-element.elementor-element-7a1e73a .elementor-cta__bg-wrapper{min-width:0px;}.elementor-10581 .elementor-element.elementor-element-7a1e73a .elementor-cta__title:not(:last-child){margin-bottom:4px;}.elementor-10581 .elementor-element.elementor-element-7a1e73a .elementor-cta__description{font-size:13px;}.elementor-10581 .elementor-element.elementor-element-7a1e73a .elementor-cta__description:not(:last-child){margin-bottom:8px;}:root{--page-title-display:none;}@media(min-width:768px){.elementor-10581 .elementor-element.elementor-element-1bca7224{--width:85.883%;}.elementor-10581 .elementor-element.elementor-element-bba61c7{--width:33.3333%;}.elementor-10581 .elementor-element.elementor-element-0d5849f{--width:33.3333%;}.elementor-10581 .elementor-element.elementor-element-0030f63{--width:33.3333%;}}<\/style>\t\t<div data-elementor-type=\"wp-page\" data-elementor-id=\"10581\" class=\"elementor elementor-10581\" data-elementor-post-type=\"page\">\n\t\t\t\t<div data-particle_enable=\"false\" data-particle-mobile-disabled=\"false\" class=\"elementor-element elementor-element-1694243b e-flex e-con-boxed e-con e-parent\" data-id=\"1694243b\" data-element_type=\"container\" data-settings=\"{&quot;background_background&quot;:&quot;slideshow&quot;,&quot;background_slideshow_gallery&quot;:[{&quot;id&quot;:12780,&quot;url&quot;:&quot;https:\\\/\\\/hotelilhabranca.com\\\/wp-content\\\/uploads\\\/2026\\\/01\\\/Design-sem-nome.gif&quot;},{&quot;id&quot;:12722,&quot;url&quot;:&quot;https:\\\/\\\/hotelilhabranca.com\\\/wp-content\\\/uploads\\\/2026\\\/01\\\/Gemini_Generated_Image_ileo5rileo5rileo.jpg&quot;},{&quot;id&quot;:12724,&quot;url&quot;:&quot;https:\\\/\\\/hotelilhabranca.com\\\/wp-content\\\/uploads\\\/2026\\\/01\\\/ad8efadc-e390-4c1f-9299-50f97efec19a.jpg&quot;}],&quot;background_slideshow_slide_duration&quot;:3000,&quot;background_slideshow_loop&quot;:&quot;yes&quot;,&quot;background_slideshow_slide_transition&quot;:&quot;fade&quot;,&quot;background_slideshow_transition_duration&quot;:500}\">\n\t\t\t\t\t<div class=\"e-con-inner\">\n\t\t<div data-particle_enable=\"false\" data-particle-mobile-disabled=\"false\" class=\"elementor-element elementor-element-1bca7224 e-con-full e-flex e-con e-child\" data-id=\"1bca7224\" data-element_type=\"container\">\n\t\t\t\t<div class=\"elementor-element elementor-element-3a749342 elementor-widget__width-initial elementor-invisible elementor-widget elementor-widget-heading\" data-id=\"3a749342\" data-element_type=\"widget\" data-settings=\"{&quot;_animation&quot;:&quot;fadeInUp&quot;}\" data-widget_type=\"heading.default\">\n\t\t\t\t<div class=\"elementor-widget-container\">\n\t\t\t\t\t<h2 class=\"elementor-heading-title elementor-size-default\">Servi\u00e7os Hotel Ilha Branca Centro<\/h2>\t\t\t\t<\/div>\n\t\t\t\t<\/div>\n\t\t\t\t<div class=\"elementor-element elementor-element-17e2bfb6 elementor-icon-list--layout-inline elementor-list-item-link-full_width elementor-widget elementor-widget-icon-list\" data-id=\"17e2bfb6\" data-element_type=\"widget\" data-widget_type=\"icon-list.default\">\n\t\t\t\t<div class=\"elementor-widget-container\">\n\t\t\t\t\t\t\t<ul class=\"elementor-icon-list-items elementor-inline-items\">\n\t\t\t\t\t\t\t<li class=\"elementor-icon-list-item elementor-inline-item\">\n\t\t\t\t\t\t\t\t\t\t\t<a href=\"https:\/\/hotelilhabranca.com\/en\">\n\n\t\t\t\t\t\t\t\t\t\t\t<span class=\"elementor-icon-list-text\">Home page<\/span>\n\t\t\t\t\t\t\t\t\t\t\t<\/a>\n\t\t\t\t\t\t\t\t\t<\/li>\n\t\t\t\t\t\t\t\t<li class=\"elementor-icon-list-item elementor-inline-item\">\n\t\t\t\t\t\t\t\t\t\t\t<a href=\"#\">\n\n\t\t\t\t\t\t\t\t\t\t\t\t<span class=\"elementor-icon-list-icon\">\n\t\t\t\t\t\t\t<i aria-hidden=\"true\" class=\"icon icon-right-arrow\"><\/i>\t\t\t\t\t\t<\/span>\n\t\t\t\t\t\t\t\t\t\t<span class=\"elementor-icon-list-text\">Servi\u00e7os Hotel Ilha Branca Centro<\/span>\n\t\t\t\t\t\t\t\t\t\t\t<\/a>\n\t\t\t\t\t\t\t\t\t<\/li>\n\t\t\t\t\t\t<\/ul>\n\t\t\t\t\t\t<\/div>\n\t\t\t\t<\/div>\n\t\t\t\t<\/div>\n\t\t\t\t\t<\/div>\n\t\t\t\t<\/div>\n\t\t<div data-particle_enable=\"false\" data-particle-mobile-disabled=\"false\" class=\"elementor-element elementor-element-1a388d8 e-flex e-con-boxed e-con e-parent\" data-id=\"1a388d8\" data-element_type=\"container\">\n\t\t\t\t\t<div class=\"e-con-inner\">\n\t\t<div data-particle_enable=\"false\" data-particle-mobile-disabled=\"false\" class=\"elementor-element elementor-element-bba61c7 e-con-full e-flex e-con e-child\" data-id=\"bba61c7\" data-element_type=\"container\">\n\t\t\t\t<div class=\"elementor-element elementor-element-1f1060b elementor-cta--skin-classic elementor-animated-content elementor-bg-transform elementor-bg-transform-zoom-in elementor-widget elementor-widget-call-to-action\" data-id=\"1f1060b\" data-element_type=\"widget\" data-widget_type=\"call-to-action.default\">\n\t\t\t\t<div class=\"elementor-widget-container\">\n\t\t\t\t\t\t\t<div class=\"elementor-cta\">\n\t\t\t\t\t<div class=\"elementor-cta__bg-wrapper\">\n\t\t\t\t<div class=\"elementor-cta__bg elementor-bg\" style=\"background-image: url(https:\/\/hotelilhabranca.com\/wp-content\/uploads\/2026\/01\/unnamed-1.webp);\" role=\"img\" aria-label=\"Pousada-ilha-branca-centro-caf\u00e9-da-manha\"><\/div>\n\t\t\t\t<div class=\"elementor-cta__bg-overlay\"><\/div>\n\t\t\t<\/div>\n\t\t\t\t\t\t\t<div class=\"elementor-cta__content\">\n\t\t\t\t\n\t\t\t\t\t\t\t\t\t<h2 class=\"elementor-cta__title elementor-cta__content-item elementor-content-item\">\n\t\t\t\t\t\tBreakfast buffet\t\t\t\t\t<\/h2>\n\t\t\t\t\n\t\t\t\t\t\t\t\t\t<div class=\"elementor-cta__description elementor-cta__content-item elementor-content-item\">\n\t\t\t\t\t\tStart your day off right with our full buffet: fresh fruits, assorted breads, cold cuts, juices, and our famous freshly baked cakes.\t\t\t\t\t<\/div>\n\t\t\t\t\n\t\t\t\t\t\t\t\t\t<div class=\"elementor-cta__button-wrapper elementor-cta__content-item elementor-content-item\">\n\t\t\t\t\t<a class=\"elementor-cta__button elementor-button elementor-size-\" href=\"https:\/\/hotelilhabranca.com\/en\/sunset-lounge-guest-house-copy\/\">\n\t\t\t\t\t\tSee More\t\t\t\t\t<\/a>\n\t\t\t\t\t<\/div>\n\t\t\t\t\t\t\t<\/div>\n\t\t\t\t\t\t<\/div>\n\t\t\t\t\t\t<\/div>\n\t\t\t\t<\/div>\n\t\t\t\t<\/div>\n\t\t<div data-particle_enable=\"false\" data-particle-mobile-disabled=\"false\" class=\"elementor-element elementor-element-0d5849f e-con-full e-flex e-con e-child\" data-id=\"0d5849f\" data-element_type=\"container\">\n\t\t\t\t<div class=\"elementor-element elementor-element-780ba4a elementor-cta--skin-classic elementor-animated-content elementor-bg-transform elementor-bg-transform-zoom-in elementor-widget elementor-widget-call-to-action\" data-id=\"780ba4a\" data-element_type=\"widget\" data-widget_type=\"call-to-action.default\">\n\t\t\t\t<div class=\"elementor-widget-container\">\n\t\t\t\t\t\t\t<div class=\"elementor-cta\">\n\t\t\t\t\t<div class=\"elementor-cta__bg-wrapper\">\n\t\t\t\t<div class=\"elementor-cta__bg elementor-bg\" style=\"background-image: url(https:\/\/hotelilhabranca.com\/wp-content\/uploads\/2026\/01\/Gemini_Generated_Image_ileo5rileo5rileo-1024x1024.jpg);\" role=\"img\" aria-label=\"Pousada Ilha Branca Centro - placa\"><\/div>\n\t\t\t\t<div class=\"elementor-cta__bg-overlay\"><\/div>\n\t\t\t<\/div>\n\t\t\t\t\t\t\t<div class=\"elementor-cta__content\">\n\t\t\t\t\n\t\t\t\t\t\t\t\t\t<h2 class=\"elementor-cta__title elementor-cta__content-item elementor-content-item\">\n\t\t\t\t\t\t24h Front Desk\t\t\t\t\t<\/h2>\n\t\t\t\t\n\t\t\t\t\t\t\t\t\t<div class=\"elementor-cta__description elementor-cta__content-item elementor-content-item\">\n\t\t\t\t\t\tOur team is ready to help you with local tips, tour bookings, and the best restaurant recommendations in the downtown area.\t\t\t\t\t<\/div>\n\t\t\t\t\n\t\t\t\t\t\t\t\t\t<div class=\"elementor-cta__button-wrapper elementor-cta__content-item elementor-content-item\">\n\t\t\t\t\t<a class=\"elementor-cta__button elementor-button elementor-size-\" href=\"https:\/\/hotelilhabranca.com\/en\/recepcao-ilha-branca-centro\/\">\n\t\t\t\t\t\tSee More\t\t\t\t\t<\/a>\n\t\t\t\t\t<\/div>\n\t\t\t\t\t\t\t<\/div>\n\t\t\t\t\t\t<\/div>\n\t\t\t\t\t\t<\/div>\n\t\t\t\t<\/div>\n\t\t\t\t<\/div>\n\t\t<div data-particle_enable=\"false\" data-particle-mobile-disabled=\"false\" class=\"elementor-element elementor-element-0030f63 e-con-full e-flex e-con e-child\" data-id=\"0030f63\" data-element_type=\"container\">\n\t\t\t\t<div class=\"elementor-element elementor-element-7a1e73a elementor-cta--skin-classic elementor-animated-content elementor-bg-transform elementor-bg-transform-zoom-in elementor-widget elementor-widget-call-to-action\" data-id=\"7a1e73a\" data-element_type=\"widget\" data-widget_type=\"call-to-action.default\">\n\t\t\t\t<div class=\"elementor-widget-container\">\n\t\t\t\t\t\t\t<div class=\"elementor-cta\">\n\t\t\t\t\t<div class=\"elementor-cta__bg-wrapper\">\n\t\t\t\t<div class=\"elementor-cta__bg elementor-bg\" style=\"background-image: url(https:\/\/hotelilhabranca.com\/wp-content\/uploads\/2023\/03\/WhatsApp-Image-2022-10-07-at-10.59.09-1024x737.png);\" role=\"img\" aria-label=\"WhatsApp Image 2022-10-07 at 10.59.09\"><\/div>\n\t\t\t\t<div class=\"elementor-cta__bg-overlay\"><\/div>\n\t\t\t<\/div>\n\t\t\t\t\t\t\t<div class=\"elementor-cta__content\">\n\t\t\t\t\n\t\t\t\t\t\t\t\t\t<h2 class=\"elementor-cta__title elementor-cta__content-item elementor-content-item\">\n\t\t\t\t\t\tPrivate Transfer\t\t\t\t\t<\/h2>\n\t\t\t\t\n\t\t\t\t\t\t\t\t\t<div class=\"elementor-cta__description elementor-cta__content-item elementor-content-item\">\n\t\t\t\t\t\tMake your arrival and departure even more comfortable and worry-free. We organize your transfer with safety (outsourced service).\t\t\t\t\t<\/div>\n\t\t\t\t\n\t\t\t\t\t\t\t\t\t<div class=\"elementor-cta__button-wrapper elementor-cta__content-item elementor-content-item\">\n\t\t\t\t\t<a class=\"elementor-cta__button elementor-button elementor-size-\" href=\"https:\/\/hotelilhabranca.com\/en\/servicio-de-transfer-privado-desde-el-aeropuerto-al-hotel-ilha-branca-en-armacao-dos-buzios\/\">\n\t\t\t\t\t\tSee More\t\t\t\t\t<\/a>\n\t\t\t\t\t<\/div>\n\t\t\t\t\t\t\t<\/div>\n\t\t\t\t\t\t<\/div>\n\t\t\t\t\t\t<\/div>\n\t\t\t\t<\/div>\n\t\t\t\t<\/div>\n\t\t\t\t\t<\/div>\n\t\t\t\t<\/div>\n\t\t\t\t<\/div>","protected":false},"excerpt":{"rendered":"<p>Servi\u00e7os Hotel Ilha Branca Centro Inicio Servi\u00e7os Hotel Ilha Branca Centro Caf\u00e9 da Manh\u00e3 Comece o dia com o p\u00e9 direito com nosso buffet completo: frutas frescas, p\u00e3es variados, frios, sucos e nossos famosos bolos feitos na hora. Ver Mais Recep\u00e7\u00e3o 24h Nossa equipe est\u00e1 pronta para ajudar voc\u00ea com dicas locais, reservas de passeios [&hellip;]<\/p>","protected":false},"author":2,"featured_media":0,"parent":0,"menu_order":0,"comment_status":"closed","ping_status":"closed","template":"elementor_header_footer","meta":{"_seopress_robots_primary_cat":"","_seopress_titles_title":"","_seopress_titles_desc":"","_seopress_robots_index":"","_joinchat":[],"footnotes":""},"folder":[],"class_list":["post-10581","page","type-page","status-publish","hentry"],"_links":{"self":[{"href":"https:\/\/hotelilhabranca.com\/en\/wp-json\/wp\/v2\/pages\/10581","targetHints":{"allow":["GET"]}}],"collection":[{"href":"https:\/\/hotelilhabranca.com\/en\/wp-json\/wp\/v2\/pages"}],"about":[{"href":"https:\/\/hotelilhabranca.com\/en\/wp-json\/wp\/v2\/types\/page"}],"author":[{"embeddable":true,"href":"https:\/\/hotelilhabranca.com\/en\/wp-json\/wp\/v2\/users\/2"}],"replies":[{"embeddable":true,"href":"https:\/\/hotelilhabranca.com\/en\/wp-json\/wp\/v2\/comments?post=10581"}],"version-history":[{"count":0,"href":"https:\/\/hotelilhabranca.com\/en\/wp-json\/wp\/v2\/pages\/10581\/revisions"}],"wp:attachment":[{"href":"https:\/\/hotelilhabranca.com\/en\/wp-json\/wp\/v2\/media?parent=10581"}],"wp:term":[{"taxonomy":"folder","embeddable":true,"href":"https:\/\/hotelilhabranca.com\/en\/wp-json\/wp\/v2\/folder?post=10581"}],"curies":[{"name":"wp","href":"https:\/\/api.w.org\/{rel}","templated":true}]}}